{"id":4050,"date":"2019-03-13T09:57:48","date_gmt":"2019-03-13T09:57:48","guid":{"rendered":"https:\/\/setup.ismartgate.com\/?page_id=4050"},"modified":"2024-05-21T10:01:34","modified_gmt":"2024-05-21T10:01:34","slug":"unboxing-wireless-sensor-garage","status":"publish","type":"page","link":"https:\/\/setup.ismartgate.com\/tr\/ornek-sayfa\/kablosuz-sensor-garajinin-kutudan-cikarilmasi\/","title":{"rendered":"Kutudan \u00c7\u0131karma - Kablosuz Sens\u00f6r (Garaj)"},"content":{"rendered":"<p><div class=\"fusion-fullwidth fullwidth-box fusion-builder-row-1 nonhundred-percent-fullwidth non-hundred-percent-height-scrolling\" style=\"background-color: rgba(255,255,255,0);background-position: center center;background-repeat: no-repeat;padding-top:0px;padding-right:0px;padding-bottom:0px;padding-left:0px;margin-bottom: 0px;margin-top: 0px;border-width: 0px 0px 0px 0px;border-color:#eae9e9;border-style:solid;\" ><div class=\"fusion-builder-row fusion-row\"><div class=\"fusion-layout-column fusion_builder_column fusion-builder-column-0 fusion_builder_column_1_1 1_1 fusion-one-full fusion-column-first fusion-column-last\" style=\"margin-top:0px;margin-bottom:20px;\"><div class=\"fusion-column-wrapper fusion-flex-column-wrapper-legacy\" style=\"background-position:left top;background-repeat:no-repeat;-webkit-background-size:cover;-moz-background-size:cover;-o-background-size:cover;background-size:cover;padding: 0px 0px 0px 0px;\"><div class=\"fusion-text fusion-text-1\"><h1 style=\"text-align: center;\"><span style=\"color: #009fe1;\">01. Kutudan \u00c7\u0131karma<\/span><\/h1>\n<\/div><div class=\"fusion-text fusion-text-2\"><h2 style=\"text-align: center;\">Kablosuz Sens\u00f6r (Garaj)<\/h2>\n<\/div><div class=\"fusion-sep-clear\"><\/div><div class=\"fusion-separator fusion-full-width-sep\" style=\"margin-left: auto;margin-right: auto;margin-top:5px;margin-bottom:5px;width:100%;\"><\/div><div class=\"fusion-sep-clear\"><\/div><div class=\"fusion-clearfix\"><\/div><\/div><\/div><\/div><\/div><div class=\"fusion-fullwidth fullwidth-box fusion-builder-row-2 nonhundred-percent-fullwidth non-hundred-percent-height-scrolling\" style=\"background-color: rgba(255,255,255,0);background-position: center center;background-repeat: no-repeat;padding-top:0px;padding-right:0px;padding-bottom:0px;padding-left:0px;margin-bottom: 0px;margin-top: 0px;border-width: 0px 0px 0px 0px;border-color:#eae9e9;border-style:solid;\" ><div class=\"fusion-builder-row fusion-row\"><div class=\"fusion-layout-column fusion_builder_column fusion-builder-column-1 fusion_builder_column_1_4 1_4 fusion-one-fourth fusion-column-first\" style=\"width:25%;width:calc(25% - ( ( 4% + 4% + 4% ) * 0.25 ) );margin-right: 4%;margin-top:0px;margin-bottom:20px;\"><div class=\"fusion-column-wrapper fusion-flex-column-wrapper-legacy\" style=\"background-position:left top;background-repeat:no-repeat;-webkit-background-size:cover;-moz-background-size:cover;-o-background-size:cover;background-size:cover;padding: 10px 10px 10px 10px;\"><div class=\"imageframe-align-center\"><span class=\"fusion-imageframe imageframe-none imageframe-1 hover-type-none\" style=\"border-radius:5px;\"><img width=\"180\" height=\"180\" title=\"ismartgate_tilt_sens\u00f6r\u00fc\" src=\"https:\/\/setup.ismartgate.com\/wp-content\/uploads\/2018\/10\/Tilt_OK.png\" alt class=\"img-responsive wp-image-689\"\/><\/span><\/div><div class=\"fusion-text fusion-text-3\"><p style=\"text-align: center;\">Kablosuz Sens\u00f6r (Garaj)<\/p>\n<\/div><div class=\"fusion-clearfix\"><\/div><\/div><\/div><div class=\"fusion-layout-column fusion_builder_column fusion-builder-column-2 fusion_builder_column_1_4 1_4 fusion-one-fourth\" style=\"width:25%;width:calc(25% - ( ( 4% + 4% + 4% ) * 0.25 ) );margin-right: 4%;margin-top:0px;margin-bottom:20px;\"><div class=\"fusion-column-wrapper fusion-flex-column-wrapper-legacy\" style=\"background-position:left top;background-repeat:no-repeat;-webkit-background-size:cover;-moz-background-size:cover;-o-background-size:cover;background-size:cover;padding: 10px 10px 10px 10px;\"><div class=\"imageframe-align-center\"><span class=\"fusion-imageframe imageframe-none imageframe-2 hover-type-none\" style=\"border-radius:5px;\"><img width=\"180\" height=\"180\" title=\"N Tipi Ak\u00fcler\" src=\"https:\/\/setup.ismartgate.com\/wp-content\/uploads\/2018\/10\/batteries.png\" alt class=\"img-responsive wp-image-51\"\/><\/span><\/div><div class=\"fusion-text fusion-text-4\"><p style=\"text-align: center;\">LR1\/Tip-N 1,5V Piller<\/p>\n<\/div><div class=\"fusion-clearfix\"><\/div><\/div><\/div><div class=\"fusion-layout-column fusion_builder_column fusion-builder-column-3 fusion_builder_column_1_4 1_4 fusion-one-fourth\" style=\"width:25%;width:calc(25% - ( ( 4% + 4% + 4% ) * 0.25 ) );margin-right: 4%;margin-top:0px;margin-bottom:20px;\"><div class=\"fusion-column-wrapper fusion-flex-column-wrapper-legacy\" style=\"background-position:left top;background-repeat:no-repeat;-webkit-background-size:cover;-moz-background-size:cover;-o-background-size:cover;background-size:cover;padding: 10px 10px 10px 10px;\"><div class=\"imageframe-align-center\"><span class=\"fusion-imageframe imageframe-none imageframe-3 hover-type-none\" style=\"border-radius:5px;\"><img width=\"180\" height=\"180\" title=\"double_side_tape__1\" src=\"https:\/\/setup.ismartgate.com\/wp-content\/uploads\/2019\/03\/double_side_tape__1.png\" alt class=\"img-responsive wp-image-4066\"\/><\/span><\/div><div class=\"fusion-text fusion-text-5\"><p style=\"text-align: center;\">\u00c7ift Tarafl\u0131 Bant<\/p>\n<\/div><div class=\"fusion-clearfix\"><\/div><\/div><\/div>\n<div class=\"fusion-layout-column fusion_builder_column fusion-builder-column-4 fusion_builder_column_1_4 1_4 fusion-one-fourth fusion-column-last\" style=\"width:25%;width:calc(25% - ( ( 4% + 4% + 4% ) * 0.25 ) );margin-top:0px;margin-bottom:20px;\"><div class=\"fusion-column-wrapper fusion-flex-column-wrapper-legacy\" style=\"background-position:left top;background-repeat:no-repeat;-webkit-background-size:cover;-moz-background-size:cover;-o-background-size:cover;background-size:cover;padding: 10px 10px 10px 10px;\"><div class=\"imageframe-align-center\"><span class=\"fusion-imageframe imageframe-none imageframe-4 hover-type-none\" style=\"border-radius:5px;\"><img width=\"180\" height=\"180\" title=\"ismartgate_h\u0131zl\u0131_kurulum_K\u0131lavuzu\" src=\"https:\/\/setup.ismartgate.com\/wp-content\/uploads\/2018\/10\/qsg.png\" alt class=\"img-responsive wp-image-55\"\/><\/span><\/div><div class=\"fusion-text fusion-text-6\"><p style=\"text-align: center;\">H\u0131zl\u0131 Ba\u015flang\u0131\u00e7 K\u0131lavuzu<\/p>\n<\/div><div class=\"fusion-clearfix\"><\/div><\/div><\/div><div class=\"fusion-layout-column fusion_builder_column fusion-builder-column-5 fusion_builder_column_1_1 1_1 fusion-one-full fusion-column-first fusion-column-last\" style=\"margin-top:0px;margin-bottom:20px;\"><div class=\"fusion-column-wrapper fusion-flex-column-wrapper-legacy\" style=\"background-position:left top;background-repeat:no-repeat;-webkit-background-size:cover;-moz-background-size:cover;-o-background-size:cover;background-size:cover;padding: 0px 0px 0px 0px;\"><div class=\"fusion-builder-row fusion-builder-row-inner fusion-row\"><div class=\"fusion-layout-column fusion_builder_column_inner fusion-builder-nested-column-0 fusion_builder_column_inner_1_1 1_1 fusion-one-full fusion-column-first fusion-column-last borde\" style=\"margin-top:0px;margin-bottom:20px;\"><div class=\"fusion-column-wrapper fusion-flex-column-wrapper-legacy\" style=\"background-position:left top;background-repeat:no-repeat;-webkit-background-size:cover;-moz-background-size:cover;-o-background-size:cover;background-size:cover;border-width: 2px 2px 2px 2px;border-color:#c4c4c4;border-style:solid;padding: 20px 20px 20px 20px;\"><div class=\"fusion-fa-align-center\"><i class=\"fb-icon-element-1 fb-icon-element fontawesome-icon fa-exclamation-circle fas circle-no\" style=\"font-size:30px;\"><\/i><\/div><style>i.fb-icon-element.fontawesome-icon.fb-icon-element-1{ color: #000000;}i.fb-icon-element.fontawesome-icon.fb-icon-element-1:hover { color: #000000;}<\/style><div class=\"fusion-text fusion-text-7\"><p><strong>De\u011fi\u015fiklik beyan\u0131<\/strong><br \/>\nRemsol Europe S.L., kullan\u0131c\u0131 taraf\u0131ndan bu cihaz \u00fczerinde herhangi bir de\u011fi\u015fiklik veya modifikasyon yap\u0131lmas\u0131n\u0131 onaylamam\u0131\u015ft\u0131r. Herhangi bir de\u011fi\u015fiklik veya modifikasyon, kullan\u0131c\u0131n\u0131n ekipman\u0131 \u00e7al\u0131\u015ft\u0131rma yetkisini ge\u00e7ersiz k\u0131labilir.<\/p>\n<p><strong>Giri\u015fim beyan\u0131 (cihaza yerle\u015ftirilmemi\u015fse)<\/strong><br \/>\nBu cihaz FCC Kurallar\u0131 B\u00f6l\u00fcm 15 ile uyumludur. \u00c7al\u0131\u015ft\u0131rma a\u015fa\u011f\u0131daki iki ko\u015fula tabidir: (1) bu cihaz parazite neden olamaz ve (2) bu cihaz, cihaz\u0131n istenmeyen \u015fekilde \u00e7al\u0131\u015fmas\u0131na neden olabilecek parazitler de dahil olmak \u00fczere her t\u00fcrl\u00fc paraziti kabul etmelidir.<\/p>\n<p><strong>Kablosuz bildirimi<\/strong><br \/>\nBu cihaz, kontrols\u00fcz bir ortam i\u00e7in belirlenen FCC radyasyona maruz kalma s\u0131n\u0131rlar\u0131na uygundur ve FCC radyo frekans\u0131 (RF) Maruz Kalma Y\u00f6nergelerini kar\u015f\u0131lar. Bu verici, ba\u015fka bir anten veya verici ile birlikte konumland\u0131r\u0131lmamal\u0131 veya birlikte \u00e7al\u0131\u015ft\u0131r\u0131lmamal\u0131d\u0131r.<\/p>\n<p><strong>FCC S\u0131n\u0131f B dijital cihaz bildirimi<\/strong><br \/>\nBu ekipman test edilmi\u015f ve FCC Kurallar\u0131n\u0131n 15. b\u00f6l\u00fcm\u00fc uyar\u0131nca B S\u0131n\u0131f\u0131 dijital cihaz s\u0131n\u0131rlar\u0131na uygun oldu\u011fu tespit edilmi\u015ftir. Bu s\u0131n\u0131rlar, bir konut kurulumunda zararl\u0131 parazitlere kar\u015f\u0131 makul koruma sa\u011flamak \u00fczere tasarlanm\u0131\u015ft\u0131r. Bu ekipman radyo frekans\u0131 enerjisi \u00fcretir, kullan\u0131r ve yayabilir ve talimatlara uygun olarak kurulmaz ve kullan\u0131lmazsa, radyo ileti\u015fiminde zararl\u0131 parazitlere neden olabilir. Ancak, belirli bir kurulumda parazit olu\u015fmayaca\u011f\u0131n\u0131n garantisi yoktur. E\u011fer bu ekipman radyo veya televizyon yay\u0131nlar\u0131nda zararl\u0131 parazitlere neden oluyorsa (ki bu durum ekipman\u0131n kapat\u0131l\u0131p a\u00e7\u0131lmas\u0131yla tespit edilebilir), kullan\u0131c\u0131n\u0131n a\u015fa\u011f\u0131daki \u00f6nlemlerden birini veya birka\u00e7\u0131n\u0131 alarak paraziti gidermeye \u00e7al\u0131\u015fmas\u0131 tavsiye edilir:<br \/>\n- Al\u0131c\u0131 antenin y\u00f6n\u00fcn\u00fc veya yerini de\u011fi\u015ftirin.<br \/>\n- Ekipman ve al\u0131c\u0131 aras\u0131ndaki mesafeyi art\u0131r\u0131n.<br \/>\n- Ekipman\u0131, al\u0131c\u0131n\u0131n ba\u011fl\u0131 oldu\u011fu devreden farkl\u0131 bir devre \u00fczerindeki bir prize ba\u011flay\u0131n.<br \/>\n- Yard\u0131m i\u00e7in bayiye veya deneyimli bir radyo\/TV teknisyenine dan\u0131\u015f\u0131n.<\/p>\n<\/div><div class=\"fusion-clearfix\"><\/div><\/div><\/div><\/div><div class=\"fusion-clearfix\"><\/div><\/div><\/div>\n<\/div><\/div><div class=\"fusion-fullwidth fullwidth-box fusion-builder-row-3 nonhundred-percent-fullwidth non-hundred-percent-height-scrolling\" style=\"background-color: rgba(255,255,255,0);background-position: center center;background-repeat: no-repeat;padding-top:0px;padding-right:0px;padding-bottom:0px;padding-left:0px;margin-bottom: 0px;margin-top: 0px;border-width: 0px 0px 0px 0px;border-color:#eae9e9;border-style:solid;\" ><div class=\"fusion-builder-row fusion-row\"><div class=\"fusion-layout-column fusion_builder_column fusion-builder-column-6 fusion_builder_column_1_4 1_4 fusion-one-fourth fusion-column-first fusion-no-small-visibility fusion-no-medium-visibility\" style=\"width:25%;width:calc(25% - ( ( 4% + 4% + 4% ) * 0.25 ) );margin-right: 4%;margin-top:0px;margin-bottom:20px;\"><div class=\"fusion-column-wrapper fusion-flex-column-wrapper-legacy\" style=\"background-position:left top;background-repeat:no-repeat;-webkit-background-size:cover;-moz-background-size:cover;-o-background-size:cover;background-size:cover;padding: 0px 0px 0px 0px;\"><div class=\"fusion-clearfix\"><\/div><\/div><\/div><div class=\"fusion-layout-column fusion_builder_column fusion-builder-column-7 fusion_builder_column_1_4 1_4 fusion-one-fourth\" style=\"width:25%;width:calc(25% - ( ( 4% + 4% + 4% ) * 0.25 ) );margin-right: 4%;margin-top:0px;margin-bottom:20px;\"><div class=\"fusion-column-wrapper fusion-flex-column-wrapper-legacy\" style=\"background-position:left top;background-repeat:no-repeat;-webkit-background-size:cover;-moz-background-size:cover;-o-background-size:cover;background-size:cover;padding: 0px 0px 0px 0px;\"><div class=\"fusion-alignright\"><style>.fusion-button.button-1 .fusion-button-text,.fusion-button.button-1 i{color:#009fe1;}.fusion-button.button-1{border-color:#009fe1;border-width:1px 1px 1px 1px;border-radius:2px 2px 2px 2px;background:#eeeeee;}.fusion-button.button-1:hover .fusion-button-text,.fusion-button.button-1:hover i,.fusion-button.button-1:focus .fusion-button-text,.fusion-button.button-1:focus i,.fusion-button.button-1:active .fusion-button-text,.fusion-button.button-1:active i{color:#03a9f4;}.fusion-button.button-1:hover,.fusion-button.button-1:active,.fusion-button.button-1:focus{border-color:#03a9f4;border-width:1px 1px 1px 1px;background:#dddddd;}<\/style><a class=\"fusion-button button-flat fusion-button-default-size button-custom button-1 fusion-button-default-span fusion-button-default-type\" target=\"_self\" onclick=\"window.history.back();\" href=\"https:\/\/setup.ismartgate.com\/tr\/ornek-sayfa\/\"><span class=\"fusion-button-text\">&lt; \u00d6nceki<\/span><\/a><\/div><div class=\"fusion-clearfix\"><\/div><\/div><\/div><div class=\"fusion-layout-column fusion_builder_column fusion-builder-column-8 fusion_builder_column_1_4 1_4 fusion-one-fourth\" style=\"width:25%;width:calc(25% - ( ( 4% + 4% + 4% ) * 0.25 ) );margin-right: 4%;margin-top:0px;margin-bottom:20px;\"><div class=\"fusion-column-wrapper fusion-flex-column-wrapper-legacy\" style=\"background-position:left top;background-repeat:no-repeat;-webkit-background-size:cover;-moz-background-size:cover;-o-background-size:cover;background-size:cover;padding: 0px 0px 0px 0px;\"><div class=\"fusion-alignleft\"><style>.fusion-button.button-2 .fusion-button-text,.fusion-button.button-2 i{color:#009fe1;}.fusion-button.button-2{border-color:#009fe1;border-width:1px 1px 1px 1px;border-radius:2px 2px 2px 2px;background:#eeeeee;}.fusion-button.button-2:hover .fusion-button-text,.fusion-button.button-2:hover i,.fusion-button.button-2:focus .fusion-button-text,.fusion-button.button-2:focus i,.fusion-button.button-2:active .fusion-button-text,.fusion-button.button-2:active i{color:#03a9f4;}.fusion-button.button-2:hover,.fusion-button.button-2:active,.fusion-button.button-2:focus{border-color:#03a9f4;border-width:1px 1px 1px 1px;background:#dddddd;}<\/style><a class=\"fusion-button button-flat fusion-button-default-size button-custom button-2 fusion-button-default-span fusion-button-default-type\" target=\"_self\" href=\"\/tr\/02-program\/programing-wireless-sensor-garage\/\"><span class=\"fusion-button-text\">Sonraki &gt;<\/span><\/a><\/div><div class=\"fusion-clearfix\"><\/div><\/div><\/div><div class=\"fusion-layout-column fusion_builder_column fusion-builder-column-9 fusion_builder_column_1_4 1_4 fusion-one-fourth fusion-column-last fusion-no-small-visibility fusion-no-medium-visibility\" style=\"width:25%;width:calc(25% - ( ( 4% + 4% + 4% ) * 0.25 ) );margin-top:0px;margin-bottom:20px;\"><div class=\"fusion-column-wrapper fusion-flex-column-wrapper-legacy\" style=\"background-position:left top;background-repeat:no-repeat;-webkit-background-size:cover;-moz-background-size:cover;-o-background-size:cover;background-size:cover;padding: 0px 0px 0px 0px;\"><div class=\"fusion-clearfix\"><\/div><\/div><\/div><div class=\"fusion-layout-column fusion_builder_column fusion-builder-column-10 fusion_builder_column_1_1 1_1 fusion-one-full fusion-column-first fusion-column-last\" style=\"margin-top:0px;margin-bottom:20px;\"><div class=\"fusion-column-wrapper fusion-flex-column-wrapper-legacy\" style=\"background-position:left top;background-repeat:no-repeat;-webkit-background-size:cover;-moz-background-size:cover;-o-background-size:cover;background-size:cover;padding: 0px 0px 0px 0px;\"><script type=\"text\/javascript\">\njQuery(document).ready(function(){\n\tjQuery('.page-number-ism').hide();\n});\n<\/script><div class=\"fusion-clearfix\"><\/div><\/div><\/div><\/div><\/div>[fusion_builder_next_page]<\/p>","protected":false},"excerpt":{"rendered":"<p>[fusion_builder_next_page]<\/p>","protected":false},"author":2,"featured_media":0,"parent":2,"menu_order":0,"comment_status":"closed","ping_status":"closed","template":"","meta":[],"yst_prominent_words":[],"_links":{"self":[{"href":"https:\/\/setup.ismartgate.com\/tr\/wp-json\/wp\/v2\/pages\/4050"}],"collection":[{"href":"https:\/\/setup.ismartgate.com\/tr\/wp-json\/wp\/v2\/pages"}],"about":[{"href":"https:\/\/setup.ismartgate.com\/tr\/wp-json\/wp\/v2\/types\/page"}],"author":[{"embeddable":true,"href":"https:\/\/setup.ismartgate.com\/tr\/wp-json\/wp\/v2\/users\/2"}],"replies":[{"embeddable":true,"href":"https:\/\/setup.ismartgate.com\/tr\/wp-json\/wp\/v2\/comments?post=4050"}],"version-history":[{"count":24,"href":"https:\/\/setup.ismartgate.com\/tr\/wp-json\/wp\/v2\/pages\/4050\/revisions"}],"predecessor-version":[{"id":8051,"href":"https:\/\/setup.ismartgate.com\/tr\/wp-json\/wp\/v2\/pages\/4050\/revisions\/8051"}],"up":[{"embeddable":true,"href":"https:\/\/setup.ismartgate.com\/tr\/wp-json\/wp\/v2\/pages\/2"}],"wp:attachment":[{"href":"https:\/\/setup.ismartgate.com\/tr\/wp-json\/wp\/v2\/media?parent=4050"}],"wp:term":[{"taxonomy":"yst_prominent_words","embeddable":true,"href":"https:\/\/setup.ismartgate.com\/tr\/wp-json\/wp\/v2\/yst_prominent_words?post=4050"}],"curies":[{"name":"wp","href":"https:\/\/api.w.org\/{rel}","templated":true}]}}