{"id":3457,"date":"2019-02-15T16:59:30","date_gmt":"2019-02-15T16:59:30","guid":{"rendered":"https:\/\/setup.ismartgate.com\/?page_id=3457"},"modified":"2024-05-21T11:11:45","modified_gmt":"2024-05-21T11:11:45","slug":"04-cameras","status":"publish","type":"page","link":"https:\/\/setup.ismartgate.com\/sv\/04-kameror\/","title":{"rendered":"04 - Kameror"},"content":{"rendered":"<div class=\"fusion-fullwidth fullwidth-box fusion-builder-row-1 nonhundred-percent-fullwidth non-hundred-percent-height-scrolling\" style=\"background-color: rgba(255,255,255,0);background-position: center center;background-repeat: no-repeat;padding-top:0px;padding-right:0px;padding-bottom:0px;padding-left:0px;margin-bottom: 0px;margin-top: 0px;border-width: 0px 0px 0px 0px;border-color:#eae9e9;border-style:solid;\" ><div class=\"fusion-builder-row fusion-row\"><div class=\"fusion-layout-column fusion_builder_column fusion-builder-column-0 fusion_builder_column_1_1 1_1 fusion-one-full fusion-column-first fusion-column-last\" style=\"margin-top:0px;margin-bottom:20px;\"><div class=\"fusion-column-wrapper fusion-flex-column-wrapper-legacy\" style=\"background-position:left top;background-repeat:no-repeat;-webkit-background-size:cover;-moz-background-size:cover;-o-background-size:cover;background-size:cover;padding: 0px 0px 0px 0px;\"><div class=\"imageframe-align-center\"><span class=\"fusion-imageframe imageframe-none imageframe-1 hover-type-none\" style=\"border-radius:5px;max-width:350px;\"><img width=\"594\" height=\"72\" title=\"ismartgate_kamera_ip_kontroll_garage\" src=\"https:\/\/setup.ismartgate.com\/wp-content\/uploads\/2019\/12\/ismartgate_camera_ip_control_garage.png\" alt class=\"img-responsive wp-image-5193\" srcset=\"https:\/\/setup.ismartgate.com\/wp-content\/uploads\/2019\/12\/ismartgate_camera_ip_control_garage-200x24.png 200w, https:\/\/setup.ismartgate.com\/wp-content\/uploads\/2019\/12\/ismartgate_camera_ip_control_garage-400x48.png 400w, https:\/\/setup.ismartgate.com\/wp-content\/uploads\/2019\/12\/ismartgate_camera_ip_control_garage.png 594w\" sizes=\"(max-width: 1100px) 100vw, 594px\" \/><\/span><\/div><div class=\"fusion-sep-clear\"><\/div><div class=\"fusion-separator fusion-full-width-sep\" style=\"margin-left: auto;margin-right: auto;margin-top:5px;margin-bottom:5px;width:100%;\"><\/div><div class=\"fusion-sep-clear\"><\/div><div class=\"fusion-text fusion-text-1\"><h1 style=\"font-size: 40px; text-align: center;\">V\u00e4lkommen, l\u00e5t oss installera din ismartgate-kamera<\/h1>\n<\/div><div class=\"fusion-sep-clear\"><\/div><div class=\"fusion-separator fusion-full-width-sep\" style=\"margin-left: auto;margin-right: auto;margin-top:5px;margin-bottom:5px;width:100%;\"><\/div><div class=\"fusion-sep-clear\"><\/div><div class=\"fusion-text fusion-text-2\"><p style=\"text-align: center;\">V\u00e4lj det b\u00e4sta alternativet f\u00f6r dig:<\/p>\n<\/div><div class=\"fusion-clearfix\"><\/div><\/div><\/div><div class=\"fusion-layout-column fusion_builder_column fusion-builder-column-1 fusion_builder_column_1_6 1_6 fusion-one-sixth fusion-column-first fusion-no-small-visibility\" style=\"width:16.666666666667%;width:calc(16.666666666667% - ( ( 4% + 4% + 4% ) * 0.16666666666667 ) );margin-right: 4%;margin-top:0px;margin-bottom:20px;\"><div class=\"fusion-column-wrapper fusion-flex-column-wrapper-legacy\" style=\"background-position:left top;background-repeat:no-repeat;-webkit-background-size:cover;-moz-background-size:cover;-o-background-size:cover;background-size:cover;border-width: 0 0 0 0;border-color:#bababa;border-style:solid;padding: 0px 0px 0px 0px;\"><div class=\"fusion-clearfix\"><\/div><\/div><\/div><div class=\"fusion-layout-column fusion_builder_column fusion-builder-column-2 fusion_builder_column_1_3 1_3 fusion-one-third element-list-entrematic fusion-column-inner-bg-wrapper\" style=\"width:33.333333333333%;width:calc(33.333333333333% - ( ( 4% + 4% + 4% ) * 0.33333333333333 ) );margin-right: 4%;margin-top:0px;margin-bottom:20px;\"><div class=\"fusion-column-wrapper fusion-flex-column-wrapper-legacy\" style=\"border-width: 2px 2px 2px 2px;border-color:#bababa;border-style:solid;padding: 0px 0px 0px 0px;\"><div class=\"fusion-sep-clear\"><\/div><div class=\"fusion-separator fusion-full-width-sep\" style=\"margin-left: auto;margin-right: auto;margin-top:5px;margin-bottom:25px;width:100%;\"><\/div><div class=\"fusion-sep-clear\"><\/div><div class=\"imageframe-align-center\"><span class=\"fusion-imageframe imageframe-none imageframe-2 hover-type-none\" style=\"border-radius:5px;max-width:200px;\"><img width=\"507\" height=\"508\" title=\"Inomhus_kamera\" src=\"https:\/\/setup.ismartgate.com\/wp-content\/uploads\/2019\/12\/Indoor_Camera-1.png\" alt class=\"img-responsive wp-image-5148\" srcset=\"https:\/\/setup.ismartgate.com\/wp-content\/uploads\/2019\/12\/Indoor_Camera-1-200x200.png 200w, https:\/\/setup.ismartgate.com\/wp-content\/uploads\/2019\/12\/Indoor_Camera-1-400x401.png 400w, https:\/\/setup.ismartgate.com\/wp-content\/uploads\/2019\/12\/Indoor_Camera-1.png 507w\" sizes=\"(max-width: 1100px) 100vw, 400px\" \/><\/span><\/div><div class=\"fusion-text fusion-text-3\"><h2 style=\"text-align: center;\">IP-kamera f\u00f6r inomhusbruk<\/h2>\n<\/div><div class=\"fusion-sep-clear\"><\/div><div class=\"fusion-separator fusion-full-width-sep\" style=\"margin-left: auto;margin-right: auto;margin-top:5px;margin-bottom:25px;width:100%;\"><\/div><div class=\"fusion-sep-clear\"><\/div><div class=\"fusion-aligncenter\"><style>.fusion-button.button-1{border-radius:2px 2px 2px 2px;}<\/style><a class=\"fusion-button button-flat fusion-button-default-size button-default button-1 fusion-button-default-span fusion-button-default-type\" target=\"_self\"><span class=\"fusion-button-text\">START &gt;<\/span><\/a><\/div><div class=\"fusion-sep-clear\"><\/div><div class=\"fusion-separator fusion-full-width-sep\" style=\"margin-left: auto;margin-right: auto;margin-top:5px;margin-bottom:25px;width:100%;\"><\/div><div class=\"fusion-sep-clear\"><\/div><div class=\"fusion-clearfix\"><\/div><\/div><span class=\"fusion-column-inner-bg hover-type-none\"><a class=\"fusion-column-anchor\" href=\"https:\/\/setup.ismartgate.com\/sv\/04-kameror\/inomhuskamera\/\"><span class=\"fusion-column-inner-bg-image\" style=\"background-position:left top;background-repeat:no-repeat;-webkit-background-size:cover;-moz-background-size:cover;-o-background-size:cover;background-size:cover;\"><\/span><\/a><\/span><\/div><div class=\"fusion-layout-column fusion_builder_column fusion-builder-column-3 fusion_builder_column_1_3 1_3 fusion-one-third element-list-entrematic fusion-column-inner-bg-wrapper\" style=\"width:33.333333333333%;width:calc(33.333333333333% - ( ( 4% + 4% + 4% ) * 0.33333333333333 ) );margin-right: 4%;margin-top:0px;margin-bottom:20px;\"><div class=\"fusion-column-wrapper fusion-flex-column-wrapper-legacy\" style=\"border-width: 2px 2px 2px 2px;border-color:#bababa;border-style:solid;padding: 0px 0px 0px 0px;\"><div class=\"fusion-sep-clear\"><\/div><div class=\"fusion-separator fusion-full-width-sep\" style=\"margin-left: auto;margin-right: auto;margin-top:5px;margin-bottom:25px;width:100%;\"><\/div><div class=\"fusion-sep-clear\"><\/div><div class=\"imageframe-align-center\"><span class=\"fusion-imageframe imageframe-none imageframe-3 hover-type-none\" style=\"border-radius:5px;max-width:200px;\"><img width=\"507\" height=\"508\" title=\"Utomhus_kamera\" src=\"https:\/\/setup.ismartgate.com\/wp-content\/uploads\/2019\/12\/Outdoor_Camera-1.png\" alt class=\"img-responsive wp-image-5149\" srcset=\"https:\/\/setup.ismartgate.com\/wp-content\/uploads\/2019\/12\/Outdoor_Camera-1-200x200.png 200w, https:\/\/setup.ismartgate.com\/wp-content\/uploads\/2019\/12\/Outdoor_Camera-1-400x401.png 400w, https:\/\/setup.ismartgate.com\/wp-content\/uploads\/2019\/12\/Outdoor_Camera-1.png 507w\" sizes=\"(max-width: 1100px) 100vw, 400px\" \/><\/span><\/div><div class=\"fusion-text fusion-text-4\"><h2 style=\"text-align: center;\">IP utomhuskamera<\/h2>\n<\/div><div class=\"fusion-sep-clear\"><\/div><div class=\"fusion-separator fusion-full-width-sep\" style=\"margin-left: auto;margin-right: auto;margin-top:5px;margin-bottom:25px;width:100%;\"><\/div><div class=\"fusion-sep-clear\"><\/div><div class=\"fusion-aligncenter\"><style>.fusion-button.button-2{border-radius:2px 2px 2px 2px;}<\/style><a class=\"fusion-button button-flat fusion-button-default-size button-default button-2 fusion-button-default-span fusion-button-default-type\" target=\"_self\"><span class=\"fusion-button-text\">START &gt;<\/span><\/a><\/div><div class=\"fusion-sep-clear\"><\/div><div class=\"fusion-separator fusion-full-width-sep\" style=\"margin-left: auto;margin-right: auto;margin-top:5px;margin-bottom:25px;width:100%;\"><\/div><div class=\"fusion-sep-clear\"><\/div><div class=\"fusion-clearfix\"><\/div><\/div><span class=\"fusion-column-inner-bg hover-type-none\"><a class=\"fusion-column-anchor\" href=\"https:\/\/setup.ismartgate.com\/sv\/04-kameror\/utomhuskamera\/\"><span class=\"fusion-column-inner-bg-image\" style=\"background-position:left top;background-repeat:no-repeat;-webkit-background-size:cover;-moz-background-size:cover;-o-background-size:cover;background-size:cover;\"><\/span><\/a><\/span><\/div><div class=\"fusion-layout-column fusion_builder_column fusion-builder-column-4 fusion_builder_column_1_6 1_6 fusion-one-sixth fusion-column-last fusion-no-small-visibility\" style=\"width:16.666666666667%;width:calc(16.666666666667% - ( ( 4% + 4% + 4% ) * 0.16666666666667 ) );margin-top:0px;margin-bottom:20px;\"><div class=\"fusion-column-wrapper fusion-flex-column-wrapper-legacy\" style=\"background-position:left top;background-repeat:no-repeat;-webkit-background-size:cover;-moz-background-size:cover;-o-background-size:cover;background-size:cover;border-width: 0 0 0 0;border-color:#bababa;border-style:solid;padding: 0px 0px 0px 0px;\"><div class=\"fusion-clearfix\"><\/div><\/div><\/div><\/div><\/div>","protected":false},"excerpt":{"rendered":"","protected":false},"author":3,"featured_media":0,"parent":0,"menu_order":0,"comment_status":"closed","ping_status":"closed","template":"","meta":[],"yst_prominent_words":[],"_links":{"self":[{"href":"https:\/\/setup.ismartgate.com\/sv\/wp-json\/wp\/v2\/pages\/3457"}],"collection":[{"href":"https:\/\/setup.ismartgate.com\/sv\/wp-json\/wp\/v2\/pages"}],"about":[{"href":"https:\/\/setup.ismartgate.com\/sv\/wp-json\/wp\/v2\/types\/page"}],"author":[{"embeddable":true,"href":"https:\/\/setup.ismartgate.com\/sv\/wp-json\/wp\/v2\/users\/3"}],"replies":[{"embeddable":true,"href":"https:\/\/setup.ismartgate.com\/sv\/wp-json\/wp\/v2\/comments?post=3457"}],"version-history":[{"count":7,"href":"https:\/\/setup.ismartgate.com\/sv\/wp-json\/wp\/v2\/pages\/3457\/revisions"}],"predecessor-version":[{"id":8088,"href":"https:\/\/setup.ismartgate.com\/sv\/wp-json\/wp\/v2\/pages\/3457\/revisions\/8088"}],"wp:attachment":[{"href":"https:\/\/setup.ismartgate.com\/sv\/wp-json\/wp\/v2\/media?parent=3457"}],"wp:term":[{"taxonomy":"yst_prominent_words","embeddable":true,"href":"https:\/\/setup.ismartgate.com\/sv\/wp-json\/wp\/v2\/yst_prominent_words?post=3457"}],"curies":[{"name":"wp","href":"https:\/\/api.w.org\/{rel}","templated":true}]}}