{"id":640,"date":"2018-10-24T14:32:53","date_gmt":"2018-10-24T14:32:53","guid":{"rendered":"https:\/\/setup.ismartgate.com\/?page_id=640"},"modified":"2024-05-21T14:57:59","modified_gmt":"2024-05-21T14:57:59","slug":"type-garage-door","status":"publish","type":"page","link":"https:\/\/setup.ismartgate.com\/pl\/03-instalacja\/montaz-garazu\/typ-bramy-garazowej\/","title":{"rendered":"TYP - Brama gara\u017cowa"},"content":{"rendered":"<p><div class=\"fusion-fullwidth fullwidth-box fusion-builder-row-1 nonhundred-percent-fullwidth non-hundred-percent-height-scrolling\" style=\"background-color: rgba(255,255,255,0);background-position: center center;background-repeat: no-repeat;padding-top:0px;padding-right:0px;padding-bottom:0px;padding-left:0px;margin-bottom: 0px;margin-top: 0px;border-width: 0px 0px 0px 0px;border-color:#eae9e9;border-style:solid;\" ><div class=\"fusion-builder-row fusion-row\"><div class=\"fusion-layout-column fusion_builder_column fusion-builder-column-0 fusion_builder_column_1_1 1_1 fusion-one-full fusion-column-first fusion-column-last\" style=\"margin-top:0px;margin-bottom:20px;\"><div class=\"fusion-column-wrapper fusion-flex-column-wrapper-legacy\" style=\"background-position:left top;background-repeat:no-repeat;-webkit-background-size:cover;-moz-background-size:cover;-o-background-size:cover;background-size:cover;padding: 0px 0px 0px 0px;\"><div class=\"fusion-text fusion-text-1\"><div class=\"fusion-text\">\n<h1 style=\"text-align: center;\"><span style=\"color: #009fe1;\">03. Instalacja czujnika w gara\u017cu<\/span><\/h1>\n<\/div>\n<\/div><div class=\"fusion-text fusion-text-2\"><h2 style=\"text-align: center;\">Wybierz typ bramy gara\u017cowej:<\/h2>\n<\/div><div class=\"fusion-clearfix\"><\/div><\/div><\/div><div class=\"fusion-layout-column fusion_builder_column fusion-builder-column-1 fusion_builder_column_1_5 1_5 fusion-one-fifth fusion-column-first element-list-entrematic fusion-column-inner-bg-wrapper\" style=\"width:20%;width:calc(20% - ( ( 4% + 4% + 4% + 4% ) * 0.2 ) );margin-right: 4%;margin-top:0px;margin-bottom:20px;\"><div class=\"fusion-column-wrapper fusion-flex-column-wrapper-legacy\" style=\"border-width: 2px 2px 2px 2px;border-color:#c4c4c4;border-style:solid;padding: 20px 20px 20px 20px;\"><div class=\"imageframe-align-center\"><span class=\"fusion-imageframe imageframe-none imageframe-1 hover-type-none\" style=\"border-radius:5px;\"><img width=\"325\" height=\"300\" title=\"Sekcja\" src=\"https:\/\/setup.ismartgate.com\/wp-content\/uploads\/2018\/10\/Sectional.png\" alt class=\"img-responsive wp-image-642\" srcset=\"https:\/\/setup.ismartgate.com\/wp-content\/uploads\/2018\/10\/Sectional-200x185.png 200w, https:\/\/setup.ismartgate.com\/wp-content\/uploads\/2018\/10\/Sectional.png 325w\" sizes=\"(max-width: 1100px) 100vw, 200px\" \/><\/span><\/div><div class=\"fusion-text fusion-text-3\"><h3 style=\"text-align: center;\">Sekcja<\/h3>\n<\/div><div class=\"fusion-clearfix\"><\/div><\/div><span class=\"fusion-column-inner-bg hover-type-none\"><a class=\"fusion-column-anchor\" href=\"https:\/\/setup.ismartgate.com\/pl\/03-instalacja\/montaz-garazu\/przekrojowy-czujnik-bezprzewodowy\/\"><span class=\"fusion-column-inner-bg-image\" style=\"background-position:left top;background-repeat:no-repeat;-webkit-background-size:cover;-moz-background-size:cover;-o-background-size:cover;background-size:cover;\"><\/span><\/a><\/span><\/div><div class=\"fusion-layout-column fusion_builder_column fusion-builder-column-2 fusion_builder_column_1_5 1_5 fusion-one-fifth element-list-entrematic fusion-column-inner-bg-wrapper\" style=\"width:20%;width:calc(20% - ( ( 4% + 4% + 4% + 4% ) * 0.2 ) );margin-right: 4%;margin-top:0px;margin-bottom:20px;\"><div class=\"fusion-column-wrapper fusion-flex-column-wrapper-legacy\" style=\"border-width: 2px 2px 2px 2px;border-color:#c4c4c4;border-style:solid;padding: 20px 20px 20px 20px;\"><div class=\"imageframe-align-center\"><span class=\"fusion-imageframe imageframe-none imageframe-2 hover-type-none\" style=\"border-radius:5px;\"><img width=\"325\" height=\"300\" title=\"up_and_over\" src=\"https:\/\/setup.ismartgate.com\/wp-content\/uploads\/2018\/10\/up_and_over.png\" alt class=\"img-responsive wp-image-645\" srcset=\"https:\/\/setup.ismartgate.com\/wp-content\/uploads\/2018\/10\/up_and_over-200x185.png 200w, https:\/\/setup.ismartgate.com\/wp-content\/uploads\/2018\/10\/up_and_over.png 325w\" sizes=\"(max-width: 1100px) 100vw, 200px\" \/><\/span><\/div><div class=\"fusion-text fusion-text-4\"><h3 style=\"text-align: center;\">W g\u00f3r\u0119 i w g\u00f3r\u0119<\/h3>\n<\/div><div class=\"fusion-clearfix\"><\/div><\/div><span class=\"fusion-column-inner-bg hover-type-none\"><a class=\"fusion-column-anchor\" href=\"https:\/\/setup.ismartgate.com\/pl\/03-instalacja\/montaz-garazu\/w-gore-i-w-gore\/\"><span class=\"fusion-column-inner-bg-image\" style=\"background-position:left top;background-repeat:no-repeat;-webkit-background-size:cover;-moz-background-size:cover;-o-background-size:cover;background-size:cover;\"><\/span><\/a><\/span><\/div><div class=\"fusion-layout-column fusion_builder_column fusion-builder-column-3 fusion_builder_column_1_5 1_5 fusion-one-fifth element-list-entrematic fusion-column-inner-bg-wrapper\" style=\"width:20%;width:calc(20% - ( ( 4% + 4% + 4% + 4% ) * 0.2 ) );margin-right: 4%;margin-top:0px;margin-bottom:20px;\"><div class=\"fusion-column-wrapper fusion-flex-column-wrapper-legacy\" style=\"border-width: 2px 2px 2px 2px;border-color:#c4c4c4;border-style:solid;padding: 20px 20px 20px 20px;\"><div class=\"imageframe-align-center\"><span class=\"fusion-imageframe imageframe-none imageframe-3 hover-type-none\" style=\"border-radius:5px;\"><img width=\"325\" height=\"300\" title=\"wa\u0142ek\" src=\"https:\/\/setup.ismartgate.com\/wp-content\/uploads\/2018\/10\/roller.png\" alt class=\"img-responsive wp-image-641\" srcset=\"https:\/\/setup.ismartgate.com\/wp-content\/uploads\/2018\/10\/roller-200x185.png 200w, https:\/\/setup.ismartgate.com\/wp-content\/uploads\/2018\/10\/roller.png 325w\" sizes=\"(max-width: 1100px) 100vw, 200px\" \/><\/span><\/div><div class=\"fusion-text fusion-text-5\"><h3 style=\"text-align: center;\">Rolka<\/h3>\n<\/div><div class=\"fusion-clearfix\"><\/div><\/div><span class=\"fusion-column-inner-bg hover-type-none\"><a class=\"fusion-column-anchor\" href=\"https:\/\/setup.ismartgate.com\/pl\/03-instalacja\/montaz-garazu\/walek\/\"><span class=\"fusion-column-inner-bg-image\" style=\"background-position:left top;background-repeat:no-repeat;-webkit-background-size:cover;-moz-background-size:cover;-o-background-size:cover;background-size:cover;\"><\/span><\/a><\/span><\/div><div class=\"fusion-layout-column fusion_builder_column fusion-builder-column-4 fusion_builder_column_1_5 1_5 fusion-one-fifth element-list-entrematic fusion-column-inner-bg-wrapper\" style=\"width:20%;width:calc(20% - ( ( 4% + 4% + 4% + 4% ) * 0.2 ) );margin-right: 4%;margin-top:0px;margin-bottom:20px;\"><div class=\"fusion-column-wrapper fusion-flex-column-wrapper-legacy\" style=\"border-width: 2px 2px 2px 2px;border-color:#c4c4c4;border-style:solid;padding: 20px 20px 20px 20px;\"><div class=\"imageframe-align-center\"><span class=\"fusion-imageframe imageframe-none imageframe-4 hover-type-none\" style=\"border-radius:5px;\"><img width=\"325\" height=\"300\" title=\"hu\u015btawka\" src=\"https:\/\/setup.ismartgate.com\/wp-content\/uploads\/2018\/10\/swing.png\" alt class=\"img-responsive wp-image-644\" srcset=\"https:\/\/setup.ismartgate.com\/wp-content\/uploads\/2018\/10\/swing-200x185.png 200w, https:\/\/setup.ismartgate.com\/wp-content\/uploads\/2018\/10\/swing.png 325w\" sizes=\"(max-width: 1100px) 100vw, 200px\" \/><\/span><\/div><div class=\"fusion-text fusion-text-6\"><h3 style=\"text-align: center;\">Hu\u015btawka<\/h3>\n<\/div><div class=\"fusion-clearfix\"><\/div><\/div><span class=\"fusion-column-inner-bg hover-type-none\"><a class=\"fusion-column-anchor\" href=\"https:\/\/setup.ismartgate.com\/pl\/03-instalacja\/montaz-garazu\/hustawka\/\"><span class=\"fusion-column-inner-bg-image\" style=\"background-position:left top;background-repeat:no-repeat;-webkit-background-size:cover;-moz-background-size:cover;-o-background-size:cover;background-size:cover;\"><\/span><\/a><\/span><\/div><div class=\"fusion-layout-column fusion_builder_column fusion-builder-column-5 fusion_builder_column_1_5 1_5 fusion-one-fifth fusion-column-last element-list-entrematic fusion-column-inner-bg-wrapper\" style=\"width:20%;width:calc(20% - ( ( 4% + 4% + 4% + 4% ) * 0.2 ) );margin-top:0px;margin-bottom:20px;\"><div class=\"fusion-column-wrapper fusion-flex-column-wrapper-legacy\" style=\"border-width: 2px 2px 2px 2px;border-color:#c4c4c4;border-style:solid;padding: 20px 20px 20px 20px;\"><div class=\"imageframe-align-center\"><span class=\"fusion-imageframe imageframe-none imageframe-5 hover-type-none\" style=\"border-radius:5px;\"><img width=\"325\" height=\"300\" title=\"side_sectional\" src=\"https:\/\/setup.ismartgate.com\/wp-content\/uploads\/2018\/10\/side_sectional.png\" alt class=\"img-responsive wp-image-643\" srcset=\"https:\/\/setup.ismartgate.com\/wp-content\/uploads\/2018\/10\/side_sectional-200x185.png 200w, https:\/\/setup.ismartgate.com\/wp-content\/uploads\/2018\/10\/side_sectional.png 325w\" sizes=\"(max-width: 1100px) 100vw, 200px\" \/><\/span><\/div><div class=\"fusion-text fusion-text-7\"><h3 style=\"text-align: center;\">Sekcja boczna<\/h3>\n<\/div><div class=\"fusion-clearfix\"><\/div><\/div><span class=\"fusion-column-inner-bg hover-type-none\"><a class=\"fusion-column-anchor\" href=\"https:\/\/setup.ismartgate.com\/pl\/03-instalacja\/montaz-garazu\/sekcja-boczna\/\"><span class=\"fusion-column-inner-bg-image\" style=\"background-position:left top;background-repeat:no-repeat;-webkit-background-size:cover;-moz-background-size:cover;-o-background-size:cover;background-size:cover;\"><\/span><\/a><\/span><\/div><\/div><\/div><div class=\"fusion-fullwidth fullwidth-box fusion-builder-row-2 nonhundred-percent-fullwidth non-hundred-percent-height-scrolling\" style=\"background-color: rgba(255,255,255,0);background-position: center center;background-repeat: no-repeat;padding-top:0px;padding-right:0px;padding-bottom:0px;padding-left:0px;margin-bottom: 0px;margin-top: 0px;border-width: 0px 0px 0px 0px;border-color:#eae9e9;border-style:solid;\" ><div class=\"fusion-builder-row fusion-row\"><div class=\"fusion-layout-column fusion_builder_column fusion-builder-column-6 fusion_builder_column_1_1 1_1 fusion-one-full fusion-column-first fusion-column-last\" style=\"margin-top:0px;margin-bottom:20px;\"><div class=\"fusion-column-wrapper fusion-flex-column-wrapper-legacy\" style=\"background-position:left top;background-repeat:no-repeat;-webkit-background-size:cover;-moz-background-size:cover;-o-background-size:cover;background-size:cover;padding: 0px 0px 0px 0px;\"><div class=\"fusion-aligncenter\"><style>.fusion-button.button-1 .fusion-button-text,.fusion-button.button-1 i{color:#009fe1;}.fusion-button.button-1{border-color:#009fe1;border-width:1px 1px 1px 1px;border-radius:2px 2px 2px 2px;background:#eeeeee;}.fusion-button.button-1:hover .fusion-button-text,.fusion-button.button-1:hover i,.fusion-button.button-1:focus .fusion-button-text,.fusion-button.button-1:focus i,.fusion-button.button-1:active .fusion-button-text,.fusion-button.button-1:active i{color:#03a9f4;}.fusion-button.button-1:hover,.fusion-button.button-1:active,.fusion-button.button-1:focus{border-color:#03a9f4;border-width:1px 1px 1px 1px;background:#dddddd;}<\/style><a class=\"fusion-button button-flat fusion-button-default-size button-custom button-1 fusion-button-default-span fusion-button-default-type\" target=\"_self\" onclick=\"window.history.back();\" href=\"https:\/\/setup.ismartgate.com\/pl\/03-instalacja\/montaz-garazu\/2\/\"><span class=\"fusion-button-text\">&lt; poprzedni<\/span><\/a><\/div><div class=\"fusion-clearfix\"><\/div><\/div><\/div><div class=\"fusion-layout-column fusion_builder_column fusion-builder-column-7 fusion_builder_column_1_1 1_1 fusion-one-full fusion-column-first fusion-column-last\" style=\"margin-top:0px;margin-bottom:20px;\"><div class=\"fusion-column-wrapper fusion-flex-column-wrapper-legacy\" style=\"background-position:left top;background-repeat:no-repeat;-webkit-background-size:cover;-moz-background-size:cover;-o-background-size:cover;background-size:cover;padding: 0px 0px 0px 0px;\"><script type=\"text\/javascript\">\njQuery(document).ready(function(){\n\tjQuery('.page-number-ism').hide();\n});\n<\/script><div class=\"fusion-clearfix\"><\/div><\/div><\/div><\/div><\/div><\/p>","protected":false},"excerpt":{"rendered":"","protected":false},"author":2,"featured_media":0,"parent":509,"menu_order":0,"comment_status":"closed","ping_status":"closed","template":"","meta":[],"yst_prominent_words":[],"_links":{"self":[{"href":"https:\/\/setup.ismartgate.com\/pl\/wp-json\/wp\/v2\/pages\/640"}],"collection":[{"href":"https:\/\/setup.ismartgate.com\/pl\/wp-json\/wp\/v2\/pages"}],"about":[{"href":"https:\/\/setup.ismartgate.com\/pl\/wp-json\/wp\/v2\/types\/page"}],"author":[{"embeddable":true,"href":"https:\/\/setup.ismartgate.com\/pl\/wp-json\/wp\/v2\/users\/2"}],"replies":[{"embeddable":true,"href":"https:\/\/setup.ismartgate.com\/pl\/wp-json\/wp\/v2\/comments?post=640"}],"version-history":[{"count":13,"href":"https:\/\/setup.ismartgate.com\/pl\/wp-json\/wp\/v2\/pages\/640\/revisions"}],"predecessor-version":[{"id":8290,"href":"https:\/\/setup.ismartgate.com\/pl\/wp-json\/wp\/v2\/pages\/640\/revisions\/8290"}],"up":[{"embeddable":true,"href":"https:\/\/setup.ismartgate.com\/pl\/wp-json\/wp\/v2\/pages\/509"}],"wp:attachment":[{"href":"https:\/\/setup.ismartgate.com\/pl\/wp-json\/wp\/v2\/media?parent=640"}],"wp:term":[{"taxonomy":"yst_prominent_words","embeddable":true,"href":"https:\/\/setup.ismartgate.com\/pl\/wp-json\/wp\/v2\/yst_prominent_words?post=640"}],"curies":[{"name":"wp","href":"https:\/\/api.w.org\/{rel}","templated":true}]}}