{"id":4050,"date":"2019-03-13T09:57:48","date_gmt":"2019-03-13T09:57:48","guid":{"rendered":"https:\/\/setup.ismartgate.com\/?page_id=4050"},"modified":"2024-05-21T10:01:34","modified_gmt":"2024-05-21T10:01:34","slug":"unboxing-wireless-sensor-garage","status":"publish","type":"page","link":"https:\/\/setup.ismartgate.com\/pl\/przykladowa-strona\/unboxing-bezprzewodowego-garazu-z-czujnikami\/","title":{"rendered":"Unboxing - Czujnik bezprzewodowy (gara\u017c)"},"content":{"rendered":"<p><div class=\"fusion-fullwidth fullwidth-box fusion-builder-row-1 nonhundred-percent-fullwidth non-hundred-percent-height-scrolling\" style=\"background-color: rgba(255,255,255,0);background-position: center center;background-repeat: no-repeat;padding-top:0px;padding-right:0px;padding-bottom:0px;padding-left:0px;margin-bottom: 0px;margin-top: 0px;border-width: 0px 0px 0px 0px;border-color:#eae9e9;border-style:solid;\" ><div class=\"fusion-builder-row fusion-row\"><div class=\"fusion-layout-column fusion_builder_column fusion-builder-column-0 fusion_builder_column_1_1 1_1 fusion-one-full fusion-column-first fusion-column-last\" style=\"margin-top:0px;margin-bottom:20px;\"><div class=\"fusion-column-wrapper fusion-flex-column-wrapper-legacy\" style=\"background-position:left top;background-repeat:no-repeat;-webkit-background-size:cover;-moz-background-size:cover;-o-background-size:cover;background-size:cover;padding: 0px 0px 0px 0px;\"><div class=\"fusion-text fusion-text-1\"><h1 style=\"text-align: center;\"><span style=\"color: #009fe1;\">01. Unboxing<\/span><\/h1>\n<\/div><div class=\"fusion-text fusion-text-2\"><h2 style=\"text-align: center;\">Czujnik bezprzewodowy (gara\u017c)<\/h2>\n<\/div><div class=\"fusion-sep-clear\"><\/div><div class=\"fusion-separator fusion-full-width-sep\" style=\"margin-left: auto;margin-right: auto;margin-top:5px;margin-bottom:5px;width:100%;\"><\/div><div class=\"fusion-sep-clear\"><\/div><div class=\"fusion-clearfix\"><\/div><\/div><\/div><\/div><\/div><div class=\"fusion-fullwidth fullwidth-box fusion-builder-row-2 nonhundred-percent-fullwidth non-hundred-percent-height-scrolling\" style=\"background-color: rgba(255,255,255,0);background-position: center center;background-repeat: no-repeat;padding-top:0px;padding-right:0px;padding-bottom:0px;padding-left:0px;margin-bottom: 0px;margin-top: 0px;border-width: 0px 0px 0px 0px;border-color:#eae9e9;border-style:solid;\" ><div class=\"fusion-builder-row fusion-row\"><div class=\"fusion-layout-column fusion_builder_column fusion-builder-column-1 fusion_builder_column_1_4 1_4 fusion-one-fourth fusion-column-first\" style=\"width:25%;width:calc(25% - ( ( 4% + 4% + 4% ) * 0.25 ) );margin-right: 4%;margin-top:0px;margin-bottom:20px;\"><div class=\"fusion-column-wrapper fusion-flex-column-wrapper-legacy\" style=\"background-position:left top;background-repeat:no-repeat;-webkit-background-size:cover;-moz-background-size:cover;-o-background-size:cover;background-size:cover;padding: 10px 10px 10px 10px;\"><div class=\"imageframe-align-center\"><span class=\"fusion-imageframe imageframe-none imageframe-1 hover-type-none\" style=\"border-radius:5px;\"><img width=\"180\" height=\"180\" title=\"ismartgate_tilt_sensor\" src=\"https:\/\/setup.ismartgate.com\/wp-content\/uploads\/2018\/10\/Tilt_OK.png\" alt class=\"img-responsive wp-image-689\"\/><\/span><\/div><div class=\"fusion-text fusion-text-3\"><p style=\"text-align: center;\">Czujnik bezprzewodowy (gara\u017c)<\/p>\n<\/div><div class=\"fusion-clearfix\"><\/div><\/div><\/div><div class=\"fusion-layout-column fusion_builder_column fusion-builder-column-2 fusion_builder_column_1_4 1_4 fusion-one-fourth\" style=\"width:25%;width:calc(25% - ( ( 4% + 4% + 4% ) * 0.25 ) );margin-right: 4%;margin-top:0px;margin-bottom:20px;\"><div class=\"fusion-column-wrapper fusion-flex-column-wrapper-legacy\" style=\"background-position:left top;background-repeat:no-repeat;-webkit-background-size:cover;-moz-background-size:cover;-o-background-size:cover;background-size:cover;padding: 10px 10px 10px 10px;\"><div class=\"imageframe-align-center\"><span class=\"fusion-imageframe imageframe-none imageframe-2 hover-type-none\" style=\"border-radius:5px;\"><img width=\"180\" height=\"180\" title=\"Baterie typu N\" src=\"https:\/\/setup.ismartgate.com\/wp-content\/uploads\/2018\/10\/batteries.png\" alt class=\"img-responsive wp-image-51\"\/><\/span><\/div><div class=\"fusion-text fusion-text-4\"><p style=\"text-align: center;\">Baterie LR1\/Typ-N 1,5 V<\/p>\n<\/div><div class=\"fusion-clearfix\"><\/div><\/div><\/div><div class=\"fusion-layout-column fusion_builder_column fusion-builder-column-3 fusion_builder_column_1_4 1_4 fusion-one-fourth\" style=\"width:25%;width:calc(25% - ( ( 4% + 4% + 4% ) * 0.25 ) );margin-right: 4%;margin-top:0px;margin-bottom:20px;\"><div class=\"fusion-column-wrapper fusion-flex-column-wrapper-legacy\" style=\"background-position:left top;background-repeat:no-repeat;-webkit-background-size:cover;-moz-background-size:cover;-o-background-size:cover;background-size:cover;padding: 10px 10px 10px 10px;\"><div class=\"imageframe-align-center\"><span class=\"fusion-imageframe imageframe-none imageframe-3 hover-type-none\" style=\"border-radius:5px;\"><img width=\"180\" height=\"180\" title=\"double_side_tape__1\" src=\"https:\/\/setup.ismartgate.com\/wp-content\/uploads\/2019\/03\/double_side_tape__1.png\" alt class=\"img-responsive wp-image-4066\"\/><\/span><\/div><div class=\"fusion-text fusion-text-5\"><p style=\"text-align: center;\">Ta\u015bma dwustronna<\/p>\n<\/div><div class=\"fusion-clearfix\"><\/div><\/div><\/div>\n<div class=\"fusion-layout-column fusion_builder_column fusion-builder-column-4 fusion_builder_column_1_4 1_4 fusion-one-fourth fusion-column-last\" style=\"width:25%;width:calc(25% - ( ( 4% + 4% + 4% ) * 0.25 ) );margin-top:0px;margin-bottom:20px;\"><div class=\"fusion-column-wrapper fusion-flex-column-wrapper-legacy\" style=\"background-position:left top;background-repeat:no-repeat;-webkit-background-size:cover;-moz-background-size:cover;-o-background-size:cover;background-size:cover;padding: 10px 10px 10px 10px;\"><div class=\"imageframe-align-center\"><span class=\"fusion-imageframe imageframe-none imageframe-4 hover-type-none\" style=\"border-radius:5px;\"><img width=\"180\" height=\"180\" title=\"ismartgate_quick_installation_Guide\" src=\"https:\/\/setup.ismartgate.com\/wp-content\/uploads\/2018\/10\/qsg.png\" alt class=\"img-responsive wp-image-55\"\/><\/span><\/div><div class=\"fusion-text fusion-text-6\"><p style=\"text-align: center;\">Skr\u00f3cona instrukcja obs\u0142ugi<\/p>\n<\/div><div class=\"fusion-clearfix\"><\/div><\/div><\/div><div class=\"fusion-layout-column fusion_builder_column fusion-builder-column-5 fusion_builder_column_1_1 1_1 fusion-one-full fusion-column-first fusion-column-last\" style=\"margin-top:0px;margin-bottom:20px;\"><div class=\"fusion-column-wrapper fusion-flex-column-wrapper-legacy\" style=\"background-position:left top;background-repeat:no-repeat;-webkit-background-size:cover;-moz-background-size:cover;-o-background-size:cover;background-size:cover;padding: 0px 0px 0px 0px;\"><div class=\"fusion-builder-row fusion-builder-row-inner fusion-row\"><div class=\"fusion-layout-column fusion_builder_column_inner fusion-builder-nested-column-0 fusion_builder_column_inner_1_1 1_1 fusion-one-full fusion-column-first fusion-column-last borde\" style=\"margin-top:0px;margin-bottom:20px;\"><div class=\"fusion-column-wrapper fusion-flex-column-wrapper-legacy\" style=\"background-position:left top;background-repeat:no-repeat;-webkit-background-size:cover;-moz-background-size:cover;-o-background-size:cover;background-size:cover;border-width: 2px 2px 2px 2px;border-color:#c4c4c4;border-style:solid;padding: 20px 20px 20px 20px;\"><div class=\"fusion-fa-align-center\"><i class=\"fb-icon-element-1 fb-icon-element fontawesome-icon fa-exclamation-circle fas circle-no\" style=\"font-size:30px;\"><\/i><\/div><style>i.fb-icon-element.fontawesome-icon.fb-icon-element-1{ color: #000000;}i.fb-icon-element.fontawesome-icon.fb-icon-element-1:hover { color: #000000;}<\/style><div class=\"fusion-text fusion-text-7\"><p><strong>O\u015bwiadczenie o modyfikacji<\/strong><br \/>\nRemsol Europe S.L. nie zatwierdzi\u0142 \u017cadnych zmian ani modyfikacji tego urz\u0105dzenia przez u\u017cytkownika. Wszelkie zmiany lub modyfikacje mog\u0105 uniewa\u017cni\u0107 prawo u\u017cytkownika do obs\u0142ugi urz\u0105dzenia.<\/p>\n<p><strong>O\u015bwiadczenie o zak\u0142\u00f3ceniach (je\u015bli nie jest umieszczone w urz\u0105dzeniu)<\/strong><br \/>\nTo urz\u0105dzenie jest zgodne z cz\u0119\u015bci\u0105 15 przepis\u00f3w FCC. Jego dzia\u0142anie podlega nast\u0119puj\u0105cym dw\u00f3m warunkom: (1) urz\u0105dzenie nie mo\u017ce powodowa\u0107 zak\u0142\u00f3ce\u0144 oraz (2) urz\u0105dzenie musi akceptowa\u0107 wszelkie zak\u0142\u00f3cenia, w tym zak\u0142\u00f3cenia, kt\u00f3re mog\u0105 powodowa\u0107 niepo\u017c\u0105dane dzia\u0142anie urz\u0105dzenia.<\/p>\n<p><strong>Powiadomienie bezprzewodowe<\/strong><br \/>\nTo urz\u0105dzenie jest zgodne z limitami ekspozycji na promieniowanie FCC okre\u015blonymi dla niekontrolowanego \u015brodowiska i spe\u0142nia wytyczne FCC dotycz\u0105ce ekspozycji na cz\u0119stotliwo\u015bci radiowe (RF). Ten nadajnik nie mo\u017ce znajdowa\u0107 si\u0119 w tym samym miejscu ani dzia\u0142a\u0107 w po\u0142\u0105czeniu z \u017cadn\u0105 inn\u0105 anten\u0105 lub nadajnikiem.<\/p>\n<p><strong>Powiadomienie o urz\u0105dzeniach cyfrowych FCC klasy B<\/strong><br \/>\nTo urz\u0105dzenie zosta\u0142o przetestowane i uznane za zgodne z ograniczeniami dla urz\u0105dze\u0144 cyfrowych klasy B, zgodnie z cz\u0119\u015bci\u0105 15 przepis\u00f3w FCC. Ograniczenia te maj\u0105 na celu zapewnienie rozs\u0105dnej ochrony przed szkodliwymi zak\u0142\u00f3ceniami w instalacjach domowych. To urz\u0105dzenie generuje, wykorzystuje i mo\u017ce emitowa\u0107 energi\u0119 o cz\u0119stotliwo\u015bci radiowej, a je\u015bli nie jest zainstalowane i u\u017cywane zgodnie z instrukcjami, mo\u017ce powodowa\u0107 szkodliwe zak\u0142\u00f3cenia w komunikacji radiowej. Nie ma jednak gwarancji, \u017ce zak\u0142\u00f3cenia nie wyst\u0105pi\u0105 w konkretnej instalacji. Je\u015bli to urz\u0105dzenie powoduje szkodliwe zak\u0142\u00f3cenia w odbiorze radiowym lub telewizyjnym, co mo\u017cna stwierdzi\u0107 poprzez wy\u0142\u0105czenie i w\u0142\u0105czenie urz\u0105dzenia, zach\u0119ca si\u0119 u\u017cytkownika do podj\u0119cia pr\u00f3by usuni\u0119cia zak\u0142\u00f3ce\u0144 za pomoc\u0105 jednego lub kilku z poni\u017cszych \u015brodk\u00f3w:<br \/>\n- Zmiana orientacji lub po\u0142o\u017cenia anteny odbiorczej.<br \/>\n- Zwi\u0119kszenie odleg\u0142o\u015bci mi\u0119dzy urz\u0105dzeniem a odbiornikiem.<br \/>\n- Pod\u0142\u0105cz urz\u0105dzenie do gniazda w obwodzie innym ni\u017c ten, do kt\u00f3rego pod\u0142\u0105czony jest odbiornik.<br \/>\n- Skonsultuj si\u0119 ze sprzedawc\u0105 lub do\u015bwiadczonym technikiem radiowo-telewizyjnym w celu uzyskania pomocy.<\/p>\n<\/div><div class=\"fusion-clearfix\"><\/div><\/div><\/div><\/div><div class=\"fusion-clearfix\"><\/div><\/div><\/div>\n<\/div><\/div><div class=\"fusion-fullwidth fullwidth-box fusion-builder-row-3 nonhundred-percent-fullwidth non-hundred-percent-height-scrolling\" style=\"background-color: rgba(255,255,255,0);background-position: center center;background-repeat: no-repeat;padding-top:0px;padding-right:0px;padding-bottom:0px;padding-left:0px;margin-bottom: 0px;margin-top: 0px;border-width: 0px 0px 0px 0px;border-color:#eae9e9;border-style:solid;\" ><div class=\"fusion-builder-row fusion-row\"><div class=\"fusion-layout-column fusion_builder_column fusion-builder-column-6 fusion_builder_column_1_4 1_4 fusion-one-fourth fusion-column-first fusion-no-small-visibility fusion-no-medium-visibility\" style=\"width:25%;width:calc(25% - ( ( 4% + 4% + 4% ) * 0.25 ) );margin-right: 4%;margin-top:0px;margin-bottom:20px;\"><div class=\"fusion-column-wrapper fusion-flex-column-wrapper-legacy\" style=\"background-position:left top;background-repeat:no-repeat;-webkit-background-size:cover;-moz-background-size:cover;-o-background-size:cover;background-size:cover;padding: 0px 0px 0px 0px;\"><div class=\"fusion-clearfix\"><\/div><\/div><\/div><div class=\"fusion-layout-column fusion_builder_column fusion-builder-column-7 fusion_builder_column_1_4 1_4 fusion-one-fourth\" style=\"width:25%;width:calc(25% - ( ( 4% + 4% + 4% ) * 0.25 ) );margin-right: 4%;margin-top:0px;margin-bottom:20px;\"><div class=\"fusion-column-wrapper fusion-flex-column-wrapper-legacy\" style=\"background-position:left top;background-repeat:no-repeat;-webkit-background-size:cover;-moz-background-size:cover;-o-background-size:cover;background-size:cover;padding: 0px 0px 0px 0px;\"><div class=\"fusion-alignright\"><style>.fusion-button.button-1 .fusion-button-text,.fusion-button.button-1 i{color:#009fe1;}.fusion-button.button-1{border-color:#009fe1;border-width:1px 1px 1px 1px;border-radius:2px 2px 2px 2px;background:#eeeeee;}.fusion-button.button-1:hover .fusion-button-text,.fusion-button.button-1:hover i,.fusion-button.button-1:focus .fusion-button-text,.fusion-button.button-1:focus i,.fusion-button.button-1:active .fusion-button-text,.fusion-button.button-1:active i{color:#03a9f4;}.fusion-button.button-1:hover,.fusion-button.button-1:active,.fusion-button.button-1:focus{border-color:#03a9f4;border-width:1px 1px 1px 1px;background:#dddddd;}<\/style><a class=\"fusion-button button-flat fusion-button-default-size button-custom button-1 fusion-button-default-span fusion-button-default-type\" target=\"_self\" onclick=\"window.history.back();\" href=\"https:\/\/setup.ismartgate.com\/pl\/przykladowa-strona\/\"><span class=\"fusion-button-text\">&lt; poprzedni<\/span><\/a><\/div><div class=\"fusion-clearfix\"><\/div><\/div><\/div><div class=\"fusion-layout-column fusion_builder_column fusion-builder-column-8 fusion_builder_column_1_4 1_4 fusion-one-fourth\" style=\"width:25%;width:calc(25% - ( ( 4% + 4% + 4% ) * 0.25 ) );margin-right: 4%;margin-top:0px;margin-bottom:20px;\"><div class=\"fusion-column-wrapper fusion-flex-column-wrapper-legacy\" style=\"background-position:left top;background-repeat:no-repeat;-webkit-background-size:cover;-moz-background-size:cover;-o-background-size:cover;background-size:cover;padding: 0px 0px 0px 0px;\"><div class=\"fusion-alignleft\"><style>.fusion-button.button-2 .fusion-button-text,.fusion-button.button-2 i{color:#009fe1;}.fusion-button.button-2{border-color:#009fe1;border-width:1px 1px 1px 1px;border-radius:2px 2px 2px 2px;background:#eeeeee;}.fusion-button.button-2:hover .fusion-button-text,.fusion-button.button-2:hover i,.fusion-button.button-2:focus .fusion-button-text,.fusion-button.button-2:focus i,.fusion-button.button-2:active .fusion-button-text,.fusion-button.button-2:active i{color:#03a9f4;}.fusion-button.button-2:hover,.fusion-button.button-2:active,.fusion-button.button-2:focus{border-color:#03a9f4;border-width:1px 1px 1px 1px;background:#dddddd;}<\/style><a class=\"fusion-button button-flat fusion-button-default-size button-custom button-2 fusion-button-default-span fusion-button-default-type\" target=\"_self\" href=\"\/pl\/02-program\/programing-wireless-sensor-garage\/\"><span class=\"fusion-button-text\">Nast\u0119pny &gt;<\/span><\/a><\/div><div class=\"fusion-clearfix\"><\/div><\/div><\/div><div class=\"fusion-layout-column fusion_builder_column fusion-builder-column-9 fusion_builder_column_1_4 1_4 fusion-one-fourth fusion-column-last fusion-no-small-visibility fusion-no-medium-visibility\" style=\"width:25%;width:calc(25% - ( ( 4% + 4% + 4% ) * 0.25 ) );margin-top:0px;margin-bottom:20px;\"><div class=\"fusion-column-wrapper fusion-flex-column-wrapper-legacy\" style=\"background-position:left top;background-repeat:no-repeat;-webkit-background-size:cover;-moz-background-size:cover;-o-background-size:cover;background-size:cover;padding: 0px 0px 0px 0px;\"><div class=\"fusion-clearfix\"><\/div><\/div><\/div><div class=\"fusion-layout-column fusion_builder_column fusion-builder-column-10 fusion_builder_column_1_1 1_1 fusion-one-full fusion-column-first fusion-column-last\" style=\"margin-top:0px;margin-bottom:20px;\"><div class=\"fusion-column-wrapper fusion-flex-column-wrapper-legacy\" style=\"background-position:left top;background-repeat:no-repeat;-webkit-background-size:cover;-moz-background-size:cover;-o-background-size:cover;background-size:cover;padding: 0px 0px 0px 0px;\"><script type=\"text\/javascript\">\njQuery(document).ready(function(){\n\tjQuery('.page-number-ism').hide();\n});\n<\/script><div class=\"fusion-clearfix\"><\/div><\/div><\/div><\/div><\/div>[fusion_builder_next_page]<\/p>","protected":false},"excerpt":{"rendered":"<p>[fusion_builder_next_page]<\/p>","protected":false},"author":2,"featured_media":0,"parent":2,"menu_order":0,"comment_status":"closed","ping_status":"closed","template":"","meta":[],"yst_prominent_words":[],"_links":{"self":[{"href":"https:\/\/setup.ismartgate.com\/pl\/wp-json\/wp\/v2\/pages\/4050"}],"collection":[{"href":"https:\/\/setup.ismartgate.com\/pl\/wp-json\/wp\/v2\/pages"}],"about":[{"href":"https:\/\/setup.ismartgate.com\/pl\/wp-json\/wp\/v2\/types\/page"}],"author":[{"embeddable":true,"href":"https:\/\/setup.ismartgate.com\/pl\/wp-json\/wp\/v2\/users\/2"}],"replies":[{"embeddable":true,"href":"https:\/\/setup.ismartgate.com\/pl\/wp-json\/wp\/v2\/comments?post=4050"}],"version-history":[{"count":24,"href":"https:\/\/setup.ismartgate.com\/pl\/wp-json\/wp\/v2\/pages\/4050\/revisions"}],"predecessor-version":[{"id":8051,"href":"https:\/\/setup.ismartgate.com\/pl\/wp-json\/wp\/v2\/pages\/4050\/revisions\/8051"}],"up":[{"embeddable":true,"href":"https:\/\/setup.ismartgate.com\/pl\/wp-json\/wp\/v2\/pages\/2"}],"wp:attachment":[{"href":"https:\/\/setup.ismartgate.com\/pl\/wp-json\/wp\/v2\/media?parent=4050"}],"wp:term":[{"taxonomy":"yst_prominent_words","embeddable":true,"href":"https:\/\/setup.ismartgate.com\/pl\/wp-json\/wp\/v2\/yst_prominent_words?post=4050"}],"curies":[{"name":"wp","href":"https:\/\/api.w.org\/{rel}","templated":true}]}}