{"id":5564,"date":"2020-01-30T11:27:17","date_gmt":"2020-01-30T11:27:17","guid":{"rendered":"https:\/\/setup.ismartgate.com\/?page_id=5564"},"modified":"2020-06-10T06:36:35","modified_gmt":"2020-06-10T06:36:35","slug":"ethernet-iphone","status":"publish","type":"page","link":"https:\/\/setup.ismartgate.com\/nb\/ethernet-iphone\/","title":{"rendered":"Ethernet-konfigurasjon Ismartgate - iPhone"},"content":{"rendered":"<p><div class=\"fusion-fullwidth fullwidth-box fusion-builder-row-1 nonhundred-percent-fullwidth non-hundred-percent-height-scrolling\" style=\"background-color: rgba(255,255,255,0);background-position: center center;background-repeat: no-repeat;padding-top:0px;padding-right:0px;padding-bottom:0px;padding-left:0px;margin-bottom: 0px;margin-top: 0px;border-width: 0px 0px 0px 0px;border-color:#eae9e9;border-style:solid;\" ><div class=\"fusion-builder-row fusion-row\"><div class=\"fusion-layout-column fusion_builder_column fusion-builder-column-0 fusion_builder_column_1_1 1_1 fusion-one-full fusion-column-first fusion-column-last\" style=\"margin-top:0px;margin-bottom:20px;\"><div class=\"fusion-column-wrapper fusion-flex-column-wrapper-legacy\" style=\"background-position:left top;background-repeat:no-repeat;-webkit-background-size:cover;-moz-background-size:cover;-o-background-size:cover;background-size:cover;padding: 0px 0px 0px 0px;\"><div class=\"fusion-text fusion-text-1\"><h1 style=\"text-align: center;\"><span style=\"color: #009fe1;\">02. Program iPhone<\/span><\/h1>\n<\/div><div class=\"fusion-text fusion-text-2\"><h2 style=\"text-align: center;\"><b>ismartgate satt opp<\/b><\/h2>\n<\/div><div class=\"fusion-text fusion-text-3\"><h4 style=\"text-align: center;\"><span style=\"color: #009fe0;\">Ethernet-konfigurasjon<\/span><\/h4>\n<\/div><div class=\"fusion-clearfix\"><\/div><\/div><\/div><div class=\"fusion-layout-column fusion_builder_column fusion-builder-column-1 fusion_builder_column_1_1 1_1 fusion-one-full fusion-column-first fusion-column-last\" style=\"margin-top:0px;margin-bottom:20px;\"><div class=\"fusion-column-wrapper fusion-flex-column-wrapper-legacy\" style=\"background-position:left top;background-repeat:no-repeat;-webkit-background-size:cover;-moz-background-size:cover;-o-background-size:cover;background-size:cover;padding: 0px 0px 0px 0px;\"><div class=\"fusion-text fusion-text-4\"><p style=\"text-align: center;\">Koble USB til Ethernet-adapteren til USB-kontakten i ismartgate-enheten.<\/p>\n<p style=\"text-align: center;\">Wi-Fi-lampen skal lyse gr\u00f8nt, som p\u00e5 bildet nedenfor:<\/p>\n<\/div><div class=\"fusion-builder-row fusion-builder-row-inner fusion-row\"><div class=\"fusion-layout-column fusion_builder_column_inner fusion-builder-nested-column-0 fusion_builder_column_inner_1_3 1_3 fusion-one-third fusion-column-first\" style=\"width:33.333333333333%;width:calc(33.333333333333% - ( ( 4% + 4% ) * 0.33333333333333 ) );margin-right: 4%;margin-top:0px;margin-bottom:20px;\"><div class=\"fusion-column-wrapper fusion-flex-column-wrapper-legacy\" style=\"background-position:left top;background-repeat:no-repeat;-webkit-background-size:cover;-moz-background-size:cover;-o-background-size:cover;background-size:cover;padding: 0px 0px 0px 0px;\"><div class=\"fusion-clearfix\"><\/div><\/div><\/div><div class=\"fusion-layout-column fusion_builder_column_inner fusion-builder-nested-column-1 fusion_builder_column_inner_1_3 1_3 fusion-one-third\" style=\"width:33.333333333333%;width:calc(33.333333333333% - ( ( 4% + 4% ) * 0.33333333333333 ) );margin-right: 4%;margin-top:0px;margin-bottom:20px;\"><div class=\"fusion-column-wrapper fusion-flex-column-wrapper-legacy\" style=\"background-position:left top;background-repeat:no-repeat;-webkit-background-size:cover;-moz-background-size:cover;-o-background-size:cover;background-size:cover;padding: 0px 0px 0px 0px;\"><span class=\"fusion-imageframe imageframe-none imageframe-1 hover-type-none\" style=\"border-radius:5px;\"><img width=\"600\" height=\"598\" title=\"dav\" src=\"https:\/\/setup.ismartgate.com\/wp-content\/uploads\/2020\/01\/isg_ethernet-1-600x598.jpg\" alt class=\"img-responsive wp-image-5557\" srcset=\"https:\/\/setup.ismartgate.com\/wp-content\/uploads\/2020\/01\/isg_ethernet-1-200x199.jpg 200w, https:\/\/setup.ismartgate.com\/wp-content\/uploads\/2020\/01\/isg_ethernet-1-400x399.jpg 400w, https:\/\/setup.ismartgate.com\/wp-content\/uploads\/2020\/01\/isg_ethernet-1-600x598.jpg 600w, https:\/\/setup.ismartgate.com\/wp-content\/uploads\/2020\/01\/isg_ethernet-1-800x797.jpg 800w, https:\/\/setup.ismartgate.com\/wp-content\/uploads\/2020\/01\/isg_ethernet-1-1200x1196.jpg 1200w\" sizes=\"(max-width: 1100px) 100vw, 400px\" \/><\/span><div class=\"fusion-clearfix\"><\/div><\/div><\/div><div class=\"fusion-layout-column fusion_builder_column_inner fusion-builder-nested-column-2 fusion_builder_column_inner_1_3 1_3 fusion-one-third fusion-column-last\" style=\"width:33.333333333333%;width:calc(33.333333333333% - ( ( 4% + 4% ) * 0.33333333333333 ) );margin-top:0px;margin-bottom:20px;\"><div class=\"fusion-column-wrapper fusion-flex-column-wrapper-legacy\" style=\"background-position:left top;background-repeat:no-repeat;-webkit-background-size:cover;-moz-background-size:cover;-o-background-size:cover;background-size:cover;padding: 0px 0px 0px 0px;\"><div class=\"fusion-clearfix\"><\/div><\/div><\/div><\/div><div class=\"fusion-text fusion-text-5\"><p style=\"text-align: center;\">Hvis Wi-Fi-lampen lyser r\u00f8dt, m\u00e5 du tilbakestille enheten, ellers velger du Neste<\/p>\n<\/div><div class=\"fusion-sep-clear\"><\/div><div class=\"fusion-separator fusion-full-width-sep\" style=\"margin-left: auto;margin-right: auto;margin-top:5px;margin-bottom:5px;width:100%;\"><\/div><div class=\"fusion-sep-clear\"><\/div><div class=\"fusion-aligncenter\"><style>.fusion-button.button-1{border-radius:2px 2px 2px 2px;}<\/style><a class=\"fusion-button button-flat fusion-button-default-size button-default button-1 fusion-button-default-span fusion-button-default-type\" target=\"_blank\" rel=\"noopener noreferrer\" href=\"https:\/\/setup.ismartgate.com\/nb\/reset-ethernet-iphone\/\"><span class=\"fusion-button-text\">Tilbakestill<\/span><\/a><\/div><div class=\"fusion-clearfix\"><\/div><\/div><\/div><\/div><\/div>[fusion_builder_next_page]<div class=\"fusion-fullwidth fullwidth-box fusion-builder-row-2 nonhundred-percent-fullwidth non-hundred-percent-height-scrolling\" style=\"background-color: rgba(255,255,255,0);background-position: center center;background-repeat: no-repeat;padding-top:0px;padding-right:0px;padding-bottom:0px;padding-left:0px;margin-bottom: 0px;margin-top: 0px;border-width: 0px 0px 0px 0px;border-color:#eae9e9;border-style:solid;\" ><div class=\"fusion-builder-row fusion-row\"><div class=\"fusion-layout-column fusion_builder_column fusion-builder-column-2 fusion_builder_column_1_1 1_1 fusion-one-full fusion-column-first fusion-column-last\" style=\"margin-top:0px;margin-bottom:20px;\"><div class=\"fusion-column-wrapper fusion-flex-column-wrapper-legacy\" style=\"background-position:left top;background-repeat:no-repeat;-webkit-background-size:cover;-moz-background-size:cover;-o-background-size:cover;background-size:cover;padding: 0px 0px 0px 0px;\"><div class=\"fusion-text fusion-text-6\"><h1 style=\"text-align: center;\"><span style=\"color: #009fe1;\">02. Program iPhone<\/span><\/h1>\n<\/div><div class=\"fusion-text fusion-text-7\"><h2 style=\"text-align: center;\"><b>ismartgate satt opp<\/b><\/h2>\n<\/div><div class=\"fusion-text fusion-text-8\"><h4 style=\"text-align: center;\"><span style=\"color: #009fe0;\">Ethernet-konfigurasjon<\/span><\/h4>\n<\/div><div class=\"fusion-clearfix\"><\/div><\/div><\/div><div class=\"fusion-layout-column fusion_builder_column fusion-builder-column-3 fusion_builder_column_1_4 1_4 fusion-one-fourth fusion-column-first\" style=\"width:25%;width:calc(25% - ( ( 4% + 4% + 4% ) * 0.25 ) );margin-right: 4%;margin-top:0px;margin-bottom:20px;\"><div class=\"fusion-column-wrapper fusion-flex-column-wrapper-legacy\" style=\"background-position:left top;background-repeat:no-repeat;-webkit-background-size:cover;-moz-background-size:cover;-o-background-size:cover;background-size:cover;padding: 0px 0px 0px 0px;\"><span class=\"fusion-imageframe imageframe-none imageframe-2 hover-type-none\" style=\"border-radius:5px;\"><img src=\"https:\/\/ismartgate.com\/wp-content\/uploads\/2019\/09\/App_0.jpg\" alt class=\"img-responsive\"\/><\/span><div class=\"fusion-text fusion-text-9\"><ol>\n<li>\u00c5pne ismartgate-appen din<\/li>\n<\/ol>\n<\/div><div class=\"fusion-clearfix\"><\/div><\/div><\/div><div class=\"fusion-layout-column fusion_builder_column fusion-builder-column-4 fusion_builder_column_1_4 1_4 fusion-one-fourth\" style=\"width:25%;width:calc(25% - ( ( 4% + 4% + 4% ) * 0.25 ) );margin-right: 4%;margin-top:0px;margin-bottom:20px;\"><div class=\"fusion-column-wrapper fusion-flex-column-wrapper-legacy\" style=\"background-position:left top;background-repeat:no-repeat;-webkit-background-size:cover;-moz-background-size:cover;-o-background-size:cover;background-size:cover;padding: 0px 0px 0px 0px;\"><span class=\"fusion-imageframe imageframe-none imageframe-3 hover-type-none\" style=\"border-radius:5px;\"><img src=\"https:\/\/ismartgate.com\/wp-content\/uploads\/2019\/09\/App_Start_Join.jpg\" alt class=\"img-responsive\"\/><\/span><div class=\"fusion-text fusion-text-10\"><ol start=\"2\">\n<li>Velg alternativet Start konfigurasjon.<\/li>\n<\/ol>\n<\/div><div class=\"fusion-clearfix\"><\/div><\/div><\/div><div class=\"fusion-layout-column fusion_builder_column fusion-builder-column-5 fusion_builder_column_1_4 1_4 fusion-one-fourth\" style=\"width:25%;width:calc(25% - ( ( 4% + 4% + 4% ) * 0.25 ) );margin-right: 4%;margin-top:0px;margin-bottom:20px;\"><div class=\"fusion-column-wrapper fusion-flex-column-wrapper-legacy\" style=\"background-position:left top;background-repeat:no-repeat;-webkit-background-size:cover;-moz-background-size:cover;-o-background-size:cover;background-size:cover;padding: 0px 0px 0px 0px;\"><span class=\"fusion-imageframe imageframe-none imageframe-4 hover-type-none\" style=\"border-radius:5px;\"><img src=\"https:\/\/ismartgate.com\/wp-content\/uploads\/2019\/09\/App_Start_1.jpg\" alt class=\"img-responsive\"\/><\/span><div class=\"fusion-text fusion-text-11\"><ol start=\"3\">\n<li>Hopp over alle disse instruksjonene til du ser neste bilde<\/li>\n<\/ol>\n<\/div><div class=\"fusion-clearfix\"><\/div><\/div><\/div><div class=\"fusion-layout-column fusion_builder_column fusion-builder-column-6 fusion_builder_column_1_4 1_4 fusion-one-fourth fusion-column-last\" style=\"width:25%;width:calc(25% - ( ( 4% + 4% + 4% ) * 0.25 ) );margin-top:0px;margin-bottom:20px;\"><div class=\"fusion-column-wrapper fusion-flex-column-wrapper-legacy\" style=\"background-position:left top;background-repeat:no-repeat;-webkit-background-size:cover;-moz-background-size:cover;-o-background-size:cover;background-size:cover;padding: 0px 0px 0px 0px;\"><span class=\"fusion-imageframe imageframe-none imageframe-5 hover-type-none\" style=\"border-radius:5px;\"><img src=\"https:\/\/ismartgate.com\/wp-content\/uploads\/2019\/09\/setup_ethernet1-1.jpg\" alt class=\"img-responsive\"\/><\/span><div class=\"fusion-text fusion-text-12\"><ol start=\"4\">\n<li>Kontroller at telefonen er koblet til det samme nettverket som ismartgate-enheten du koblet til via Ethernet. <strong>Et 2,4 GHz-nettverk<\/strong>. Hvis du har et 5 GHz- og et 2,4 GHz-nettverk, kobler du til 2,4 GHz-nettverket.<\/li>\n<\/ol>\n<\/div><div class=\"fusion-clearfix\"><\/div><\/div><\/div><\/div><\/div>[fusion_builder_next_page]<div class=\"fusion-fullwidth fullwidth-box fusion-builder-row-3 nonhundred-percent-fullwidth non-hundred-percent-height-scrolling\" style=\"background-color: rgba(255,255,255,0);background-position: center center;background-repeat: no-repeat;padding-top:0px;padding-right:0px;padding-bottom:0px;padding-left:0px;margin-bottom: 0px;margin-top: 0px;border-width: 0px 0px 0px 0px;border-color:#eae9e9;border-style:solid;\" ><div class=\"fusion-builder-row fusion-row\"><div class=\"fusion-layout-column fusion_builder_column fusion-builder-column-7 fusion_builder_column_1_1 1_1 fusion-one-full fusion-column-first fusion-column-last\" style=\"margin-top:0px;margin-bottom:20px;\"><div class=\"fusion-column-wrapper fusion-flex-column-wrapper-legacy\" style=\"background-position:left top;background-repeat:no-repeat;-webkit-background-size:cover;-moz-background-size:cover;-o-background-size:cover;background-size:cover;padding: 0px 0px 0px 0px;\"><div class=\"fusion-text fusion-text-13\"><h1 style=\"text-align: center;\"><span style=\"color: #009fe1;\">02. Program iPhone<\/span><\/h1>\n<\/div><div class=\"fusion-text fusion-text-14\"><h2 style=\"text-align: center;\">ismartgate Oppsett<\/h2>\n<\/div><div class=\"fusion-text fusion-text-15\"><h4 style=\"text-align: center;\"><span style=\"color: #3483c9;\">Konfigurer d\u00f8rer<\/span><\/h4>\n<\/div><div class=\"fusion-clearfix\"><\/div><\/div><\/div><div class=\"fusion-layout-column fusion_builder_column fusion-builder-column-8 fusion_builder_column_1_3 1_3 fusion-one-third fusion-column-first\" style=\"width:33.333333333333%;width:calc(33.333333333333% - ( ( 4% + 4% ) * 0.33333333333333 ) );margin-right: 4%;margin-top:0px;margin-bottom:20px;\"><div class=\"fusion-column-wrapper fusion-flex-column-wrapper-legacy\" style=\"background-position:left top;background-repeat:no-repeat;-webkit-background-size:cover;-moz-background-size:cover;-o-background-size:cover;background-size:cover;padding: 10px 10px 10px 10px;\"><span class=\"fusion-imageframe imageframe-none imageframe-6 hover-type-none\" style=\"border-radius:5px;\"><img width=\"298\" height=\"538\" title=\"ISG_Language\" src=\"https:\/\/setup.ismartgate.com\/wp-content\/uploads\/2019\/03\/ISG_Language.png\" alt class=\"img-responsive wp-image-4188\" srcset=\"https:\/\/setup.ismartgate.com\/wp-content\/uploads\/2019\/03\/ISG_Language-200x361.png 200w, https:\/\/setup.ismartgate.com\/wp-content\/uploads\/2019\/03\/ISG_Language.png 298w\" sizes=\"(max-width: 1100px) 100vw, 298px\" \/><\/span><div class=\"fusion-text fusion-text-16\"><p>Det er n\u00e5 p\u00e5 tide \u00e5 programmere din ismartgate:<br \/>\n1. Velg din foretrukne <b>spr\u00e5k<br \/>\n<\/b>2. Trykk p\u00e5 <b>\"Neste\"<\/b>.<\/p>\n<\/div><div class=\"fusion-clearfix\"><\/div><\/div><\/div><div class=\"fusion-layout-column fusion_builder_column fusion-builder-column-9 fusion_builder_column_1_3 1_3 fusion-one-third\" style=\"width:33.333333333333%;width:calc(33.333333333333% - ( ( 4% + 4% ) * 0.33333333333333 ) );margin-right: 4%;margin-top:0px;margin-bottom:20px;\"><div class=\"fusion-column-wrapper fusion-flex-column-wrapper-legacy\" style=\"background-position:left top;background-repeat:no-repeat;-webkit-background-size:cover;-moz-background-size:cover;-o-background-size:cover;background-size:cover;padding: 10px 10px 10px 10px;\"><span class=\"fusion-imageframe imageframe-none imageframe-7 hover-type-none\" style=\"border-radius:5px;\"><img width=\"298\" height=\"538\" title=\"ISG_Doors\" src=\"https:\/\/setup.ismartgate.com\/wp-content\/uploads\/2019\/03\/ISG_Doors.png\" alt class=\"img-responsive wp-image-4189\" srcset=\"https:\/\/setup.ismartgate.com\/wp-content\/uploads\/2019\/03\/ISG_Doors-200x361.png 200w, https:\/\/setup.ismartgate.com\/wp-content\/uploads\/2019\/03\/ISG_Doors.png 298w\" sizes=\"(max-width: 1100px) 100vw, 298px\" \/><\/span><div class=\"fusion-text fusion-text-17\"><p>Definer hvor mange d\u00f8rer du \u00f8nsker \u00e5 kontrollere:<br \/>\n1. Start\u00a0<b>\"<\/b><b>Aktivering<\/b><b>\" D\u00d8R 1<br \/>\n<\/b>2. Rull\u00a0<b>ned<\/b><b>.<\/b><\/p>\n<\/div><div class=\"fusion-clearfix\"><\/div><\/div><\/div><div class=\"fusion-layout-column fusion_builder_column fusion-builder-column-10 fusion_builder_column_1_3 1_3 fusion-one-third fusion-column-last\" style=\"width:33.333333333333%;width:calc(33.333333333333% - ( ( 4% + 4% ) * 0.33333333333333 ) );margin-top:0px;margin-bottom:20px;\"><div class=\"fusion-column-wrapper fusion-flex-column-wrapper-legacy\" style=\"background-position:left top;background-repeat:no-repeat;-webkit-background-size:cover;-moz-background-size:cover;-o-background-size:cover;background-size:cover;padding: 10px 10px 10px 10px;\"><span class=\"fusion-imageframe imageframe-none imageframe-8 hover-type-none\" style=\"border-radius:5px;\"><img width=\"298\" height=\"538\" title=\"ISG_Doors_Fields\" src=\"https:\/\/setup.ismartgate.com\/wp-content\/uploads\/2019\/03\/ISG_Doors_Fields.png\" alt class=\"img-responsive wp-image-4190\" srcset=\"https:\/\/setup.ismartgate.com\/wp-content\/uploads\/2019\/03\/ISG_Doors_Fields-200x361.png 200w, https:\/\/setup.ismartgate.com\/wp-content\/uploads\/2019\/03\/ISG_Doors_Fields.png 298w\" sizes=\"(max-width: 1100px) 100vw, 298px\" \/><\/span><div class=\"fusion-text fusion-text-18\"><p><b>(1) <\/b><b>Fyll<\/b> <b>den<\/b> <b>f\u00f8lgende<\/b> <b>felt<\/b><b>:<br \/>\n<\/b>1. d\u00f8rmodus: Garasje \/ port<br \/>\n2. portbilder: Standard \/ Egendefinert (du kan laste opp bilder av garasjeporten din \u00e5pen\/lukket)<br \/>\n3. D\u00f8rnavn<br \/>\n4. sensortype<br \/>\n5. Sensor-ID<\/p>\n<p><b>(2) <\/b><b>Rull<\/b>\u00a0<b>ned<\/b><\/p>\n<\/div><div class=\"fusion-clearfix\"><\/div><\/div><\/div><\/div><\/div>[fusion_builder_next_page]<div class=\"fusion-fullwidth fullwidth-box fusion-builder-row-4 nonhundred-percent-fullwidth non-hundred-percent-height-scrolling\" style=\"background-color: rgba(255,255,255,0);background-position: center center;background-repeat: no-repeat;padding-top:0px;padding-right:0px;padding-bottom:0px;padding-left:0px;margin-bottom: 0px;margin-top: 0px;border-width: 0px 0px 0px 0px;border-color:#eae9e9;border-style:solid;\" ><div class=\"fusion-builder-row fusion-row\"><div class=\"fusion-layout-column fusion_builder_column fusion-builder-column-11 fusion_builder_column_1_1 1_1 fusion-one-full fusion-column-first fusion-column-last\" style=\"margin-top:0px;margin-bottom:20px;\"><div class=\"fusion-column-wrapper fusion-flex-column-wrapper-legacy\" style=\"background-position:left top;background-repeat:no-repeat;-webkit-background-size:cover;-moz-background-size:cover;-o-background-size:cover;background-size:cover;padding: 0px 0px 0px 0px;\"><div class=\"fusion-text fusion-text-19\"><h1 style=\"text-align: center;\"><span style=\"color: #009fe1;\">02. Program iPhone<\/span><\/h1>\n<\/div><div class=\"fusion-text fusion-text-20\"><h2 style=\"text-align: center;\">ismartgate Oppsett<\/h2>\n<\/div><div class=\"fusion-text fusion-text-21\"><h4 style=\"text-align: center;\"><span style=\"color: #3483c9;\">Hvilket oppsett velger du?<\/span><\/h4>\n<\/div><div class=\"fusion-clearfix\"><\/div><\/div><\/div><div class=\"fusion-layout-column fusion_builder_column fusion-builder-column-12 fusion_builder_column_1_6 1_6 fusion-one-sixth fusion-column-first\" style=\"width:16.666666666667%;width:calc(16.666666666667% - ( ( 4% + 4% + 4% ) * 0.16666666666667 ) );margin-right: 4%;margin-top:0px;margin-bottom:20px;\"><div class=\"fusion-column-wrapper fusion-flex-column-wrapper-legacy\" style=\"background-position:left top;background-repeat:no-repeat;-webkit-background-size:cover;-moz-background-size:cover;-o-background-size:cover;background-size:cover;padding: 10px 10px 10px 10px;\"><div class=\"fusion-clearfix\"><\/div><\/div><\/div><div class=\"fusion-layout-column fusion_builder_column fusion-builder-column-13 fusion_builder_column_1_3 1_3 fusion-one-third element-list-entrematic fusion-column-inner-bg-wrapper\" style=\"width:33.333333333333%;width:calc(33.333333333333% - ( ( 4% + 4% + 4% ) * 0.33333333333333 ) );margin-right: 4%;margin-top:0px;margin-bottom:20px;\"><div class=\"fusion-column-wrapper fusion-flex-column-wrapper-legacy\" style=\"border:2px solid #d1d1d1;padding: 20px 20px 20px 20px;\"><div class=\"imageframe-align-center\"><span class=\"fusion-imageframe imageframe-none imageframe-9 hover-type-none\" style=\"border-radius:5px;\"><img width=\"279\" height=\"200\" title=\"ismartgate_homekit\" src=\"https:\/\/setup.ismartgate.com\/wp-content\/uploads\/2019\/03\/ismartgate_homekit.png\" alt class=\"img-responsive wp-image-4192\" srcset=\"https:\/\/setup.ismartgate.com\/wp-content\/uploads\/2019\/03\/ismartgate_homekit-200x143.png 200w, https:\/\/setup.ismartgate.com\/wp-content\/uploads\/2019\/03\/ismartgate_homekit.png 279w\" sizes=\"(max-width: 1100px) 100vw, 279px\" \/><\/span><\/div><div class=\"fusion-text fusion-text-22\"><h3 style=\"text-align: center;\"><strong>Fullt oppsett<\/strong><br \/>\n(ANBEFALT)<\/h3>\n<\/div><div class=\"fusion-text fusion-text-23\"><p style=\"text-align: left;\">Du vil f\u00e5 glede av alle funksjonene i ismartgate:<\/p>\n<ul>\n<li>Ekstern tilgang<\/li>\n<li>Apple HomeKit<\/li>\n<li style=\"text-align: left;\">Videoopptak og str\u00f8mming<\/li>\n<li style=\"text-align: left;\">Brukeradministrasjon<\/li>\n<li style=\"text-align: left;\">Hjemmeintegrasjon med Google Home \/ Amazon Alexa<\/li>\n<li style=\"text-align: left;\">Automatisk \u00e5pning\/lukking med iFTTT<\/li>\n<\/ul>\n<\/div><div class=\"fusion-aligncenter\"><style>.fusion-button.button-2{border-radius:2px 2px 2px 2px;}<\/style><a class=\"fusion-button button-flat fusion-button-default-size button-default button-2 fusion-button-default-span fusion-button-default-type\" target=\"_self\"><span class=\"fusion-button-text\">ismartgate + HomeKit<\/span><\/a><\/div><div class=\"fusion-clearfix\"><\/div><\/div><span class=\"fusion-column-inner-bg hover-type-none\"><a class=\"fusion-column-anchor\" href=\"index.php\/02-program\/programing-esc-for-iphone\/15\/\"><span class=\"fusion-column-inner-bg-image\" style=\"background-position:left top;background-repeat:no-repeat;-webkit-background-size:cover;-moz-background-size:cover;-o-background-size:cover;background-size:cover;\"><\/span><\/a><\/span><\/div><div class=\"fusion-layout-column fusion_builder_column fusion-builder-column-14 fusion_builder_column_1_3 1_3 fusion-one-third element-list-entrematic fusion-column-inner-bg-wrapper\" style=\"width:33.333333333333%;width:calc(33.333333333333% - ( ( 4% + 4% + 4% ) * 0.33333333333333 ) );margin-right: 4%;margin-top:0px;margin-bottom:20px;\"><div class=\"fusion-column-wrapper fusion-flex-column-wrapper-legacy\" style=\"border:2px solid #d1d1d1;padding: 20px 20px 20px 20px;\"><div class=\"imageframe-align-center\"><span class=\"fusion-imageframe imageframe-none imageframe-10 hover-type-none\" style=\"border-radius:5px;\"><img width=\"279\" height=\"200\" title=\"HK1\" src=\"https:\/\/setup.ismartgate.com\/wp-content\/uploads\/2018\/10\/HK1.png\" alt class=\"img-responsive wp-image-926\" srcset=\"https:\/\/setup.ismartgate.com\/wp-content\/uploads\/2018\/10\/HK1-200x143.png 200w, https:\/\/setup.ismartgate.com\/wp-content\/uploads\/2018\/10\/HK1.png 279w\" sizes=\"(max-width: 1100px) 100vw, 279px\" \/><\/span><\/div><div class=\"fusion-text fusion-text-24\"><h3 style=\"text-align: center;\"><strong>HomeKit<\/strong><br \/>\n<span style=\"color: #ff0000;\">(KUN)<\/span><\/h3>\n<\/div><div class=\"fusion-text fusion-text-25\"><p>Din ismartgate kan <span style=\"color: #ff0000;\"><strong>kan bare brukes med Apples Home-app*.<\/strong><\/span>.<br \/>\nDu kan\u00a0<span style=\"color: #ff0000;\"><strong>IKKE v\u00e6re i stand til<\/strong><\/span>\u00a0for \u00e5 f\u00e5 glede av f\u00f8lgende funksjoner:<\/p>\n<ul>\n<li>Brukeradministrasjon<\/li>\n<li>Videooverv\u00e5king av garasje<\/li>\n<li>Integrering med andre Smart Home-plattformer<\/li>\n<li style=\"text-align: left;\">Temperaturvarsler<\/li>\n<li><span style=\"color: #ff0000;\"><strong>FASTVAREOPPDATERINGER<\/strong><\/span><\/li>\n<\/ul>\n<\/div><div class=\"fusion-text fusion-text-26\"><h6>*For \u00e5 fjernstyre ismartgate med Siri eller Apple Home-appen kan det hende du trenger en Apple TV eller Apple HomePod som er koblet til det samme Wi-Fi-nettverket som ismartgate. Hvis ikke, kan ismartgate bare styres lokalt med Siri og Apples Home-app.<\/h6>\n<\/div><div class=\"fusion-aligncenter\"><style>.fusion-button.button-3{border-radius:2px 2px 2px 2px;}<\/style><a class=\"fusion-button button-flat fusion-button-default-size button-default button-3 fusion-button-default-span fusion-button-default-type\" target=\"_self\"><span class=\"fusion-button-text\">HomeKit<\/span><\/a><\/div><div class=\"fusion-clearfix\"><\/div><\/div><span class=\"fusion-column-inner-bg hover-type-none\"><a class=\"fusion-column-anchor\" href=\"https:\/\/setup.ismartgate.com\/nb\/kun-homekit\/\"><span class=\"fusion-column-inner-bg-image\" style=\"background-position:left top;background-repeat:no-repeat;-webkit-background-size:cover;-moz-background-size:cover;-o-background-size:cover;background-size:cover;\"><\/span><\/a><\/span><\/div><div class=\"fusion-layout-column fusion_builder_column fusion-builder-column-15 fusion_builder_column_1_6 1_6 fusion-one-sixth fusion-column-last\" style=\"width:16.666666666667%;width:calc(16.666666666667% - ( ( 4% + 4% + 4% ) * 0.16666666666667 ) );margin-top:0px;margin-bottom:20px;\"><div class=\"fusion-column-wrapper fusion-flex-column-wrapper-legacy\" style=\"background-position:left top;background-repeat:no-repeat;-webkit-background-size:cover;-moz-background-size:cover;-o-background-size:cover;background-size:cover;padding: 10px 10px 10px 10px;\"><div class=\"fusion-clearfix\"><\/div><\/div><\/div><div class=\"fusion-layout-column fusion_builder_column fusion-builder-column-16 fusion_builder_column_1_1 1_1 fusion-one-full fusion-column-first fusion-column-last\" style=\"margin-top:0px;margin-bottom:0px;\"><div class=\"fusion-column-wrapper fusion-flex-column-wrapper-legacy\" style=\"background-position:left top;background-repeat:no-repeat;-webkit-background-size:cover;-moz-background-size:cover;-o-background-size:cover;background-size:cover;padding: 0px 0px 0px 0px;\"><script type=\"text\/javascript\">\njQuery(document).ready(function(){\n\tjQuery('.page-number-ism:last').hide();\n});\n<\/script><div class=\"fusion-clearfix\"><\/div><\/div><\/div><\/div><\/div><\/p>","protected":false},"excerpt":{"rendered":"<p>[fusion_builder_next_page][fusion_builder_next_page][fusion_builder_next_page]<\/p>","protected":false},"author":3,"featured_media":0,"parent":0,"menu_order":0,"comment_status":"closed","ping_status":"closed","template":"","meta":[],"yst_prominent_words":[],"_links":{"self":[{"href":"https:\/\/setup.ismartgate.com\/nb\/wp-json\/wp\/v2\/pages\/5564"}],"collection":[{"href":"https:\/\/setup.ismartgate.com\/nb\/wp-json\/wp\/v2\/pages"}],"about":[{"href":"https:\/\/setup.ismartgate.com\/nb\/wp-json\/wp\/v2\/types\/page"}],"author":[{"embeddable":true,"href":"https:\/\/setup.ismartgate.com\/nb\/wp-json\/wp\/v2\/users\/3"}],"replies":[{"embeddable":true,"href":"https:\/\/setup.ismartgate.com\/nb\/wp-json\/wp\/v2\/comments?post=5564"}],"version-history":[{"count":8,"href":"https:\/\/setup.ismartgate.com\/nb\/wp-json\/wp\/v2\/pages\/5564\/revisions"}],"predecessor-version":[{"id":5589,"href":"https:\/\/setup.ismartgate.com\/nb\/wp-json\/wp\/v2\/pages\/5564\/revisions\/5589"}],"wp:attachment":[{"href":"https:\/\/setup.ismartgate.com\/nb\/wp-json\/wp\/v2\/media?parent=5564"}],"wp:term":[{"taxonomy":"yst_prominent_words","embeddable":true,"href":"https:\/\/setup.ismartgate.com\/nb\/wp-json\/wp\/v2\/yst_prominent_words?post=5564"}],"curies":[{"name":"wp","href":"https:\/\/api.w.org\/{rel}","templated":true}]}}