{"id":3177,"date":"2018-11-26T12:12:30","date_gmt":"2018-11-26T12:12:30","guid":{"rendered":"https:\/\/setup.ismartgate.com\/?page_id=3177"},"modified":"2019-02-21T12:56:34","modified_gmt":"2019-02-21T12:56:34","slug":"error-remote-access","status":"publish","type":"page","link":"https:\/\/setup.ismartgate.com\/nb\/feil-ekstern-tilgang\/","title":{"rendered":"error-remote-tilgang"},"content":{"rendered":"<div class=\"fusion-fullwidth fullwidth-box fusion-builder-row-1 fusion-parallax-none hundred-percent-fullwidth hundred-percent-height hundred-percent-height-center-content non-hundred-percent-height-scrolling\" style=\"background-color: #000000;background-image: url(&quot;https:\/\/setup.ismartgate.com\/wp-content\/uploads\/2018\/11\/vg.jpg&quot;);background-position: center center;background-repeat: no-repeat;padding-top:0px;padding-right:0px;padding-bottom:0px;padding-left:0px;border-width: 0px 0px 0px 0px;border-color:#eae9e9;border-style:solid;-webkit-background-size:cover;-moz-background-size:cover;-o-background-size:cover;background-size:cover;\" ><div class=\"fusion-fullwidth-center-content\"><div class=\"fusion-builder-row fusion-row\"><div class=\"fusion-layout-column fusion_builder_column fusion-builder-column-0 fusion_builder_column_1_4 1_4 fusion-one-fourth fusion-column-first\" style=\"width:25%;width:calc(25% - ( ( 4% + 4% ) * 0.25 ) );margin-right: 4%;margin-top:0px;margin-bottom:20px;\"><div class=\"fusion-column-wrapper fusion-flex-column-wrapper-legacy\" style=\"background-position:left top;background-repeat:no-repeat;-webkit-background-size:cover;-moz-background-size:cover;-o-background-size:cover;background-size:cover;padding: 0px 0px 0px 0px;\"><div class=\"fusion-clearfix\"><\/div><\/div><\/div><div class=\"fusion-layout-column fusion_builder_column fusion-builder-column-1 fusion_builder_column_1_2 1_2 fusion-one-half borde\" style=\"width:50%;width:calc(50% - ( ( 4% + 4% ) * 0.5 ) );margin-right: 4%;margin-top:0px;margin-bottom:20px;\"><div class=\"fusion-column-wrapper fusion-flex-column-wrapper-legacy\" style=\"background-position:center center;background-repeat:no-repeat;-webkit-background-size:cover;-moz-background-size:cover;-o-background-size:cover;background-size:cover;background-color:#ffffff;padding: 20px 20px 20px 20px;\"><div class=\"fusion-sep-clear\"><\/div><div class=\"fusion-separator fusion-full-width-sep\" style=\"margin-left: auto;margin-right: auto;margin-top:15px;margin-bottom:15px;width:100%;\"><\/div><div class=\"fusion-sep-clear\"><\/div><div class=\"imageframe-align-center\"><span class=\"fusion-imageframe imageframe-none imageframe-1 hover-type-none\" style=\"border-radius:5px;max-width:250px;\"><img width=\"277\" height=\"41\" title=\"Logo_ismartgate\" src=\"https:\/\/setup.ismartgate.com\/wp-content\/uploads\/2019\/02\/Logo_ismartgate-1.png\" alt class=\"img-responsive wp-image-3622\" srcset=\"https:\/\/setup.ismartgate.com\/wp-content\/uploads\/2019\/02\/Logo_ismartgate-1-200x30.png 200w, https:\/\/setup.ismartgate.com\/wp-content\/uploads\/2019\/02\/Logo_ismartgate-1.png 277w\" sizes=\"(max-width: 1100px) 100vw, 277px\" \/><\/span><\/div><div class=\"fusion-sep-clear\"><\/div><div class=\"fusion-separator fusion-full-width-sep\" style=\"margin-left: auto;margin-right: auto;margin-top:15px;margin-bottom:15px;width:100%;\"><\/div><div class=\"fusion-sep-clear\"><\/div><div class=\"fusion-text fusion-text-1\"><h1 style=\"text-align: center;\"><span style=\"color: #009fe1;\">Midlertidig utilgjengelig<\/span><\/h1>\n<\/div><div class=\"fusion-text fusion-text-2\"><h5 style=\"text-align: center;\"><span style=\"color: #000000;\"><strong>Enheten er ikke tilgjengelig for \u00f8yeblikket. Mulige \u00e5rsaker:<\/strong><\/span><\/h5>\n<\/div><div class=\"fusion-sep-clear\"><\/div><div class=\"fusion-separator fusion-full-width-sep\" style=\"margin-left: auto;margin-right: auto;margin-top:15px;margin-bottom:15px;width:100%;\"><\/div><div class=\"fusion-sep-clear\"><\/div><div class=\"fusion-text fusion-text-3\"><p id=\"u337-4\" style=\"text-align: center;\"><strong>- ismartgate-enheten kan ha blitt sl\u00e5tt av.<\/strong><br \/>\n<span id=\"u337-3\">S\u00f8rg for at <span id=\"u337-9\">ismartgate<\/span> enheten er sl\u00e5tt p\u00e5.<\/span><\/p>\n<p id=\"u337-10\" style=\"text-align: center;\"><strong>- ismartgate-enheten kan v\u00e6re frakoblet fra Internett.<\/strong><span id=\"u337-9\"><br \/>\nKontroller at ismartgate-enheten er koblet til Internett (Wi-Fi-lampen skal lyse gr\u00f8nt)<\/span><\/p>\n<p style=\"text-align: center;\"><span id=\"u337-14\"><strong>- Remote Access-funksjonen p\u00e5 ismartgate kan sl\u00e5s av.<\/strong><br \/>\n<\/span>Kontroller at funksjonen Remote Access er aktivert p\u00e5 ismartgate-enheten. \u00c5pne ismartgate-appen i hjemmenettverket, der enheten er installert, og g\u00e5 til \"konfigurasjoner\" og aktiver den.<\/p>\n<p style=\"text-align: center;\"><span style=\"color: #009fe1;\"><strong>Vennligst pr\u00f8v igjen senere.<\/strong><\/span><\/p>\n<\/div><div class=\"fusion-clearfix\"><\/div><\/div><\/div><div class=\"fusion-layout-column fusion_builder_column fusion-builder-column-2 fusion_builder_column_1_4 1_4 fusion-one-fourth fusion-column-last\" style=\"width:25%;width:calc(25% - ( ( 4% + 4% ) * 0.25 ) );margin-top:0px;margin-bottom:20px;\"><div class=\"fusion-column-wrapper fusion-flex-column-wrapper-legacy\" style=\"background-position:left top;background-repeat:no-repeat;-webkit-background-size:cover;-moz-background-size:cover;-o-background-size:cover;background-size:cover;padding: 0px 0px 0px 0px;\"><div class=\"fusion-clearfix\"><\/div><\/div><\/div><\/div><\/div><\/div>","protected":false},"excerpt":{"rendered":"","protected":false},"author":2,"featured_media":0,"parent":0,"menu_order":0,"comment_status":"closed","ping_status":"closed","template":"100-width.php","meta":[],"yst_prominent_words":[],"_links":{"self":[{"href":"https:\/\/setup.ismartgate.com\/nb\/wp-json\/wp\/v2\/pages\/3177"}],"collection":[{"href":"https:\/\/setup.ismartgate.com\/nb\/wp-json\/wp\/v2\/pages"}],"about":[{"href":"https:\/\/setup.ismartgate.com\/nb\/wp-json\/wp\/v2\/types\/page"}],"author":[{"embeddable":true,"href":"https:\/\/setup.ismartgate.com\/nb\/wp-json\/wp\/v2\/users\/2"}],"replies":[{"embeddable":true,"href":"https:\/\/setup.ismartgate.com\/nb\/wp-json\/wp\/v2\/comments?post=3177"}],"version-history":[{"count":33,"href":"https:\/\/setup.ismartgate.com\/nb\/wp-json\/wp\/v2\/pages\/3177\/revisions"}],"predecessor-version":[{"id":3432,"href":"https:\/\/setup.ismartgate.com\/nb\/wp-json\/wp\/v2\/pages\/3177\/revisions\/3432"}],"wp:attachment":[{"href":"https:\/\/setup.ismartgate.com\/nb\/wp-json\/wp\/v2\/media?parent=3177"}],"wp:term":[{"taxonomy":"yst_prominent_words","embeddable":true,"href":"https:\/\/setup.ismartgate.com\/nb\/wp-json\/wp\/v2\/yst_prominent_words?post=3177"}],"curies":[{"name":"wp","href":"https:\/\/api.w.org\/{rel}","templated":true}]}}