{"id":4050,"date":"2019-03-13T09:57:48","date_gmt":"2019-03-13T09:57:48","guid":{"rendered":"https:\/\/setup.ismartgate.com\/?page_id=4050"},"modified":"2024-05-21T10:01:34","modified_gmt":"2024-05-21T10:01:34","slug":"unboxing-wireless-sensor-garage","status":"publish","type":"page","link":"https:\/\/setup.ismartgate.com\/es\/pagina-de-muestra\/unboxing-garaje-con-sensores-inalambricos\/","title":{"rendered":"Unboxing - Sensor inal\u00e1mbrico (Garaje)"},"content":{"rendered":"<p><div class=\"fusion-fullwidth fullwidth-box fusion-builder-row-1 nonhundred-percent-fullwidth non-hundred-percent-height-scrolling\" style=\"background-color: rgba(255,255,255,0);background-position: center center;background-repeat: no-repeat;padding-top:0px;padding-right:0px;padding-bottom:0px;padding-left:0px;margin-bottom: 0px;margin-top: 0px;border-width: 0px 0px 0px 0px;border-color:#eae9e9;border-style:solid;\" ><div class=\"fusion-builder-row fusion-row\"><div class=\"fusion-layout-column fusion_builder_column fusion-builder-column-0 fusion_builder_column_1_1 1_1 fusion-one-full fusion-column-first fusion-column-last\" style=\"margin-top:0px;margin-bottom:20px;\"><div class=\"fusion-column-wrapper fusion-flex-column-wrapper-legacy\" style=\"background-position:left top;background-repeat:no-repeat;-webkit-background-size:cover;-moz-background-size:cover;-o-background-size:cover;background-size:cover;padding: 0px 0px 0px 0px;\"><div class=\"fusion-text fusion-text-1\"><h1 style=\"text-align: center;\"><span style=\"color: #009fe1;\">01. Unboxing<\/span><\/h1>\n<\/div><div class=\"fusion-text fusion-text-2\"><h2 style=\"text-align: center;\">Sensor inal\u00e1mbrico (Garaje)<\/h2>\n<\/div><div class=\"fusion-sep-clear\"><\/div><div class=\"fusion-separator fusion-full-width-sep\" style=\"margin-left: auto;margin-right: auto;margin-top:5px;margin-bottom:5px;width:100%;\"><\/div><div class=\"fusion-sep-clear\"><\/div><div class=\"fusion-clearfix\"><\/div><\/div><\/div><\/div><\/div><div class=\"fusion-fullwidth fullwidth-box fusion-builder-row-2 nonhundred-percent-fullwidth non-hundred-percent-height-scrolling\" style=\"background-color: rgba(255,255,255,0);background-position: center center;background-repeat: no-repeat;padding-top:0px;padding-right:0px;padding-bottom:0px;padding-left:0px;margin-bottom: 0px;margin-top: 0px;border-width: 0px 0px 0px 0px;border-color:#eae9e9;border-style:solid;\" ><div class=\"fusion-builder-row fusion-row\"><div class=\"fusion-layout-column fusion_builder_column fusion-builder-column-1 fusion_builder_column_1_4 1_4 fusion-one-fourth fusion-column-first\" style=\"width:25%;width:calc(25% - ( ( 4% + 4% + 4% ) * 0.25 ) );margin-right: 4%;margin-top:0px;margin-bottom:20px;\"><div class=\"fusion-column-wrapper fusion-flex-column-wrapper-legacy\" style=\"background-position:left top;background-repeat:no-repeat;-webkit-background-size:cover;-moz-background-size:cover;-o-background-size:cover;background-size:cover;padding: 10px 10px 10px 10px;\"><div class=\"imageframe-align-center\"><span class=\"fusion-imageframe imageframe-none imageframe-1 hover-type-none\" style=\"border-radius:5px;\"><img width=\"180\" height=\"180\" title=\"ismartgate_sensor_inclinaci\u00f3n\" src=\"https:\/\/setup.ismartgate.com\/wp-content\/uploads\/2018\/10\/Tilt_OK.png\" alt class=\"img-responsive wp-image-689\"\/><\/span><\/div><div class=\"fusion-text fusion-text-3\"><p style=\"text-align: center;\">Sensor inal\u00e1mbrico (Garaje)<\/p>\n<\/div><div class=\"fusion-clearfix\"><\/div><\/div><\/div><div class=\"fusion-layout-column fusion_builder_column fusion-builder-column-2 fusion_builder_column_1_4 1_4 fusion-one-fourth\" style=\"width:25%;width:calc(25% - ( ( 4% + 4% + 4% ) * 0.25 ) );margin-right: 4%;margin-top:0px;margin-bottom:20px;\"><div class=\"fusion-column-wrapper fusion-flex-column-wrapper-legacy\" style=\"background-position:left top;background-repeat:no-repeat;-webkit-background-size:cover;-moz-background-size:cover;-o-background-size:cover;background-size:cover;padding: 10px 10px 10px 10px;\"><div class=\"imageframe-align-center\"><span class=\"fusion-imageframe imageframe-none imageframe-2 hover-type-none\" style=\"border-radius:5px;\"><img width=\"180\" height=\"180\" title=\"Pilas de tipo N\" src=\"https:\/\/setup.ismartgate.com\/wp-content\/uploads\/2018\/10\/batteries.png\" alt class=\"img-responsive wp-image-51\"\/><\/span><\/div><div class=\"fusion-text fusion-text-4\"><p style=\"text-align: center;\">Pilas LR1\/Tipo-N 1,5 V<\/p>\n<\/div><div class=\"fusion-clearfix\"><\/div><\/div><\/div><div class=\"fusion-layout-column fusion_builder_column fusion-builder-column-3 fusion_builder_column_1_4 1_4 fusion-one-fourth\" style=\"width:25%;width:calc(25% - ( ( 4% + 4% + 4% ) * 0.25 ) );margin-right: 4%;margin-top:0px;margin-bottom:20px;\"><div class=\"fusion-column-wrapper fusion-flex-column-wrapper-legacy\" style=\"background-position:left top;background-repeat:no-repeat;-webkit-background-size:cover;-moz-background-size:cover;-o-background-size:cover;background-size:cover;padding: 10px 10px 10px 10px;\"><div class=\"imageframe-align-center\"><span class=\"fusion-imageframe imageframe-none imageframe-3 hover-type-none\" style=\"border-radius:5px;\"><img width=\"180\" height=\"180\" title=\"doble_cara_cinta__1\" src=\"https:\/\/setup.ismartgate.com\/wp-content\/uploads\/2019\/03\/double_side_tape__1.png\" alt class=\"img-responsive wp-image-4066\"\/><\/span><\/div><div class=\"fusion-text fusion-text-5\"><p style=\"text-align: center;\">Cinta adhesiva de doble cara<\/p>\n<\/div><div class=\"fusion-clearfix\"><\/div><\/div><\/div>\n<div class=\"fusion-layout-column fusion_builder_column fusion-builder-column-4 fusion_builder_column_1_4 1_4 fusion-one-fourth fusion-column-last\" style=\"width:25%;width:calc(25% - ( ( 4% + 4% + 4% ) * 0.25 ) );margin-top:0px;margin-bottom:20px;\"><div class=\"fusion-column-wrapper fusion-flex-column-wrapper-legacy\" style=\"background-position:left top;background-repeat:no-repeat;-webkit-background-size:cover;-moz-background-size:cover;-o-background-size:cover;background-size:cover;padding: 10px 10px 10px 10px;\"><div class=\"imageframe-align-center\"><span class=\"fusion-imageframe imageframe-none imageframe-4 hover-type-none\" style=\"border-radius:5px;\"><img width=\"180\" height=\"180\" title=\"ismartgate_gu\u00eda_de_instalaci\u00f3n_r\u00e1pida\" src=\"https:\/\/setup.ismartgate.com\/wp-content\/uploads\/2018\/10\/qsg.png\" alt class=\"img-responsive wp-image-55\"\/><\/span><\/div><div class=\"fusion-text fusion-text-6\"><p style=\"text-align: center;\">Gu\u00eda de inicio r\u00e1pido<\/p>\n<\/div><div class=\"fusion-clearfix\"><\/div><\/div><\/div><div class=\"fusion-layout-column fusion_builder_column fusion-builder-column-5 fusion_builder_column_1_1 1_1 fusion-one-full fusion-column-first fusion-column-last\" style=\"margin-top:0px;margin-bottom:20px;\"><div class=\"fusion-column-wrapper fusion-flex-column-wrapper-legacy\" style=\"background-position:left top;background-repeat:no-repeat;-webkit-background-size:cover;-moz-background-size:cover;-o-background-size:cover;background-size:cover;padding: 0px 0px 0px 0px;\"><div class=\"fusion-builder-row fusion-builder-row-inner fusion-row\"><div class=\"fusion-layout-column fusion_builder_column_inner fusion-builder-nested-column-0 fusion_builder_column_inner_1_1 1_1 fusion-one-full fusion-column-first fusion-column-last borde\" style=\"margin-top:0px;margin-bottom:20px;\"><div class=\"fusion-column-wrapper fusion-flex-column-wrapper-legacy\" style=\"background-position:left top;background-repeat:no-repeat;-webkit-background-size:cover;-moz-background-size:cover;-o-background-size:cover;background-size:cover;border-width: 2px 2px 2px 2px;border-color:#c4c4c4;border-style:solid;padding: 20px 20px 20px 20px;\"><div class=\"fusion-fa-align-center\"><i class=\"fb-icon-element-1 fb-icon-element fontawesome-icon fa-exclamation-circle fas circle-no\" style=\"font-size:30px;\"><\/i><\/div><style>i.fb-icon-element.fontawesome-icon.fb-icon-element-1{ color: #000000;}i.fb-icon-element.fontawesome-icon.fb-icon-element-1:hover { color: #000000;}<\/style><div class=\"fusion-text fusion-text-7\"><p><strong>Declaraci\u00f3n de modificaci\u00f3n<\/strong><br \/>\nRemsol Europe S.L. no ha aprobado ning\u00fan cambio o modificaci\u00f3n de este aparato por parte del usuario. Cualquier cambio o modificaci\u00f3n podr\u00eda anular la autoridad del usuario para utilizar el equipo.<\/p>\n<p><strong>Declaraci\u00f3n de interferencias (si no est\u00e1 colocada en el aparato)<\/strong><br \/>\nEste dispositivo cumple la Parte 15 de las normas de la FCC. Su funcionamiento est\u00e1 sujeto a las dos condiciones siguientes: (1) este dispositivo no puede causar interferencias, y (2) este dispositivo debe aceptar cualquier interferencia, incluidas las interferencias que puedan causar un funcionamiento no deseado del dispositivo.<\/p>\n<p><strong>Aviso inal\u00e1mbrico<\/strong><br \/>\nEste dispositivo cumple con los l\u00edmites de exposici\u00f3n a la radiaci\u00f3n de la FCC establecidos para un entorno no controlado y cumple con las Directrices de exposici\u00f3n a radiofrecuencia (RF) de la FCC. Este transmisor no debe colocarse ni funcionar junto con ninguna otra antena o transmisor.<\/p>\n<p><strong>Aviso de dispositivo digital de clase B de la FCC<\/strong><br \/>\nEste equipo ha sido probado y cumple los l\u00edmites establecidos para los dispositivos digitales de Clase B, de conformidad con el apartado 15 de las normas de la FCC. Estos l\u00edmites est\u00e1n dise\u00f1ados para proporcionar una protecci\u00f3n razonable contra interferencias perjudiciales en una instalaci\u00f3n residencial. Este equipo genera, utiliza y puede irradiar energ\u00eda de radiofrecuencia y, si no se instala y utiliza de acuerdo con las instrucciones, puede causar interferencias perjudiciales en las comunicaciones por radio. No obstante, no se garantiza que no se produzcan interferencias en una instalaci\u00f3n concreta. Si este equipo causa interferencias perjudiciales en la recepci\u00f3n de radio o televisi\u00f3n, lo cual puede determinarse apagando y encendiendo el equipo, se recomienda al usuario que intente corregir la interferencia mediante una o m\u00e1s de las siguientes medidas:<br \/>\n- Reoriente o reubique la antena receptora.<br \/>\n- Aumente la separaci\u00f3n entre el equipo y el receptor.<br \/>\n- Conecte el equipo a una toma de corriente de un circuito distinto al que est\u00e1 conectado el receptor.<br \/>\n- Consulte al distribuidor o a un t\u00e9cnico experto en radio\/TV para obtener ayuda.<\/p>\n<\/div><div class=\"fusion-clearfix\"><\/div><\/div><\/div><\/div><div class=\"fusion-clearfix\"><\/div><\/div><\/div>\n<\/div><\/div><div class=\"fusion-fullwidth fullwidth-box fusion-builder-row-3 nonhundred-percent-fullwidth non-hundred-percent-height-scrolling\" style=\"background-color: rgba(255,255,255,0);background-position: center center;background-repeat: no-repeat;padding-top:0px;padding-right:0px;padding-bottom:0px;padding-left:0px;margin-bottom: 0px;margin-top: 0px;border-width: 0px 0px 0px 0px;border-color:#eae9e9;border-style:solid;\" ><div class=\"fusion-builder-row fusion-row\"><div class=\"fusion-layout-column fusion_builder_column fusion-builder-column-6 fusion_builder_column_1_4 1_4 fusion-one-fourth fusion-column-first fusion-no-small-visibility fusion-no-medium-visibility\" style=\"width:25%;width:calc(25% - ( ( 4% + 4% + 4% ) * 0.25 ) );margin-right: 4%;margin-top:0px;margin-bottom:20px;\"><div class=\"fusion-column-wrapper fusion-flex-column-wrapper-legacy\" style=\"background-position:left top;background-repeat:no-repeat;-webkit-background-size:cover;-moz-background-size:cover;-o-background-size:cover;background-size:cover;padding: 0px 0px 0px 0px;\"><div class=\"fusion-clearfix\"><\/div><\/div><\/div><div class=\"fusion-layout-column fusion_builder_column fusion-builder-column-7 fusion_builder_column_1_4 1_4 fusion-one-fourth\" style=\"width:25%;width:calc(25% - ( ( 4% + 4% + 4% ) * 0.25 ) );margin-right: 4%;margin-top:0px;margin-bottom:20px;\"><div class=\"fusion-column-wrapper fusion-flex-column-wrapper-legacy\" style=\"background-position:left top;background-repeat:no-repeat;-webkit-background-size:cover;-moz-background-size:cover;-o-background-size:cover;background-size:cover;padding: 0px 0px 0px 0px;\"><div class=\"fusion-alignright\"><style>.fusion-button.button-1 .fusion-button-text,.fusion-button.button-1 i{color:#009fe1;}.fusion-button.button-1{border-color:#009fe1;border-width:1px 1px 1px 1px;border-radius:2px 2px 2px 2px;background:#eeeeee;}.fusion-button.button-1:hover .fusion-button-text,.fusion-button.button-1:hover i,.fusion-button.button-1:focus .fusion-button-text,.fusion-button.button-1:focus i,.fusion-button.button-1:active .fusion-button-text,.fusion-button.button-1:active i{color:#03a9f4;}.fusion-button.button-1:hover,.fusion-button.button-1:active,.fusion-button.button-1:focus{border-color:#03a9f4;border-width:1px 1px 1px 1px;background:#dddddd;}<\/style><a class=\"fusion-button button-flat fusion-button-default-size button-custom button-1 fusion-button-default-span fusion-button-default-type\" target=\"_self\" onclick=\"window.history.back();\" href=\"https:\/\/setup.ismartgate.com\/es\/pagina-de-muestra\/\"><span class=\"fusion-button-text\">&lt; Anterior<\/span><\/a><\/div><div class=\"fusion-clearfix\"><\/div><\/div><\/div><div class=\"fusion-layout-column fusion_builder_column fusion-builder-column-8 fusion_builder_column_1_4 1_4 fusion-one-fourth\" style=\"width:25%;width:calc(25% - ( ( 4% + 4% + 4% ) * 0.25 ) );margin-right: 4%;margin-top:0px;margin-bottom:20px;\"><div class=\"fusion-column-wrapper fusion-flex-column-wrapper-legacy\" style=\"background-position:left top;background-repeat:no-repeat;-webkit-background-size:cover;-moz-background-size:cover;-o-background-size:cover;background-size:cover;padding: 0px 0px 0px 0px;\"><div class=\"fusion-alignleft\"><style>.fusion-button.button-2 .fusion-button-text,.fusion-button.button-2 i{color:#009fe1;}.fusion-button.button-2{border-color:#009fe1;border-width:1px 1px 1px 1px;border-radius:2px 2px 2px 2px;background:#eeeeee;}.fusion-button.button-2:hover .fusion-button-text,.fusion-button.button-2:hover i,.fusion-button.button-2:focus .fusion-button-text,.fusion-button.button-2:focus i,.fusion-button.button-2:active .fusion-button-text,.fusion-button.button-2:active i{color:#03a9f4;}.fusion-button.button-2:hover,.fusion-button.button-2:active,.fusion-button.button-2:focus{border-color:#03a9f4;border-width:1px 1px 1px 1px;background:#dddddd;}<\/style><a class=\"fusion-button button-flat fusion-button-default-size button-custom button-2 fusion-button-default-span fusion-button-default-type\" target=\"_self\" href=\"\/es\/02-program\/programing-wireless-sensor-garage\/\"><span class=\"fusion-button-text\">Siguiente &gt;<\/span><\/a><\/div><div class=\"fusion-clearfix\"><\/div><\/div><\/div><div class=\"fusion-layout-column fusion_builder_column fusion-builder-column-9 fusion_builder_column_1_4 1_4 fusion-one-fourth fusion-column-last fusion-no-small-visibility fusion-no-medium-visibility\" style=\"width:25%;width:calc(25% - ( ( 4% + 4% + 4% ) * 0.25 ) );margin-top:0px;margin-bottom:20px;\"><div class=\"fusion-column-wrapper fusion-flex-column-wrapper-legacy\" style=\"background-position:left top;background-repeat:no-repeat;-webkit-background-size:cover;-moz-background-size:cover;-o-background-size:cover;background-size:cover;padding: 0px 0px 0px 0px;\"><div class=\"fusion-clearfix\"><\/div><\/div><\/div><div class=\"fusion-layout-column fusion_builder_column fusion-builder-column-10 fusion_builder_column_1_1 1_1 fusion-one-full fusion-column-first fusion-column-last\" style=\"margin-top:0px;margin-bottom:20px;\"><div class=\"fusion-column-wrapper fusion-flex-column-wrapper-legacy\" style=\"background-position:left top;background-repeat:no-repeat;-webkit-background-size:cover;-moz-background-size:cover;-o-background-size:cover;background-size:cover;padding: 0px 0px 0px 0px;\"><script type=\"text\/javascript\">\njQuery(document).ready(function(){\n\tjQuery('.page-number-ism').hide();\n});\n<\/script><div class=\"fusion-clearfix\"><\/div><\/div><\/div><\/div><\/div>[fusion_builder_next_page]<\/p>","protected":false},"excerpt":{"rendered":"<p>[fusion_builder_next_page]<\/p>","protected":false},"author":2,"featured_media":0,"parent":2,"menu_order":0,"comment_status":"closed","ping_status":"closed","template":"","meta":[],"yst_prominent_words":[],"_links":{"self":[{"href":"https:\/\/setup.ismartgate.com\/es\/wp-json\/wp\/v2\/pages\/4050"}],"collection":[{"href":"https:\/\/setup.ismartgate.com\/es\/wp-json\/wp\/v2\/pages"}],"about":[{"href":"https:\/\/setup.ismartgate.com\/es\/wp-json\/wp\/v2\/types\/page"}],"author":[{"embeddable":true,"href":"https:\/\/setup.ismartgate.com\/es\/wp-json\/wp\/v2\/users\/2"}],"replies":[{"embeddable":true,"href":"https:\/\/setup.ismartgate.com\/es\/wp-json\/wp\/v2\/comments?post=4050"}],"version-history":[{"count":24,"href":"https:\/\/setup.ismartgate.com\/es\/wp-json\/wp\/v2\/pages\/4050\/revisions"}],"predecessor-version":[{"id":8051,"href":"https:\/\/setup.ismartgate.com\/es\/wp-json\/wp\/v2\/pages\/4050\/revisions\/8051"}],"up":[{"embeddable":true,"href":"https:\/\/setup.ismartgate.com\/es\/wp-json\/wp\/v2\/pages\/2"}],"wp:attachment":[{"href":"https:\/\/setup.ismartgate.com\/es\/wp-json\/wp\/v2\/media?parent=4050"}],"wp:term":[{"taxonomy":"yst_prominent_words","embeddable":true,"href":"https:\/\/setup.ismartgate.com\/es\/wp-json\/wp\/v2\/yst_prominent_words?post=4050"}],"curies":[{"name":"wp","href":"https:\/\/api.w.org\/{rel}","templated":true}]}}