{"id":6670,"date":"2021-11-02T11:17:29","date_gmt":"2021-11-02T11:17:29","guid":{"rendered":"https:\/\/setup.ismartgate.com\/?page_id=6670"},"modified":"2024-05-10T13:47:44","modified_gmt":"2024-05-10T13:47:44","slug":"ismartgate-mini-installation-from-android-or-iphone-join-existing-isg-mini","status":"publish","type":"page","link":"https:\/\/setup.ismartgate.com\/da\/02-installationsvejledning\/isg-pro-lite-installation-fra-android\/ismartgate-mini-installation-fra-android-eller-iphone-slutter-sig-til-eksisterende-isg-mini\/","title":{"rendered":"Installation af ISG Mini fra Android eller iPhone - Deltag i eksisterende ISG Mini"},"content":{"rendered":"<p><div class=\"fusion-fullwidth fullwidth-box fusion-builder-row-1 nonhundred-percent-fullwidth non-hundred-percent-height-scrolling\" style=\"background-color: rgba(255,255,255,0);background-position: center center;background-repeat: no-repeat;padding-top:0px;padding-right:0px;padding-bottom:0px;padding-left:0px;margin-bottom: 0px;margin-top: 0px;border-width: 0px 0px 0px 0px;border-color:#eae9e9;border-style:solid;\" ><div class=\"fusion-builder-row fusion-row\"><div class=\"fusion-layout-column fusion_builder_column fusion-builder-column-0 fusion_builder_column_1_1 1_1 fusion-one-full fusion-column-first fusion-column-last\" style=\"margin-top:0px;margin-bottom:20px;\"><div class=\"fusion-column-wrapper fusion-flex-column-wrapper-legacy\" style=\"background-position:left top;background-repeat:no-repeat;-webkit-background-size:cover;-moz-background-size:cover;-o-background-size:cover;background-size:cover;padding: 0px 0px 0px 0px;\"><div class=\"fusion-text fusion-text-1\"><h1 style=\"text-align: center;\"><span style=\"color: #009fe1;\">02. Installation af ISG Mini fra Android eller iPhone - Deltag i eksisterende ISG Mini <\/span><\/h1>\n<\/div><div class=\"fusion-text fusion-text-2\"><h2 style=\"text-align: center;\">Deltag i eksisterende ismartgate<\/h2>\n<\/div><div class=\"fusion-clearfix\"><\/div><\/div><\/div><div class=\"fusion-layout-column fusion_builder_column fusion-builder-column-1 fusion_builder_column_1_3 1_3 fusion-one-third fusion-column-first\" style=\"width:33.333333333333%;width:calc(33.333333333333% - ( ( 4% + 4% ) * 0.33333333333333 ) );margin-right: 4%;margin-top:0px;margin-bottom:20px;\"><div class=\"fusion-column-wrapper fusion-flex-column-wrapper-legacy\" style=\"background-position:left top;background-repeat:no-repeat;-webkit-background-size:cover;-moz-background-size:cover;-o-background-size:cover;background-size:cover;padding: 0px 0px 0px 0px;\"><div class=\"imageframe-align-center\"><span class=\"fusion-imageframe imageframe-none imageframe-1 hover-type-none\" style=\"border-radius:5px;\"><img width=\"298\" height=\"538\" title=\"Logo App isg\" src=\"https:\/\/setup.ismartgate.com\/wp-content\/uploads\/2019\/02\/Logo-App-isg.png\" alt class=\"img-responsive wp-image-3605\" srcset=\"https:\/\/setup.ismartgate.com\/wp-content\/uploads\/2019\/02\/Logo-App-isg-200x361.png 200w, https:\/\/setup.ismartgate.com\/wp-content\/uploads\/2019\/02\/Logo-App-isg.png 298w\" sizes=\"(max-width: 1100px) 100vw, 298px\" \/><\/span><\/div><div class=\"fusion-text fusion-text-3\"><p>Se efter logoet for ismartgate-appen p\u00e5 din telefon, og klik p\u00e5 det for at \u00e5bne appen.<\/p>\n<\/div><div class=\"fusion-clearfix\"><\/div><\/div><\/div><div class=\"fusion-layout-column fusion_builder_column fusion-builder-column-2 fusion_builder_column_1_3 1_3 fusion-one-third\" style=\"width:33.333333333333%;width:calc(33.333333333333% - ( ( 4% + 4% ) * 0.33333333333333 ) );margin-right: 4%;margin-top:0px;margin-bottom:20px;\"><div class=\"fusion-column-wrapper fusion-flex-column-wrapper-legacy\" style=\"background-position:left top;background-repeat:no-repeat;-webkit-background-size:cover;-moz-background-size:cover;-o-background-size:cover;background-size:cover;padding: 0px 0px 0px 0px;\"><div class=\"imageframe-align-center\"><span class=\"fusion-imageframe imageframe-none imageframe-2 hover-type-none\" style=\"border-radius:5px;\"><img width=\"298\" height=\"538\" title=\"ismartgate_05\" src=\"https:\/\/setup.ismartgate.com\/wp-content\/uploads\/2019\/02\/ismartgate_05.png\" alt class=\"img-responsive wp-image-3853\" srcset=\"https:\/\/setup.ismartgate.com\/wp-content\/uploads\/2019\/02\/ismartgate_05-200x361.png 200w, https:\/\/setup.ismartgate.com\/wp-content\/uploads\/2019\/02\/ismartgate_05.png 298w\" sizes=\"(max-width: 1100px) 100vw, 298px\" \/><\/span><\/div><div class=\"fusion-text fusion-text-4\"><p>Vent p\u00e5, at introduktionssk\u00e6rmen forsvinder.<\/p>\n<\/div><div class=\"fusion-clearfix\"><\/div><\/div><\/div><div class=\"fusion-layout-column fusion_builder_column fusion-builder-column-3 fusion_builder_column_1_3 1_3 fusion-one-third fusion-column-last\" style=\"width:33.333333333333%;width:calc(33.333333333333% - ( ( 4% + 4% ) * 0.33333333333333 ) );margin-top:0px;margin-bottom:20px;\"><div class=\"fusion-column-wrapper fusion-flex-column-wrapper-legacy\" style=\"background-position:left top;background-repeat:no-repeat;-webkit-background-size:cover;-moz-background-size:cover;-o-background-size:cover;background-size:cover;padding: 0px 0px 0px 0px;\"><div class=\"imageframe-align-center\"><span class=\"fusion-imageframe imageframe-none imageframe-3 hover-type-none\" style=\"border-radius:5px;\"><img width=\"298\" height=\"538\" title=\"ISG_Android_join_existing\" src=\"https:\/\/setup.ismartgate.com\/wp-content\/uploads\/2019\/03\/ISG_Android_join_existing.png\" alt class=\"img-responsive wp-image-4404\" srcset=\"https:\/\/setup.ismartgate.com\/wp-content\/uploads\/2019\/03\/ISG_Android_join_existing-200x361.png 200w, https:\/\/setup.ismartgate.com\/wp-content\/uploads\/2019\/03\/ISG_Android_join_existing.png 298w\" sizes=\"(max-width: 1100px) 100vw, 298px\" \/><\/span><\/div><div class=\"fusion-text fusion-text-5\"><p>Tryk p\u00e5 \"<b>Bliv medlem<\/b> <b>eksisterende<\/b>\".<\/p>\n<\/div><div class=\"fusion-clearfix\"><\/div><\/div><\/div><\/div><\/div><div class=\"fusion-fullwidth fullwidth-box fusion-builder-row-2 nonhundred-percent-fullwidth non-hundred-percent-height-scrolling\" style=\"background-color: rgba(255,255,255,0);background-position: center center;background-repeat: no-repeat;padding-top:0px;padding-right:0px;padding-bottom:0px;padding-left:0px;margin-bottom: 0px;margin-top: 0px;border-width: 0px 0px 0px 0px;border-color:#eae9e9;border-style:solid;\" ><div class=\"fusion-builder-row fusion-row\"><div class=\"fusion-layout-column fusion_builder_column fusion-builder-column-4 fusion_builder_column_1_4 1_4 fusion-one-fourth fusion-column-first fusion-no-small-visibility fusion-no-medium-visibility\" style=\"width:25%;width:calc(25% - ( ( 4% + 4% + 4% ) * 0.25 ) );margin-right: 4%;margin-top:0px;margin-bottom:20px;\"><div class=\"fusion-column-wrapper fusion-flex-column-wrapper-legacy\" style=\"background-position:left top;background-repeat:no-repeat;-webkit-background-size:cover;-moz-background-size:cover;-o-background-size:cover;background-size:cover;padding: 0px 0px 0px 0px;\"><div class=\"fusion-clearfix\"><\/div><\/div><\/div><div class=\"fusion-layout-column fusion_builder_column fusion-builder-column-5 fusion_builder_column_1_4 1_4 fusion-one-fourth\" style=\"width:25%;width:calc(25% - ( ( 4% + 4% + 4% ) * 0.25 ) );margin-right: 4%;margin-top:0px;margin-bottom:20px;\"><div class=\"fusion-column-wrapper fusion-flex-column-wrapper-legacy\" style=\"background-position:left top;background-repeat:no-repeat;-webkit-background-size:cover;-moz-background-size:cover;-o-background-size:cover;background-size:cover;padding: 0px 0px 0px 0px;\"><div class=\"fusion-alignright\"><style>.fusion-button.button-1 .fusion-button-text,.fusion-button.button-1 i{color:#009fe1;}.fusion-button.button-1{border-color:#009fe1;border-width:1px 1px 1px 1px;border-radius:2px 2px 2px 2px;background:#eeeeee;}.fusion-button.button-1:hover .fusion-button-text,.fusion-button.button-1:hover i,.fusion-button.button-1:focus .fusion-button-text,.fusion-button.button-1:focus i,.fusion-button.button-1:active .fusion-button-text,.fusion-button.button-1:active i{color:#03a9f4;}.fusion-button.button-1:hover,.fusion-button.button-1:active,.fusion-button.button-1:focus{border-color:#03a9f4;border-width:1px 1px 1px 1px;background:#dddddd;}<\/style><a class=\"fusion-button button-flat fusion-button-default-size button-custom button-1 fusion-button-default-span fusion-button-default-type\" target=\"_self\" href=\"https:\/\/setup.ismartgate.com\/da\/02-installationsvejledning\/ismartgate-mini-installation-fra-android-eller-iphone\/5\/\"><span class=\"fusion-button-text\">&lt; Tidligere<\/span><\/a><\/div><div class=\"fusion-clearfix\"><\/div><\/div><\/div><div class=\"fusion-layout-column fusion_builder_column fusion-builder-column-6 fusion_builder_column_1_4 1_4 fusion-one-fourth\" style=\"width:25%;width:calc(25% - ( ( 4% + 4% + 4% ) * 0.25 ) );margin-right: 4%;margin-top:0px;margin-bottom:20px;\"><div class=\"fusion-column-wrapper fusion-flex-column-wrapper-legacy\" style=\"background-position:left top;background-repeat:no-repeat;-webkit-background-size:cover;-moz-background-size:cover;-o-background-size:cover;background-size:cover;padding: 0px 0px 0px 0px;\"><div class=\"fusion-alignleft\"><style>.fusion-button.button-2 .fusion-button-text,.fusion-button.button-2 i{color:#009fe1;}.fusion-button.button-2{border-color:#009fe1;border-width:1px 1px 1px 1px;border-radius:2px 2px 2px 2px;background:#eeeeee;}.fusion-button.button-2:hover .fusion-button-text,.fusion-button.button-2:hover i,.fusion-button.button-2:focus .fusion-button-text,.fusion-button.button-2:focus i,.fusion-button.button-2:active .fusion-button-text,.fusion-button.button-2:active i{color:#03a9f4;}.fusion-button.button-2:hover,.fusion-button.button-2:active,.fusion-button.button-2:focus{border-color:#03a9f4;border-width:1px 1px 1px 1px;background:#dddddd;}<\/style><a class=\"fusion-button button-flat fusion-button-default-size button-custom button-2 fusion-button-default-span fusion-button-default-type\" target=\"_self\" href=\"https:\/\/setup.ismartgate.com\/da\/02-installationsvejledning\/isg-pro-lite-installation-fra-android\/ismartgate-mini-installation-fra-android-eller-iphone-slutter-sig-til-eksisterende-isg-mini\/2\/\"><span class=\"fusion-button-text\">N\u00e6ste &gt;<\/span><\/a><\/div><div class=\"fusion-clearfix\"><\/div><\/div><\/div><div class=\"fusion-layout-column fusion_builder_column fusion-builder-column-7 fusion_builder_column_1_4 1_4 fusion-one-fourth fusion-column-last fusion-no-small-visibility fusion-no-medium-visibility\" style=\"width:25%;width:calc(25% - ( ( 4% + 4% + 4% ) * 0.25 ) );margin-top:0px;margin-bottom:20px;\"><div class=\"fusion-column-wrapper fusion-flex-column-wrapper-legacy\" style=\"background-position:left top;background-repeat:no-repeat;-webkit-background-size:cover;-moz-background-size:cover;-o-background-size:cover;background-size:cover;padding: 0px 0px 0px 0px;\"><div class=\"fusion-clearfix\"><\/div><\/div><\/div><div class=\"fusion-layout-column fusion_builder_column fusion-builder-column-8 fusion_builder_column_1_1 1_1 fusion-one-full fusion-column-first fusion-column-last\" style=\"margin-top:0px;margin-bottom:20px;\"><div class=\"fusion-column-wrapper fusion-flex-column-wrapper-legacy\" style=\"background-position:left top;background-repeat:no-repeat;-webkit-background-size:cover;-moz-background-size:cover;-o-background-size:cover;background-size:cover;padding: 0px 0px 0px 0px;\"><script type=\"text\/javascript\">\njQuery(document).ready(function(){\n\tjQuery('.page-number-ism').hide();\n});\n<\/script><div class=\"fusion-clearfix\"><\/div><\/div><\/div><\/div><\/div>[fusion_builder_next_page]<div class=\"fusion-fullwidth fullwidth-box fusion-builder-row-3 nonhundred-percent-fullwidth non-hundred-percent-height-scrolling\" style=\"background-color: rgba(255,255,255,0);background-position: center center;background-repeat: no-repeat;padding-top:0px;padding-right:0px;padding-bottom:0px;padding-left:0px;margin-bottom: 0px;margin-top: 0px;border-width: 0px 0px 0px 0px;border-color:#eae9e9;border-style:solid;\" ><div class=\"fusion-builder-row fusion-row\"><div class=\"fusion-layout-column fusion_builder_column fusion-builder-column-9 fusion_builder_column_1_1 1_1 fusion-one-full fusion-column-first fusion-column-last\" style=\"margin-top:0px;margin-bottom:20px;\"><div class=\"fusion-column-wrapper fusion-flex-column-wrapper-legacy\" style=\"background-position:left top;background-repeat:no-repeat;-webkit-background-size:cover;-moz-background-size:cover;-o-background-size:cover;background-size:cover;padding: 0px 0px 0px 0px;\"><div class=\"fusion-text fusion-text-6\"><h1 style=\"text-align: center;\"><span style=\"color: #009fe1;\">02. Installation af ISG Mini fra Android eller iPhone - Deltag i eksisterende ISG Mini<\/span><\/h1>\n<\/div><div class=\"fusion-text fusion-text-7\"><h2 style=\"text-align: center;\">Deltag i eksisterende ismartgate<\/h2>\n<\/div><div class=\"fusion-clearfix\"><\/div><\/div><\/div><div class=\"fusion-layout-column fusion_builder_column fusion-builder-column-10 fusion_builder_column_1_2 1_2 fusion-one-half fusion-column-first\" style=\"width:50%;width:calc(50% - ( ( 4% ) * 0.5 ) );margin-right: 4%;margin-top:0px;margin-bottom:20px;\"><div class=\"fusion-column-wrapper fusion-flex-column-wrapper-legacy\" style=\"background-position:left top;background-repeat:no-repeat;-webkit-background-size:cover;-moz-background-size:cover;-o-background-size:cover;background-size:cover;padding: 0px 0px 0px 0px;\"><div class=\"imageframe-align-center\"><span class=\"fusion-imageframe imageframe-none imageframe-4 hover-type-none\" style=\"border-radius:5px;\"><img width=\"298\" height=\"538\" title=\"ISG_Join_eksisterende_legitimationsoplysninger\" src=\"https:\/\/setup.ismartgate.com\/wp-content\/uploads\/2019\/03\/ISG_Join_existing_credentials.png\" alt class=\"img-responsive wp-image-4412\" srcset=\"https:\/\/setup.ismartgate.com\/wp-content\/uploads\/2019\/03\/ISG_Join_existing_credentials-200x361.png 200w, https:\/\/setup.ismartgate.com\/wp-content\/uploads\/2019\/03\/ISG_Join_existing_credentials.png 298w\" sizes=\"(max-width: 1100px) 100vw, 298px\" \/><\/span><\/div><div class=\"fusion-text fusion-text-8\"><p style=\"text-align: center;\"><strong>Kontakt din ismartgate-administrator for at bede om det:<\/strong><br \/>\n1) UDI<b><br \/>\n<\/b>2) Login<br \/>\n3) Adgangskode<\/p>\n<p>N\u00e5r du har disse legitimationsoplysninger, skal du trykke p\u00e5 \"<strong>F\u00e6rdig<\/strong>&#8220;.<\/p>\n<\/div><div class=\"fusion-clearfix\"><\/div><\/div><\/div><div class=\"fusion-layout-column fusion_builder_column fusion-builder-column-11 fusion_builder_column_1_2 1_2 fusion-one-half fusion-column-last\" style=\"width:50%;width:calc(50% - ( ( 4% ) * 0.5 ) );margin-top:0px;margin-bottom:20px;\"><div class=\"fusion-column-wrapper fusion-flex-column-wrapper-legacy\" style=\"background-position:left top;background-repeat:no-repeat;-webkit-background-size:cover;-moz-background-size:cover;-o-background-size:cover;background-size:cover;padding: 0px 0px 0px 0px;\"><div class=\"imageframe-align-center\"><span class=\"fusion-imageframe imageframe-none imageframe-5 hover-type-none\" style=\"border-radius:5px;\"><img width=\"298\" height=\"538\" title=\"ISG_Join_existing_credentials_connecting\" src=\"https:\/\/setup.ismartgate.com\/wp-content\/uploads\/2019\/03\/ISG_Join_existing_credentials_connecting.png\" alt class=\"img-responsive wp-image-4413\" srcset=\"https:\/\/setup.ismartgate.com\/wp-content\/uploads\/2019\/03\/ISG_Join_existing_credentials_connecting-200x361.png 200w, https:\/\/setup.ismartgate.com\/wp-content\/uploads\/2019\/03\/ISG_Join_existing_credentials_connecting.png 298w\" sizes=\"(max-width: 1100px) 100vw, 298px\" \/><\/span><\/div><div class=\"fusion-text fusion-text-9\"><p style=\"text-align: center;\">Vent p\u00e5, at din telefon opretter forbindelse til din ismartgate.<\/p>\n<\/div><div class=\"fusion-clearfix\"><\/div><\/div><\/div><\/div><\/div>[fusion_builder_next_page]<div class=\"fusion-fullwidth fullwidth-box fusion-builder-row-4 nonhundred-percent-fullwidth non-hundred-percent-height-scrolling\" style=\"background-color: rgba(255,255,255,0);background-position: center center;background-repeat: no-repeat;padding-top:0px;padding-right:0px;padding-bottom:0px;padding-left:0px;margin-bottom: 0px;margin-top: 0px;border-width: 0px 0px 0px 0px;border-color:#eae9e9;border-style:solid;\" ><div class=\"fusion-builder-row fusion-row\"><div class=\"fusion-layout-column fusion_builder_column fusion-builder-column-12 fusion_builder_column_1_1 1_1 fusion-one-full fusion-column-first fusion-column-last\" style=\"margin-top:0px;margin-bottom:20px;\"><div class=\"fusion-column-wrapper fusion-flex-column-wrapper-legacy\" style=\"background-position:left top;background-repeat:no-repeat;-webkit-background-size:cover;-moz-background-size:cover;-o-background-size:cover;background-size:cover;padding: 0px 0px 0px 0px;\"><div class=\"fusion-text fusion-text-10\"><h1 style=\"text-align: center;\"><span style=\"color: #009fe1;\">02. Installation af ISG Mini fra Android eller iPhone - Deltag i eksisterende ISG Mini<\/span><\/h1>\n<\/div><div class=\"fusion-text fusion-text-11\"><h2 style=\"text-align: center;\">Deltag i eksisterende ismartgate<\/h2>\n<\/div><div class=\"fusion-clearfix\"><\/div><\/div><\/div><\/div><\/div><div class=\"fusion-fullwidth fullwidth-box fusion-builder-row-5 nonhundred-percent-fullwidth non-hundred-percent-height-scrolling\" style=\"background-color: rgba(255,255,255,0);background-position: center center;background-repeat: no-repeat;padding-top:0px;padding-right:0px;padding-bottom:0px;padding-left:0px;margin-bottom: 0px;margin-top: 0px;border-width: 0px 0px 0px 0px;border-color:#eae9e9;border-style:solid;\" ><div class=\"fusion-builder-row fusion-row\"><div class=\"fusion-layout-column fusion_builder_column fusion-builder-column-13 fusion_builder_column_1_6 1_6 fusion-one-sixth fusion-column-first borde\" style=\"width:16.666666666667%;width:calc(16.666666666667% - ( ( 4% + 4% + 4% ) * 0.16666666666667 ) );margin-right: 4%;margin-top:0px;margin-bottom:20px;\"><div class=\"fusion-column-wrapper fusion-flex-column-wrapper-legacy\" style=\"background-position:left top;background-repeat:no-repeat;-webkit-background-size:cover;-moz-background-size:cover;-o-background-size:cover;background-size:cover;border-width: 0 0 0 0;border-color:#d1d1d1;border-style:solid;padding: 20px 20px 20px 20px;\"><div class=\"fusion-clearfix\"><\/div><\/div><\/div><div class=\"fusion-layout-column fusion_builder_column fusion-builder-column-14 fusion_builder_column_1_3 1_3 fusion-one-third borde\" style=\"width:33.333333333333%;width:calc(33.333333333333% - ( ( 4% + 4% + 4% ) * 0.33333333333333 ) );margin-right: 4%;margin-top:0px;margin-bottom:20px;\"><div class=\"fusion-column-wrapper fusion-flex-column-wrapper-legacy\" style=\"background-position:left top;background-repeat:no-repeat;-webkit-background-size:cover;-moz-background-size:cover;-o-background-size:cover;background-size:cover;border-width: 0 0 0 0;border-color:#d1d1d1;border-style:solid;padding: 20px 20px 20px 20px;\"><div class=\"fusion-fa-align-center\"><i class=\"fb-icon-element-1 fb-icon-element fontawesome-icon fa-check fas circle-no\" style=\"font-size:30px;\"><\/i><\/div><style>i.fb-icon-element.fontawesome-icon.fb-icon-element-1{ color: #8bc34a;}i.fb-icon-element.fontawesome-icon.fb-icon-element-1:hover { color: #8bc34a;}<\/style><div class=\"imageframe-align-center\"><span class=\"fusion-imageframe imageframe-none imageframe-6 hover-type-none\" style=\"border-radius:5px;\"><img width=\"298\" height=\"538\" title=\"ISG_Installeret\" src=\"https:\/\/setup.ismartgate.com\/wp-content\/uploads\/2019\/03\/ISG_Installed.png\" alt class=\"img-responsive wp-image-4234\" srcset=\"https:\/\/setup.ismartgate.com\/wp-content\/uploads\/2019\/03\/ISG_Installed-200x361.png 200w, https:\/\/setup.ismartgate.com\/wp-content\/uploads\/2019\/03\/ISG_Installed.png 298w\" sizes=\"(max-width: 1100px) 100vw, 298px\" \/><\/span><\/div><div class=\"fusion-text fusion-text-12\"><p>Hvis du ser ovenst\u00e5ende sk\u00e6rmbillede, er din ismartgate forbundet til dit WiFi-netv\u00e6rk.<\/p>\n<\/div><div class=\"fusion-aligncenter\"><style>.fusion-button.button-3{border-radius:2px 2px 2px 2px;}<\/style><a class=\"fusion-button button-flat fusion-button-default-size button-default button-3 fusion-button-default-span fusion-button-default-type\" target=\"_self\" href=\"\/index.php\/03-installing\/\"><span class=\"fusion-button-text\">N\u00c6STE &gt;<\/span><\/a><\/div><div class=\"fusion-clearfix\"><\/div><\/div><\/div><div class=\"fusion-layout-column fusion_builder_column fusion-builder-column-15 fusion_builder_column_1_3 1_3 fusion-one-third borde\" style=\"width:33.333333333333%;width:calc(33.333333333333% - ( ( 4% + 4% + 4% ) * 0.33333333333333 ) );margin-right: 4%;margin-top:0px;margin-bottom:20px;\"><div class=\"fusion-column-wrapper fusion-flex-column-wrapper-legacy\" style=\"background-position:left top;background-repeat:no-repeat;-webkit-background-size:cover;-moz-background-size:cover;-o-background-size:cover;background-size:cover;border-width: 0 0 0 0;border-color:#d1d1d1;border-style:solid;padding: 20px 20px 20px 20px;\"><div class=\"fusion-fa-align-center\"><i class=\"fb-icon-element-2 fb-icon-element fontawesome-icon fa-exclamation-circle fas circle-no\" style=\"font-size:30px;\"><\/i><\/div><style>i.fb-icon-element.fontawesome-icon.fb-icon-element-2{ color: #000000;}i.fb-icon-element.fontawesome-icon.fb-icon-element-2:hover { color: #000000;}<\/style>\n<div class=\"imageframe-align-center\"><span class=\"fusion-imageframe imageframe-none imageframe-7 hover-type-none\" style=\"border-radius:5px;\"><img width=\"298\" height=\"538\" title=\"fejl\" src=\"https:\/\/setup.ismartgate.com\/wp-content\/uploads\/2019\/02\/error.png\" alt class=\"img-responsive wp-image-3807\" srcset=\"https:\/\/setup.ismartgate.com\/wp-content\/uploads\/2019\/02\/error-200x361.png 200w, https:\/\/setup.ismartgate.com\/wp-content\/uploads\/2019\/02\/error.png 298w\" sizes=\"(max-width: 1100px) 100vw, 298px\" \/><\/span><\/div><div class=\"fusion-text fusion-text-13\"><p>Hvis du ser ovenst\u00e5ende billede, betyder det, at ismartgate ikke opretter forbindelse til din smartphone.<br \/>\nTjek venligst, om din ismartgate <strong>UDI, login eller adgangskode<\/strong> er korrekt.<\/p>\n<\/div><div class=\"fusion-clearfix\"><\/div><\/div><\/div><div class=\"fusion-layout-column fusion_builder_column fusion-builder-column-16 fusion_builder_column_1_6 1_6 fusion-one-sixth fusion-column-last borde\" style=\"width:16.666666666667%;width:calc(16.666666666667% - ( ( 4% + 4% + 4% ) * 0.16666666666667 ) );margin-top:0px;margin-bottom:20px;\"><div class=\"fusion-column-wrapper fusion-flex-column-wrapper-legacy\" style=\"background-position:left top;background-repeat:no-repeat;-webkit-background-size:cover;-moz-background-size:cover;-o-background-size:cover;background-size:cover;border-width: 0 0 0 0;border-color:#d1d1d1;border-style:solid;padding: 20px 20px 20px 20px;\"><div class=\"fusion-clearfix\"><\/div><\/div><\/div><\/div><\/div><\/p>","protected":false},"excerpt":{"rendered":"<p>[fusion_builder_next_page][fusion_builder_next_page]<\/p>","protected":false},"author":3,"featured_media":0,"parent":74,"menu_order":0,"comment_status":"closed","ping_status":"closed","template":"","meta":[],"yst_prominent_words":[],"_links":{"self":[{"href":"https:\/\/setup.ismartgate.com\/da\/wp-json\/wp\/v2\/pages\/6670"}],"collection":[{"href":"https:\/\/setup.ismartgate.com\/da\/wp-json\/wp\/v2\/pages"}],"about":[{"href":"https:\/\/setup.ismartgate.com\/da\/wp-json\/wp\/v2\/types\/page"}],"author":[{"embeddable":true,"href":"https:\/\/setup.ismartgate.com\/da\/wp-json\/wp\/v2\/users\/3"}],"replies":[{"embeddable":true,"href":"https:\/\/setup.ismartgate.com\/da\/wp-json\/wp\/v2\/comments?post=6670"}],"version-history":[{"count":6,"href":"https:\/\/setup.ismartgate.com\/da\/wp-json\/wp\/v2\/pages\/6670\/revisions"}],"predecessor-version":[{"id":8014,"href":"https:\/\/setup.ismartgate.com\/da\/wp-json\/wp\/v2\/pages\/6670\/revisions\/8014"}],"up":[{"embeddable":true,"href":"https:\/\/setup.ismartgate.com\/da\/wp-json\/wp\/v2\/pages\/74"}],"wp:attachment":[{"href":"https:\/\/setup.ismartgate.com\/da\/wp-json\/wp\/v2\/media?parent=6670"}],"wp:term":[{"taxonomy":"yst_prominent_words","embeddable":true,"href":"https:\/\/setup.ismartgate.com\/da\/wp-json\/wp\/v2\/yst_prominent_words?post=6670"}],"curies":[{"name":"wp","href":"https:\/\/api.w.org\/{rel}","templated":true}]}}