{"id":5564,"date":"2020-01-30T11:27:17","date_gmt":"2020-01-30T11:27:17","guid":{"rendered":"https:\/\/setup.ismartgate.com\/?page_id=5564"},"modified":"2020-06-10T06:36:35","modified_gmt":"2020-06-10T06:36:35","slug":"ethernet-iphone","status":"publish","type":"page","link":"https:\/\/setup.ismartgate.com\/da\/ethernet-iphone\/","title":{"rendered":"Ethernet-konfiguration Ismartgate - iPhone"},"content":{"rendered":"<p><div class=\"fusion-fullwidth fullwidth-box fusion-builder-row-1 nonhundred-percent-fullwidth non-hundred-percent-height-scrolling\" style=\"background-color: rgba(255,255,255,0);background-position: center center;background-repeat: no-repeat;padding-top:0px;padding-right:0px;padding-bottom:0px;padding-left:0px;margin-bottom: 0px;margin-top: 0px;border-width: 0px 0px 0px 0px;border-color:#eae9e9;border-style:solid;\" ><div class=\"fusion-builder-row fusion-row\"><div class=\"fusion-layout-column fusion_builder_column fusion-builder-column-0 fusion_builder_column_1_1 1_1 fusion-one-full fusion-column-first fusion-column-last\" style=\"margin-top:0px;margin-bottom:20px;\"><div class=\"fusion-column-wrapper fusion-flex-column-wrapper-legacy\" style=\"background-position:left top;background-repeat:no-repeat;-webkit-background-size:cover;-moz-background-size:cover;-o-background-size:cover;background-size:cover;padding: 0px 0px 0px 0px;\"><div class=\"fusion-text fusion-text-1\"><h1 style=\"text-align: center;\"><span style=\"color: #009fe1;\">02. Program iPhone<\/span><\/h1>\n<\/div><div class=\"fusion-text fusion-text-2\"><h2 style=\"text-align: center;\"><b>ismartgate ops\u00e6tning<\/b><\/h2>\n<\/div><div class=\"fusion-text fusion-text-3\"><h4 style=\"text-align: center;\"><span style=\"color: #009fe0;\">Ethernet-konfiguration<\/span><\/h4>\n<\/div><div class=\"fusion-clearfix\"><\/div><\/div><\/div><div class=\"fusion-layout-column fusion_builder_column fusion-builder-column-1 fusion_builder_column_1_1 1_1 fusion-one-full fusion-column-first fusion-column-last\" style=\"margin-top:0px;margin-bottom:20px;\"><div class=\"fusion-column-wrapper fusion-flex-column-wrapper-legacy\" style=\"background-position:left top;background-repeat:no-repeat;-webkit-background-size:cover;-moz-background-size:cover;-o-background-size:cover;background-size:cover;padding: 0px 0px 0px 0px;\"><div class=\"fusion-text fusion-text-4\"><p style=\"text-align: center;\">S\u00e6t USB til Ethernet-adapteren i USB-stikket p\u00e5 din ismartgate-enhed.<\/p>\n<p style=\"text-align: center;\">Wi-Fi-lampen skal blive konstant gr\u00f8n, som p\u00e5 billedet nedenfor:<\/p>\n<\/div><div class=\"fusion-builder-row fusion-builder-row-inner fusion-row\"><div class=\"fusion-layout-column fusion_builder_column_inner fusion-builder-nested-column-0 fusion_builder_column_inner_1_3 1_3 fusion-one-third fusion-column-first\" style=\"width:33.333333333333%;width:calc(33.333333333333% - ( ( 4% + 4% ) * 0.33333333333333 ) );margin-right: 4%;margin-top:0px;margin-bottom:20px;\"><div class=\"fusion-column-wrapper fusion-flex-column-wrapper-legacy\" style=\"background-position:left top;background-repeat:no-repeat;-webkit-background-size:cover;-moz-background-size:cover;-o-background-size:cover;background-size:cover;padding: 0px 0px 0px 0px;\"><div class=\"fusion-clearfix\"><\/div><\/div><\/div><div class=\"fusion-layout-column fusion_builder_column_inner fusion-builder-nested-column-1 fusion_builder_column_inner_1_3 1_3 fusion-one-third\" style=\"width:33.333333333333%;width:calc(33.333333333333% - ( ( 4% + 4% ) * 0.33333333333333 ) );margin-right: 4%;margin-top:0px;margin-bottom:20px;\"><div class=\"fusion-column-wrapper fusion-flex-column-wrapper-legacy\" style=\"background-position:left top;background-repeat:no-repeat;-webkit-background-size:cover;-moz-background-size:cover;-o-background-size:cover;background-size:cover;padding: 0px 0px 0px 0px;\"><span class=\"fusion-imageframe imageframe-none imageframe-1 hover-type-none\" style=\"border-radius:5px;\"><img width=\"600\" height=\"598\" title=\"dav\" src=\"https:\/\/setup.ismartgate.com\/wp-content\/uploads\/2020\/01\/isg_ethernet-1-600x598.jpg\" alt class=\"img-responsive wp-image-5557\" srcset=\"https:\/\/setup.ismartgate.com\/wp-content\/uploads\/2020\/01\/isg_ethernet-1-200x199.jpg 200w, https:\/\/setup.ismartgate.com\/wp-content\/uploads\/2020\/01\/isg_ethernet-1-400x399.jpg 400w, https:\/\/setup.ismartgate.com\/wp-content\/uploads\/2020\/01\/isg_ethernet-1-600x598.jpg 600w, https:\/\/setup.ismartgate.com\/wp-content\/uploads\/2020\/01\/isg_ethernet-1-800x797.jpg 800w, https:\/\/setup.ismartgate.com\/wp-content\/uploads\/2020\/01\/isg_ethernet-1-1200x1196.jpg 1200w\" sizes=\"(max-width: 1100px) 100vw, 400px\" \/><\/span><div class=\"fusion-clearfix\"><\/div><\/div><\/div><div class=\"fusion-layout-column fusion_builder_column_inner fusion-builder-nested-column-2 fusion_builder_column_inner_1_3 1_3 fusion-one-third fusion-column-last\" style=\"width:33.333333333333%;width:calc(33.333333333333% - ( ( 4% + 4% ) * 0.33333333333333 ) );margin-top:0px;margin-bottom:20px;\"><div class=\"fusion-column-wrapper fusion-flex-column-wrapper-legacy\" style=\"background-position:left top;background-repeat:no-repeat;-webkit-background-size:cover;-moz-background-size:cover;-o-background-size:cover;background-size:cover;padding: 0px 0px 0px 0px;\"><div class=\"fusion-clearfix\"><\/div><\/div><\/div><\/div><div class=\"fusion-text fusion-text-5\"><p style=\"text-align: center;\">Hvis Wi-Fi-lampen bliver r\u00f8d, skal du nulstille enheden, ellers skal du v\u00e6lge N\u00e6ste.<\/p>\n<\/div><div class=\"fusion-sep-clear\"><\/div><div class=\"fusion-separator fusion-full-width-sep\" style=\"margin-left: auto;margin-right: auto;margin-top:5px;margin-bottom:5px;width:100%;\"><\/div><div class=\"fusion-sep-clear\"><\/div><div class=\"fusion-aligncenter\"><style>.fusion-button.button-1{border-radius:2px 2px 2px 2px;}<\/style><a class=\"fusion-button button-flat fusion-button-default-size button-default button-1 fusion-button-default-span fusion-button-default-type\" target=\"_blank\" rel=\"noopener noreferrer\" href=\"https:\/\/setup.ismartgate.com\/da\/nulstil-ethernet-iphone\/\"><span class=\"fusion-button-text\">Nulstil<\/span><\/a><\/div><div class=\"fusion-clearfix\"><\/div><\/div><\/div><\/div><\/div>[fusion_builder_next_page]<div class=\"fusion-fullwidth fullwidth-box fusion-builder-row-2 nonhundred-percent-fullwidth non-hundred-percent-height-scrolling\" style=\"background-color: rgba(255,255,255,0);background-position: center center;background-repeat: no-repeat;padding-top:0px;padding-right:0px;padding-bottom:0px;padding-left:0px;margin-bottom: 0px;margin-top: 0px;border-width: 0px 0px 0px 0px;border-color:#eae9e9;border-style:solid;\" ><div class=\"fusion-builder-row fusion-row\"><div class=\"fusion-layout-column fusion_builder_column fusion-builder-column-2 fusion_builder_column_1_1 1_1 fusion-one-full fusion-column-first fusion-column-last\" style=\"margin-top:0px;margin-bottom:20px;\"><div class=\"fusion-column-wrapper fusion-flex-column-wrapper-legacy\" style=\"background-position:left top;background-repeat:no-repeat;-webkit-background-size:cover;-moz-background-size:cover;-o-background-size:cover;background-size:cover;padding: 0px 0px 0px 0px;\"><div class=\"fusion-text fusion-text-6\"><h1 style=\"text-align: center;\"><span style=\"color: #009fe1;\">02. Program iPhone<\/span><\/h1>\n<\/div><div class=\"fusion-text fusion-text-7\"><h2 style=\"text-align: center;\"><b>ismartgate ops\u00e6tning<\/b><\/h2>\n<\/div><div class=\"fusion-text fusion-text-8\"><h4 style=\"text-align: center;\"><span style=\"color: #009fe0;\">Ethernet-konfiguration<\/span><\/h4>\n<\/div><div class=\"fusion-clearfix\"><\/div><\/div><\/div><div class=\"fusion-layout-column fusion_builder_column fusion-builder-column-3 fusion_builder_column_1_4 1_4 fusion-one-fourth fusion-column-first\" style=\"width:25%;width:calc(25% - ( ( 4% + 4% + 4% ) * 0.25 ) );margin-right: 4%;margin-top:0px;margin-bottom:20px;\"><div class=\"fusion-column-wrapper fusion-flex-column-wrapper-legacy\" style=\"background-position:left top;background-repeat:no-repeat;-webkit-background-size:cover;-moz-background-size:cover;-o-background-size:cover;background-size:cover;padding: 0px 0px 0px 0px;\"><span class=\"fusion-imageframe imageframe-none imageframe-2 hover-type-none\" style=\"border-radius:5px;\"><img src=\"https:\/\/ismartgate.com\/wp-content\/uploads\/2019\/09\/App_0.jpg\" alt class=\"img-responsive\"\/><\/span><div class=\"fusion-text fusion-text-9\"><ol>\n<li>\u00c5bn din ismartgate-app<\/li>\n<\/ol>\n<\/div><div class=\"fusion-clearfix\"><\/div><\/div><\/div><div class=\"fusion-layout-column fusion_builder_column fusion-builder-column-4 fusion_builder_column_1_4 1_4 fusion-one-fourth\" style=\"width:25%;width:calc(25% - ( ( 4% + 4% + 4% ) * 0.25 ) );margin-right: 4%;margin-top:0px;margin-bottom:20px;\"><div class=\"fusion-column-wrapper fusion-flex-column-wrapper-legacy\" style=\"background-position:left top;background-repeat:no-repeat;-webkit-background-size:cover;-moz-background-size:cover;-o-background-size:cover;background-size:cover;padding: 0px 0px 0px 0px;\"><span class=\"fusion-imageframe imageframe-none imageframe-3 hover-type-none\" style=\"border-radius:5px;\"><img src=\"https:\/\/ismartgate.com\/wp-content\/uploads\/2019\/09\/App_Start_Join.jpg\" alt class=\"img-responsive\"\/><\/span><div class=\"fusion-text fusion-text-10\"><ol start=\"2\">\n<li>V\u00e6lg indstillingen Start konfiguration.<\/li>\n<\/ol>\n<\/div><div class=\"fusion-clearfix\"><\/div><\/div><\/div><div class=\"fusion-layout-column fusion_builder_column fusion-builder-column-5 fusion_builder_column_1_4 1_4 fusion-one-fourth\" style=\"width:25%;width:calc(25% - ( ( 4% + 4% + 4% ) * 0.25 ) );margin-right: 4%;margin-top:0px;margin-bottom:20px;\"><div class=\"fusion-column-wrapper fusion-flex-column-wrapper-legacy\" style=\"background-position:left top;background-repeat:no-repeat;-webkit-background-size:cover;-moz-background-size:cover;-o-background-size:cover;background-size:cover;padding: 0px 0px 0px 0px;\"><span class=\"fusion-imageframe imageframe-none imageframe-4 hover-type-none\" style=\"border-radius:5px;\"><img src=\"https:\/\/ismartgate.com\/wp-content\/uploads\/2019\/09\/App_Start_1.jpg\" alt class=\"img-responsive\"\/><\/span><div class=\"fusion-text fusion-text-11\"><ol start=\"3\">\n<li>Spring alle disse instruktioner over, indtil du ser det n\u00e6ste billede<\/li>\n<\/ol>\n<\/div><div class=\"fusion-clearfix\"><\/div><\/div><\/div><div class=\"fusion-layout-column fusion_builder_column fusion-builder-column-6 fusion_builder_column_1_4 1_4 fusion-one-fourth fusion-column-last\" style=\"width:25%;width:calc(25% - ( ( 4% + 4% + 4% ) * 0.25 ) );margin-top:0px;margin-bottom:20px;\"><div class=\"fusion-column-wrapper fusion-flex-column-wrapper-legacy\" style=\"background-position:left top;background-repeat:no-repeat;-webkit-background-size:cover;-moz-background-size:cover;-o-background-size:cover;background-size:cover;padding: 0px 0px 0px 0px;\"><span class=\"fusion-imageframe imageframe-none imageframe-5 hover-type-none\" style=\"border-radius:5px;\"><img src=\"https:\/\/ismartgate.com\/wp-content\/uploads\/2019\/09\/setup_ethernet1-1.jpg\" alt class=\"img-responsive\"\/><\/span><div class=\"fusion-text fusion-text-12\"><ol start=\"4\">\n<li>S\u00f8rg for, at din telefon er tilsluttet det samme netv\u00e6rk som den ismartgate, du har tilsluttet via Ethernet. <strong>Et 2,4 GHz-netv\u00e6rk<\/strong>. Hvis du har et 5 GHz- og et 2,4 GHz-netv\u00e6rk, skal du oprette forbindelse til 2,4 GHz-netv\u00e6rket.<\/li>\n<\/ol>\n<\/div><div class=\"fusion-clearfix\"><\/div><\/div><\/div><\/div><\/div>[fusion_builder_next_page]<div class=\"fusion-fullwidth fullwidth-box fusion-builder-row-3 nonhundred-percent-fullwidth non-hundred-percent-height-scrolling\" style=\"background-color: rgba(255,255,255,0);background-position: center center;background-repeat: no-repeat;padding-top:0px;padding-right:0px;padding-bottom:0px;padding-left:0px;margin-bottom: 0px;margin-top: 0px;border-width: 0px 0px 0px 0px;border-color:#eae9e9;border-style:solid;\" ><div class=\"fusion-builder-row fusion-row\"><div class=\"fusion-layout-column fusion_builder_column fusion-builder-column-7 fusion_builder_column_1_1 1_1 fusion-one-full fusion-column-first fusion-column-last\" style=\"margin-top:0px;margin-bottom:20px;\"><div class=\"fusion-column-wrapper fusion-flex-column-wrapper-legacy\" style=\"background-position:left top;background-repeat:no-repeat;-webkit-background-size:cover;-moz-background-size:cover;-o-background-size:cover;background-size:cover;padding: 0px 0px 0px 0px;\"><div class=\"fusion-text fusion-text-13\"><h1 style=\"text-align: center;\"><span style=\"color: #009fe1;\">02. Program iPhone<\/span><\/h1>\n<\/div><div class=\"fusion-text fusion-text-14\"><h2 style=\"text-align: center;\">ismartgate Ops\u00e6tning<\/h2>\n<\/div><div class=\"fusion-text fusion-text-15\"><h4 style=\"text-align: center;\"><span style=\"color: #3483c9;\">Konfigurer d\u00f8re<\/span><\/h4>\n<\/div><div class=\"fusion-clearfix\"><\/div><\/div><\/div><div class=\"fusion-layout-column fusion_builder_column fusion-builder-column-8 fusion_builder_column_1_3 1_3 fusion-one-third fusion-column-first\" style=\"width:33.333333333333%;width:calc(33.333333333333% - ( ( 4% + 4% ) * 0.33333333333333 ) );margin-right: 4%;margin-top:0px;margin-bottom:20px;\"><div class=\"fusion-column-wrapper fusion-flex-column-wrapper-legacy\" style=\"background-position:left top;background-repeat:no-repeat;-webkit-background-size:cover;-moz-background-size:cover;-o-background-size:cover;background-size:cover;padding: 10px 10px 10px 10px;\"><span class=\"fusion-imageframe imageframe-none imageframe-6 hover-type-none\" style=\"border-radius:5px;\"><img width=\"298\" height=\"538\" title=\"ISG_Language\" src=\"https:\/\/setup.ismartgate.com\/wp-content\/uploads\/2019\/03\/ISG_Language.png\" alt class=\"img-responsive wp-image-4188\" srcset=\"https:\/\/setup.ismartgate.com\/wp-content\/uploads\/2019\/03\/ISG_Language-200x361.png 200w, https:\/\/setup.ismartgate.com\/wp-content\/uploads\/2019\/03\/ISG_Language.png 298w\" sizes=\"(max-width: 1100px) 100vw, 298px\" \/><\/span><div class=\"fusion-text fusion-text-16\"><p>Det er nu tid til at programmere din ismartgate:<br \/>\n1. V\u00e6lg din foretrukne <b>sprog<br \/>\n<\/b>2. Tryk p\u00e5 <b>\"N\u00e6ste\"<\/b>.<\/p>\n<\/div><div class=\"fusion-clearfix\"><\/div><\/div><\/div><div class=\"fusion-layout-column fusion_builder_column fusion-builder-column-9 fusion_builder_column_1_3 1_3 fusion-one-third\" style=\"width:33.333333333333%;width:calc(33.333333333333% - ( ( 4% + 4% ) * 0.33333333333333 ) );margin-right: 4%;margin-top:0px;margin-bottom:20px;\"><div class=\"fusion-column-wrapper fusion-flex-column-wrapper-legacy\" style=\"background-position:left top;background-repeat:no-repeat;-webkit-background-size:cover;-moz-background-size:cover;-o-background-size:cover;background-size:cover;padding: 10px 10px 10px 10px;\"><span class=\"fusion-imageframe imageframe-none imageframe-7 hover-type-none\" style=\"border-radius:5px;\"><img width=\"298\" height=\"538\" title=\"ISG_D\u00f8re\" src=\"https:\/\/setup.ismartgate.com\/wp-content\/uploads\/2019\/03\/ISG_Doors.png\" alt class=\"img-responsive wp-image-4189\" srcset=\"https:\/\/setup.ismartgate.com\/wp-content\/uploads\/2019\/03\/ISG_Doors-200x361.png 200w, https:\/\/setup.ismartgate.com\/wp-content\/uploads\/2019\/03\/ISG_Doors.png 298w\" sizes=\"(max-width: 1100px) 100vw, 298px\" \/><\/span><div class=\"fusion-text fusion-text-17\"><p>Definer, hvor mange d\u00f8re du vil kontrollere:<br \/>\n1. Start\u00a0<b>\"<\/b><b>Aktiverer<\/b><b>\" D\u00d8R 1<br \/>\n<\/b>2. Rul\u00a0<b>ned<\/b><b>.<\/b><\/p>\n<\/div><div class=\"fusion-clearfix\"><\/div><\/div><\/div><div class=\"fusion-layout-column fusion_builder_column fusion-builder-column-10 fusion_builder_column_1_3 1_3 fusion-one-third fusion-column-last\" style=\"width:33.333333333333%;width:calc(33.333333333333% - ( ( 4% + 4% ) * 0.33333333333333 ) );margin-top:0px;margin-bottom:20px;\"><div class=\"fusion-column-wrapper fusion-flex-column-wrapper-legacy\" style=\"background-position:left top;background-repeat:no-repeat;-webkit-background-size:cover;-moz-background-size:cover;-o-background-size:cover;background-size:cover;padding: 10px 10px 10px 10px;\"><span class=\"fusion-imageframe imageframe-none imageframe-8 hover-type-none\" style=\"border-radius:5px;\"><img width=\"298\" height=\"538\" title=\"ISG_Doors_Fields\" src=\"https:\/\/setup.ismartgate.com\/wp-content\/uploads\/2019\/03\/ISG_Doors_Fields.png\" alt class=\"img-responsive wp-image-4190\" srcset=\"https:\/\/setup.ismartgate.com\/wp-content\/uploads\/2019\/03\/ISG_Doors_Fields-200x361.png 200w, https:\/\/setup.ismartgate.com\/wp-content\/uploads\/2019\/03\/ISG_Doors_Fields.png 298w\" sizes=\"(max-width: 1100px) 100vw, 298px\" \/><\/span><div class=\"fusion-text fusion-text-18\"><p><b>(1) <\/b><b>Fyld<\/b> <b>den<\/b> <b>f\u00f8lgende<\/b> <b>felter<\/b><b>:<br \/>\n<\/b>1. d\u00f8rtilstand: Garage \/ port<br \/>\n2. d\u00f8rbilleder: Standard \/ Brugerdefineret (du kan uploade billeder af din garageport \u00e5ben\/lukket)<br \/>\n3. D\u00f8rens navn<br \/>\n4. sensortype<br \/>\n5. Sensor-ID<\/p>\n<p><b>(2) <\/b><b>Rulle<\/b>\u00a0<b>ned<\/b><\/p>\n<\/div><div class=\"fusion-clearfix\"><\/div><\/div><\/div><\/div><\/div>[fusion_builder_next_page]<div class=\"fusion-fullwidth fullwidth-box fusion-builder-row-4 nonhundred-percent-fullwidth non-hundred-percent-height-scrolling\" style=\"background-color: rgba(255,255,255,0);background-position: center center;background-repeat: no-repeat;padding-top:0px;padding-right:0px;padding-bottom:0px;padding-left:0px;margin-bottom: 0px;margin-top: 0px;border-width: 0px 0px 0px 0px;border-color:#eae9e9;border-style:solid;\" ><div class=\"fusion-builder-row fusion-row\"><div class=\"fusion-layout-column fusion_builder_column fusion-builder-column-11 fusion_builder_column_1_1 1_1 fusion-one-full fusion-column-first fusion-column-last\" style=\"margin-top:0px;margin-bottom:20px;\"><div class=\"fusion-column-wrapper fusion-flex-column-wrapper-legacy\" style=\"background-position:left top;background-repeat:no-repeat;-webkit-background-size:cover;-moz-background-size:cover;-o-background-size:cover;background-size:cover;padding: 0px 0px 0px 0px;\"><div class=\"fusion-text fusion-text-19\"><h1 style=\"text-align: center;\"><span style=\"color: #009fe1;\">02. Program iPhone<\/span><\/h1>\n<\/div><div class=\"fusion-text fusion-text-20\"><h2 style=\"text-align: center;\">ismartgate Ops\u00e6tning<\/h2>\n<\/div><div class=\"fusion-text fusion-text-21\"><h4 style=\"text-align: center;\"><span style=\"color: #3483c9;\">Hvilken ops\u00e6tning v\u00e6lger du?<\/span><\/h4>\n<\/div><div class=\"fusion-clearfix\"><\/div><\/div><\/div><div class=\"fusion-layout-column fusion_builder_column fusion-builder-column-12 fusion_builder_column_1_6 1_6 fusion-one-sixth fusion-column-first\" style=\"width:16.666666666667%;width:calc(16.666666666667% - ( ( 4% + 4% + 4% ) * 0.16666666666667 ) );margin-right: 4%;margin-top:0px;margin-bottom:20px;\"><div class=\"fusion-column-wrapper fusion-flex-column-wrapper-legacy\" style=\"background-position:left top;background-repeat:no-repeat;-webkit-background-size:cover;-moz-background-size:cover;-o-background-size:cover;background-size:cover;padding: 10px 10px 10px 10px;\"><div class=\"fusion-clearfix\"><\/div><\/div><\/div><div class=\"fusion-layout-column fusion_builder_column fusion-builder-column-13 fusion_builder_column_1_3 1_3 fusion-one-third element-list-entrematic fusion-column-inner-bg-wrapper\" style=\"width:33.333333333333%;width:calc(33.333333333333% - ( ( 4% + 4% + 4% ) * 0.33333333333333 ) );margin-right: 4%;margin-top:0px;margin-bottom:20px;\"><div class=\"fusion-column-wrapper fusion-flex-column-wrapper-legacy\" style=\"border:2px solid #d1d1d1;padding: 20px 20px 20px 20px;\"><div class=\"imageframe-align-center\"><span class=\"fusion-imageframe imageframe-none imageframe-9 hover-type-none\" style=\"border-radius:5px;\"><img width=\"279\" height=\"200\" title=\"ismartgate_homekit\" src=\"https:\/\/setup.ismartgate.com\/wp-content\/uploads\/2019\/03\/ismartgate_homekit.png\" alt class=\"img-responsive wp-image-4192\" srcset=\"https:\/\/setup.ismartgate.com\/wp-content\/uploads\/2019\/03\/ismartgate_homekit-200x143.png 200w, https:\/\/setup.ismartgate.com\/wp-content\/uploads\/2019\/03\/ismartgate_homekit.png 279w\" sizes=\"(max-width: 1100px) 100vw, 279px\" \/><\/span><\/div><div class=\"fusion-text fusion-text-22\"><h3 style=\"text-align: center;\"><strong>Fuld ops\u00e6tning<\/strong><br \/>\n(ANBEFALET)<\/h3>\n<\/div><div class=\"fusion-text fusion-text-23\"><p style=\"text-align: left;\">Du vil f\u00e5 gl\u00e6de af alle ismartgate's funktioner:<\/p>\n<ul>\n<li>Fjernadgang<\/li>\n<li>Apple HomeKit<\/li>\n<li style=\"text-align: left;\">Videooptagelse og streaming<\/li>\n<li style=\"text-align: left;\">Brugeradministration<\/li>\n<li style=\"text-align: left;\">Integration i hjemmet med Google Home \/ Amazon Alexa<\/li>\n<li style=\"text-align: left;\">Automatisk \u00e5bning\/lukning med iFTTT<\/li>\n<\/ul>\n<\/div><div class=\"fusion-aligncenter\"><style>.fusion-button.button-2{border-radius:2px 2px 2px 2px;}<\/style><a class=\"fusion-button button-flat fusion-button-default-size button-default button-2 fusion-button-default-span fusion-button-default-type\" target=\"_self\"><span class=\"fusion-button-text\">ismartgate + HomeKit<\/span><\/a><\/div><div class=\"fusion-clearfix\"><\/div><\/div><span class=\"fusion-column-inner-bg hover-type-none\"><a class=\"fusion-column-anchor\" href=\"index.php\/02-program\/programing-esc-for-iphone\/15\/\"><span class=\"fusion-column-inner-bg-image\" style=\"background-position:left top;background-repeat:no-repeat;-webkit-background-size:cover;-moz-background-size:cover;-o-background-size:cover;background-size:cover;\"><\/span><\/a><\/span><\/div><div class=\"fusion-layout-column fusion_builder_column fusion-builder-column-14 fusion_builder_column_1_3 1_3 fusion-one-third element-list-entrematic fusion-column-inner-bg-wrapper\" style=\"width:33.333333333333%;width:calc(33.333333333333% - ( ( 4% + 4% + 4% ) * 0.33333333333333 ) );margin-right: 4%;margin-top:0px;margin-bottom:20px;\"><div class=\"fusion-column-wrapper fusion-flex-column-wrapper-legacy\" style=\"border:2px solid #d1d1d1;padding: 20px 20px 20px 20px;\"><div class=\"imageframe-align-center\"><span class=\"fusion-imageframe imageframe-none imageframe-10 hover-type-none\" style=\"border-radius:5px;\"><img width=\"279\" height=\"200\" title=\"HK1\" src=\"https:\/\/setup.ismartgate.com\/wp-content\/uploads\/2018\/10\/HK1.png\" alt class=\"img-responsive wp-image-926\" srcset=\"https:\/\/setup.ismartgate.com\/wp-content\/uploads\/2018\/10\/HK1-200x143.png 200w, https:\/\/setup.ismartgate.com\/wp-content\/uploads\/2018\/10\/HK1.png 279w\" sizes=\"(max-width: 1100px) 100vw, 279px\" \/><\/span><\/div><div class=\"fusion-text fusion-text-24\"><h3 style=\"text-align: center;\"><strong>HomeKit<\/strong><br \/>\n<span style=\"color: #ff0000;\">(KUN)<\/span><\/h3>\n<\/div><div class=\"fusion-text fusion-text-25\"><p>Din ismartgate kan <span style=\"color: #ff0000;\"><strong>kan kun bruges med Apples Home-app*.<\/strong><\/span>.<br \/>\nDu kan\u00a0<span style=\"color: #ff0000;\"><strong>IKKE v\u00e6re i stand til<\/strong><\/span>\u00a0for at f\u00e5 gl\u00e6de af f\u00f8lgende funktioner:<\/p>\n<ul>\n<li>Brugeradministration<\/li>\n<li>Videooverv\u00e5gning af garage<\/li>\n<li>Integration med andre Smart Home-platforme<\/li>\n<li style=\"text-align: left;\">Advarsler om temperatur<\/li>\n<li><span style=\"color: #ff0000;\"><strong>FIRMWARE-OPDATERINGER<\/strong><\/span><\/li>\n<\/ul>\n<\/div><div class=\"fusion-text fusion-text-26\"><h6>*For at kunne fjernstyre din ismartgate med Siri eller Apple Home-appen skal du muligvis have et Apple TV eller en Apple HomePod tilsluttet det samme Wi-Fi-netv\u00e6rk som ismartgate. Hvis ikke, kan ismartgate kun styres lokalt med Siri og Apples Home-app.<\/h6>\n<\/div><div class=\"fusion-aligncenter\"><style>.fusion-button.button-3{border-radius:2px 2px 2px 2px;}<\/style><a class=\"fusion-button button-flat fusion-button-default-size button-default button-3 fusion-button-default-span fusion-button-default-type\" target=\"_self\"><span class=\"fusion-button-text\">HomeKit<\/span><\/a><\/div><div class=\"fusion-clearfix\"><\/div><\/div><span class=\"fusion-column-inner-bg hover-type-none\"><a class=\"fusion-column-anchor\" href=\"https:\/\/setup.ismartgate.com\/da\/kun-homekit\/\"><span class=\"fusion-column-inner-bg-image\" style=\"background-position:left top;background-repeat:no-repeat;-webkit-background-size:cover;-moz-background-size:cover;-o-background-size:cover;background-size:cover;\"><\/span><\/a><\/span><\/div><div class=\"fusion-layout-column fusion_builder_column fusion-builder-column-15 fusion_builder_column_1_6 1_6 fusion-one-sixth fusion-column-last\" style=\"width:16.666666666667%;width:calc(16.666666666667% - ( ( 4% + 4% + 4% ) * 0.16666666666667 ) );margin-top:0px;margin-bottom:20px;\"><div class=\"fusion-column-wrapper fusion-flex-column-wrapper-legacy\" style=\"background-position:left top;background-repeat:no-repeat;-webkit-background-size:cover;-moz-background-size:cover;-o-background-size:cover;background-size:cover;padding: 10px 10px 10px 10px;\"><div class=\"fusion-clearfix\"><\/div><\/div><\/div><div class=\"fusion-layout-column fusion_builder_column fusion-builder-column-16 fusion_builder_column_1_1 1_1 fusion-one-full fusion-column-first fusion-column-last\" style=\"margin-top:0px;margin-bottom:0px;\"><div class=\"fusion-column-wrapper fusion-flex-column-wrapper-legacy\" style=\"background-position:left top;background-repeat:no-repeat;-webkit-background-size:cover;-moz-background-size:cover;-o-background-size:cover;background-size:cover;padding: 0px 0px 0px 0px;\"><script type=\"text\/javascript\">\njQuery(document).ready(function(){\n\tjQuery('.page-number-ism:last').hide();\n});\n<\/script><div class=\"fusion-clearfix\"><\/div><\/div><\/div><\/div><\/div><\/p>","protected":false},"excerpt":{"rendered":"<p>[fusion_builder_next_page][fusion_builder_next_page][fusion_builder_next_page]<\/p>","protected":false},"author":3,"featured_media":0,"parent":0,"menu_order":0,"comment_status":"closed","ping_status":"closed","template":"","meta":[],"yst_prominent_words":[],"_links":{"self":[{"href":"https:\/\/setup.ismartgate.com\/da\/wp-json\/wp\/v2\/pages\/5564"}],"collection":[{"href":"https:\/\/setup.ismartgate.com\/da\/wp-json\/wp\/v2\/pages"}],"about":[{"href":"https:\/\/setup.ismartgate.com\/da\/wp-json\/wp\/v2\/types\/page"}],"author":[{"embeddable":true,"href":"https:\/\/setup.ismartgate.com\/da\/wp-json\/wp\/v2\/users\/3"}],"replies":[{"embeddable":true,"href":"https:\/\/setup.ismartgate.com\/da\/wp-json\/wp\/v2\/comments?post=5564"}],"version-history":[{"count":8,"href":"https:\/\/setup.ismartgate.com\/da\/wp-json\/wp\/v2\/pages\/5564\/revisions"}],"predecessor-version":[{"id":5589,"href":"https:\/\/setup.ismartgate.com\/da\/wp-json\/wp\/v2\/pages\/5564\/revisions\/5589"}],"wp:attachment":[{"href":"https:\/\/setup.ismartgate.com\/da\/wp-json\/wp\/v2\/media?parent=5564"}],"wp:term":[{"taxonomy":"yst_prominent_words","embeddable":true,"href":"https:\/\/setup.ismartgate.com\/da\/wp-json\/wp\/v2\/yst_prominent_words?post=5564"}],"curies":[{"name":"wp","href":"https:\/\/api.w.org\/{rel}","templated":true}]}}