{"id":4050,"date":"2019-03-13T09:57:48","date_gmt":"2019-03-13T09:57:48","guid":{"rendered":"https:\/\/setup.ismartgate.com\/?page_id=4050"},"modified":"2024-05-21T10:01:34","modified_gmt":"2024-05-21T10:01:34","slug":"unboxing-wireless-sensor-garage","status":"publish","type":"page","link":"https:\/\/setup.ismartgate.com\/da\/eksempel-pa-side\/udpakning-af-tradlos-sensorgarage\/","title":{"rendered":"Udpakning - tr\u00e5dl\u00f8s sensor (garage)"},"content":{"rendered":"<p><div class=\"fusion-fullwidth fullwidth-box fusion-builder-row-1 nonhundred-percent-fullwidth non-hundred-percent-height-scrolling\" style=\"background-color: rgba(255,255,255,0);background-position: center center;background-repeat: no-repeat;padding-top:0px;padding-right:0px;padding-bottom:0px;padding-left:0px;margin-bottom: 0px;margin-top: 0px;border-width: 0px 0px 0px 0px;border-color:#eae9e9;border-style:solid;\" ><div class=\"fusion-builder-row fusion-row\"><div class=\"fusion-layout-column fusion_builder_column fusion-builder-column-0 fusion_builder_column_1_1 1_1 fusion-one-full fusion-column-first fusion-column-last\" style=\"margin-top:0px;margin-bottom:20px;\"><div class=\"fusion-column-wrapper fusion-flex-column-wrapper-legacy\" style=\"background-position:left top;background-repeat:no-repeat;-webkit-background-size:cover;-moz-background-size:cover;-o-background-size:cover;background-size:cover;padding: 0px 0px 0px 0px;\"><div class=\"fusion-text fusion-text-1\"><h1 style=\"text-align: center;\"><span style=\"color: #009fe1;\">01. Udpakning<\/span><\/h1>\n<\/div><div class=\"fusion-text fusion-text-2\"><h2 style=\"text-align: center;\">Tr\u00e5dl\u00f8s sensor (garage)<\/h2>\n<\/div><div class=\"fusion-sep-clear\"><\/div><div class=\"fusion-separator fusion-full-width-sep\" style=\"margin-left: auto;margin-right: auto;margin-top:5px;margin-bottom:5px;width:100%;\"><\/div><div class=\"fusion-sep-clear\"><\/div><div class=\"fusion-clearfix\"><\/div><\/div><\/div><\/div><\/div><div class=\"fusion-fullwidth fullwidth-box fusion-builder-row-2 nonhundred-percent-fullwidth non-hundred-percent-height-scrolling\" style=\"background-color: rgba(255,255,255,0);background-position: center center;background-repeat: no-repeat;padding-top:0px;padding-right:0px;padding-bottom:0px;padding-left:0px;margin-bottom: 0px;margin-top: 0px;border-width: 0px 0px 0px 0px;border-color:#eae9e9;border-style:solid;\" ><div class=\"fusion-builder-row fusion-row\"><div class=\"fusion-layout-column fusion_builder_column fusion-builder-column-1 fusion_builder_column_1_4 1_4 fusion-one-fourth fusion-column-first\" style=\"width:25%;width:calc(25% - ( ( 4% + 4% + 4% ) * 0.25 ) );margin-right: 4%;margin-top:0px;margin-bottom:20px;\"><div class=\"fusion-column-wrapper fusion-flex-column-wrapper-legacy\" style=\"background-position:left top;background-repeat:no-repeat;-webkit-background-size:cover;-moz-background-size:cover;-o-background-size:cover;background-size:cover;padding: 10px 10px 10px 10px;\"><div class=\"imageframe-align-center\"><span class=\"fusion-imageframe imageframe-none imageframe-1 hover-type-none\" style=\"border-radius:5px;\"><img width=\"180\" height=\"180\" title=\"ismartgate_tilt_sensor\" src=\"https:\/\/setup.ismartgate.com\/wp-content\/uploads\/2018\/10\/Tilt_OK.png\" alt class=\"img-responsive wp-image-689\"\/><\/span><\/div><div class=\"fusion-text fusion-text-3\"><p style=\"text-align: center;\">Tr\u00e5dl\u00f8s sensor (garage)<\/p>\n<\/div><div class=\"fusion-clearfix\"><\/div><\/div><\/div><div class=\"fusion-layout-column fusion_builder_column fusion-builder-column-2 fusion_builder_column_1_4 1_4 fusion-one-fourth\" style=\"width:25%;width:calc(25% - ( ( 4% + 4% + 4% ) * 0.25 ) );margin-right: 4%;margin-top:0px;margin-bottom:20px;\"><div class=\"fusion-column-wrapper fusion-flex-column-wrapper-legacy\" style=\"background-position:left top;background-repeat:no-repeat;-webkit-background-size:cover;-moz-background-size:cover;-o-background-size:cover;background-size:cover;padding: 10px 10px 10px 10px;\"><div class=\"imageframe-align-center\"><span class=\"fusion-imageframe imageframe-none imageframe-2 hover-type-none\" style=\"border-radius:5px;\"><img width=\"180\" height=\"180\" title=\"Type N-batterier\" src=\"https:\/\/setup.ismartgate.com\/wp-content\/uploads\/2018\/10\/batteries.png\" alt class=\"img-responsive wp-image-51\"\/><\/span><\/div><div class=\"fusion-text fusion-text-4\"><p style=\"text-align: center;\">LR1\/Type-N 1,5 V batterier<\/p>\n<\/div><div class=\"fusion-clearfix\"><\/div><\/div><\/div><div class=\"fusion-layout-column fusion_builder_column fusion-builder-column-3 fusion_builder_column_1_4 1_4 fusion-one-fourth\" style=\"width:25%;width:calc(25% - ( ( 4% + 4% + 4% ) * 0.25 ) );margin-right: 4%;margin-top:0px;margin-bottom:20px;\"><div class=\"fusion-column-wrapper fusion-flex-column-wrapper-legacy\" style=\"background-position:left top;background-repeat:no-repeat;-webkit-background-size:cover;-moz-background-size:cover;-o-background-size:cover;background-size:cover;padding: 10px 10px 10px 10px;\"><div class=\"imageframe-align-center\"><span class=\"fusion-imageframe imageframe-none imageframe-3 hover-type-none\" style=\"border-radius:5px;\"><img width=\"180\" height=\"180\" title=\"dobbelt_side_b\u00e5nd__1\" src=\"https:\/\/setup.ismartgate.com\/wp-content\/uploads\/2019\/03\/double_side_tape__1.png\" alt class=\"img-responsive wp-image-4066\"\/><\/span><\/div><div class=\"fusion-text fusion-text-5\"><p style=\"text-align: center;\">Dobbeltsidet tape<\/p>\n<\/div><div class=\"fusion-clearfix\"><\/div><\/div><\/div>\n<div class=\"fusion-layout-column fusion_builder_column fusion-builder-column-4 fusion_builder_column_1_4 1_4 fusion-one-fourth fusion-column-last\" style=\"width:25%;width:calc(25% - ( ( 4% + 4% + 4% ) * 0.25 ) );margin-top:0px;margin-bottom:20px;\"><div class=\"fusion-column-wrapper fusion-flex-column-wrapper-legacy\" style=\"background-position:left top;background-repeat:no-repeat;-webkit-background-size:cover;-moz-background-size:cover;-o-background-size:cover;background-size:cover;padding: 10px 10px 10px 10px;\"><div class=\"imageframe-align-center\"><span class=\"fusion-imageframe imageframe-none imageframe-4 hover-type-none\" style=\"border-radius:5px;\"><img width=\"180\" height=\"180\" title=\"ismartgate_hurtig_installation_vejledning\" src=\"https:\/\/setup.ismartgate.com\/wp-content\/uploads\/2018\/10\/qsg.png\" alt class=\"img-responsive wp-image-55\"\/><\/span><\/div><div class=\"fusion-text fusion-text-6\"><p style=\"text-align: center;\">Hurtig start-guide<\/p>\n<\/div><div class=\"fusion-clearfix\"><\/div><\/div><\/div><div class=\"fusion-layout-column fusion_builder_column fusion-builder-column-5 fusion_builder_column_1_1 1_1 fusion-one-full fusion-column-first fusion-column-last\" style=\"margin-top:0px;margin-bottom:20px;\"><div class=\"fusion-column-wrapper fusion-flex-column-wrapper-legacy\" style=\"background-position:left top;background-repeat:no-repeat;-webkit-background-size:cover;-moz-background-size:cover;-o-background-size:cover;background-size:cover;padding: 0px 0px 0px 0px;\"><div class=\"fusion-builder-row fusion-builder-row-inner fusion-row\"><div class=\"fusion-layout-column fusion_builder_column_inner fusion-builder-nested-column-0 fusion_builder_column_inner_1_1 1_1 fusion-one-full fusion-column-first fusion-column-last borde\" style=\"margin-top:0px;margin-bottom:20px;\"><div class=\"fusion-column-wrapper fusion-flex-column-wrapper-legacy\" style=\"background-position:left top;background-repeat:no-repeat;-webkit-background-size:cover;-moz-background-size:cover;-o-background-size:cover;background-size:cover;border-width: 2px 2px 2px 2px;border-color:#c4c4c4;border-style:solid;padding: 20px 20px 20px 20px;\"><div class=\"fusion-fa-align-center\"><i class=\"fb-icon-element-1 fb-icon-element fontawesome-icon fa-exclamation-circle fas circle-no\" style=\"font-size:30px;\"><\/i><\/div><style>i.fb-icon-element.fontawesome-icon.fb-icon-element-1{ color: #000000;}i.fb-icon-element.fontawesome-icon.fb-icon-element-1:hover { color: #000000;}<\/style><div class=\"fusion-text fusion-text-7\"><p><strong>Erkl\u00e6ring om \u00e6ndring<\/strong><br \/>\nRemsol Europe S.L. har ikke godkendt nogen \u00e6ndringer eller modifikationer af denne enhed fra brugerens side. Enhver \u00e6ndring eller modifikation kan annullere brugerens tilladelse til at betjene udstyret.<\/p>\n<p><strong>Erkl\u00e6ring om interferens (hvis den ikke er placeret i enheden)<\/strong><br \/>\nDenne enhed er i overensstemmelse med del 15 i FCC-reglerne. Driften er underlagt f\u00f8lgende to betingelser: (1) Denne enhed m\u00e5 ikke for\u00e5rsage interferens, og (2) denne enhed skal acceptere enhver interferens, herunder interferens, der kan for\u00e5rsage u\u00f8nsket drift af enheden.<\/p>\n<p><strong>Tr\u00e5dl\u00f8s meddelelse<\/strong><br \/>\nDenne enhed overholder FCC's gr\u00e6nser for str\u00e5lingseksponering, der er fastsat for et ukontrolleret milj\u00f8, og opfylder FCC's retningslinjer for radiofrekvenseksponering (RF). Denne sender m\u00e5 ikke placeres sammen med eller bruges sammen med andre antenner eller sendere.<\/p>\n<p><strong>Meddelelse om digital enhed i FCC klasse B<\/strong><br \/>\nDette udstyr er blevet testet og fundet i overensstemmelse med gr\u00e6nserne for en digital enhed i klasse B i henhold til del 15 i FCC-reglerne. Disse gr\u00e6nser er designet til at give rimelig beskyttelse mod skadelig interferens i en boliginstallation. Dette udstyr genererer, bruger og kan udstr\u00e5le radiofrekvensenergi, og hvis det ikke installeres og bruges i overensstemmelse med instruktionerne, kan det for\u00e5rsage skadelig interferens i radiokommunikation. Der er dog ingen garanti for, at der ikke vil forekomme interferens i en bestemt installation. Hvis dette udstyr for\u00e5rsager skadelig interferens i radio- eller tv-modtagelse, hvilket kan afg\u00f8res ved at slukke og t\u00e6nde for udstyret, opfordres brugeren til at fors\u00f8ge at afhj\u00e6lpe interferensen ved hj\u00e6lp af en eller flere af f\u00f8lgende foranstaltninger:<br \/>\n- Orienter eller flyt modtagerantennen.<br \/>\n- \u00d8g afstanden mellem udstyret og modtageren.<br \/>\n- Tilslut udstyret til en stikkontakt p\u00e5 et andet kredsl\u00f8b end det, som modtageren er tilsluttet.<br \/>\n- Kontakt forhandleren eller en erfaren radio\/tv-tekniker for at f\u00e5 hj\u00e6lp.<\/p>\n<\/div><div class=\"fusion-clearfix\"><\/div><\/div><\/div><\/div><div class=\"fusion-clearfix\"><\/div><\/div><\/div>\n<\/div><\/div><div class=\"fusion-fullwidth fullwidth-box fusion-builder-row-3 nonhundred-percent-fullwidth non-hundred-percent-height-scrolling\" style=\"background-color: rgba(255,255,255,0);background-position: center center;background-repeat: no-repeat;padding-top:0px;padding-right:0px;padding-bottom:0px;padding-left:0px;margin-bottom: 0px;margin-top: 0px;border-width: 0px 0px 0px 0px;border-color:#eae9e9;border-style:solid;\" ><div class=\"fusion-builder-row fusion-row\"><div class=\"fusion-layout-column fusion_builder_column fusion-builder-column-6 fusion_builder_column_1_4 1_4 fusion-one-fourth fusion-column-first fusion-no-small-visibility fusion-no-medium-visibility\" style=\"width:25%;width:calc(25% - ( ( 4% + 4% + 4% ) * 0.25 ) );margin-right: 4%;margin-top:0px;margin-bottom:20px;\"><div class=\"fusion-column-wrapper fusion-flex-column-wrapper-legacy\" style=\"background-position:left top;background-repeat:no-repeat;-webkit-background-size:cover;-moz-background-size:cover;-o-background-size:cover;background-size:cover;padding: 0px 0px 0px 0px;\"><div class=\"fusion-clearfix\"><\/div><\/div><\/div><div class=\"fusion-layout-column fusion_builder_column fusion-builder-column-7 fusion_builder_column_1_4 1_4 fusion-one-fourth\" style=\"width:25%;width:calc(25% - ( ( 4% + 4% + 4% ) * 0.25 ) );margin-right: 4%;margin-top:0px;margin-bottom:20px;\"><div class=\"fusion-column-wrapper fusion-flex-column-wrapper-legacy\" style=\"background-position:left top;background-repeat:no-repeat;-webkit-background-size:cover;-moz-background-size:cover;-o-background-size:cover;background-size:cover;padding: 0px 0px 0px 0px;\"><div class=\"fusion-alignright\"><style>.fusion-button.button-1 .fusion-button-text,.fusion-button.button-1 i{color:#009fe1;}.fusion-button.button-1{border-color:#009fe1;border-width:1px 1px 1px 1px;border-radius:2px 2px 2px 2px;background:#eeeeee;}.fusion-button.button-1:hover .fusion-button-text,.fusion-button.button-1:hover i,.fusion-button.button-1:focus .fusion-button-text,.fusion-button.button-1:focus i,.fusion-button.button-1:active .fusion-button-text,.fusion-button.button-1:active i{color:#03a9f4;}.fusion-button.button-1:hover,.fusion-button.button-1:active,.fusion-button.button-1:focus{border-color:#03a9f4;border-width:1px 1px 1px 1px;background:#dddddd;}<\/style><a class=\"fusion-button button-flat fusion-button-default-size button-custom button-1 fusion-button-default-span fusion-button-default-type\" target=\"_self\" onclick=\"window.history.back();\" href=\"https:\/\/setup.ismartgate.com\/da\/eksempel-pa-side\/\"><span class=\"fusion-button-text\">&lt; Tidligere<\/span><\/a><\/div><div class=\"fusion-clearfix\"><\/div><\/div><\/div><div class=\"fusion-layout-column fusion_builder_column fusion-builder-column-8 fusion_builder_column_1_4 1_4 fusion-one-fourth\" style=\"width:25%;width:calc(25% - ( ( 4% + 4% + 4% ) * 0.25 ) );margin-right: 4%;margin-top:0px;margin-bottom:20px;\"><div class=\"fusion-column-wrapper fusion-flex-column-wrapper-legacy\" style=\"background-position:left top;background-repeat:no-repeat;-webkit-background-size:cover;-moz-background-size:cover;-o-background-size:cover;background-size:cover;padding: 0px 0px 0px 0px;\"><div class=\"fusion-alignleft\"><style>.fusion-button.button-2 .fusion-button-text,.fusion-button.button-2 i{color:#009fe1;}.fusion-button.button-2{border-color:#009fe1;border-width:1px 1px 1px 1px;border-radius:2px 2px 2px 2px;background:#eeeeee;}.fusion-button.button-2:hover .fusion-button-text,.fusion-button.button-2:hover i,.fusion-button.button-2:focus .fusion-button-text,.fusion-button.button-2:focus i,.fusion-button.button-2:active .fusion-button-text,.fusion-button.button-2:active i{color:#03a9f4;}.fusion-button.button-2:hover,.fusion-button.button-2:active,.fusion-button.button-2:focus{border-color:#03a9f4;border-width:1px 1px 1px 1px;background:#dddddd;}<\/style><a class=\"fusion-button button-flat fusion-button-default-size button-custom button-2 fusion-button-default-span fusion-button-default-type\" target=\"_self\" href=\"\/da\/02-program\/programing-wireless-sensor-garage\/\"><span class=\"fusion-button-text\">N\u00e6ste &gt;<\/span><\/a><\/div><div class=\"fusion-clearfix\"><\/div><\/div><\/div><div class=\"fusion-layout-column fusion_builder_column fusion-builder-column-9 fusion_builder_column_1_4 1_4 fusion-one-fourth fusion-column-last fusion-no-small-visibility fusion-no-medium-visibility\" style=\"width:25%;width:calc(25% - ( ( 4% + 4% + 4% ) * 0.25 ) );margin-top:0px;margin-bottom:20px;\"><div class=\"fusion-column-wrapper fusion-flex-column-wrapper-legacy\" style=\"background-position:left top;background-repeat:no-repeat;-webkit-background-size:cover;-moz-background-size:cover;-o-background-size:cover;background-size:cover;padding: 0px 0px 0px 0px;\"><div class=\"fusion-clearfix\"><\/div><\/div><\/div><div class=\"fusion-layout-column fusion_builder_column fusion-builder-column-10 fusion_builder_column_1_1 1_1 fusion-one-full fusion-column-first fusion-column-last\" style=\"margin-top:0px;margin-bottom:20px;\"><div class=\"fusion-column-wrapper fusion-flex-column-wrapper-legacy\" style=\"background-position:left top;background-repeat:no-repeat;-webkit-background-size:cover;-moz-background-size:cover;-o-background-size:cover;background-size:cover;padding: 0px 0px 0px 0px;\"><script type=\"text\/javascript\">\njQuery(document).ready(function(){\n\tjQuery('.page-number-ism').hide();\n});\n<\/script><div class=\"fusion-clearfix\"><\/div><\/div><\/div><\/div><\/div>[fusion_builder_next_page]<\/p>","protected":false},"excerpt":{"rendered":"<p>[fusion_builder_next_page]<\/p>","protected":false},"author":2,"featured_media":0,"parent":2,"menu_order":0,"comment_status":"closed","ping_status":"closed","template":"","meta":[],"yst_prominent_words":[],"_links":{"self":[{"href":"https:\/\/setup.ismartgate.com\/da\/wp-json\/wp\/v2\/pages\/4050"}],"collection":[{"href":"https:\/\/setup.ismartgate.com\/da\/wp-json\/wp\/v2\/pages"}],"about":[{"href":"https:\/\/setup.ismartgate.com\/da\/wp-json\/wp\/v2\/types\/page"}],"author":[{"embeddable":true,"href":"https:\/\/setup.ismartgate.com\/da\/wp-json\/wp\/v2\/users\/2"}],"replies":[{"embeddable":true,"href":"https:\/\/setup.ismartgate.com\/da\/wp-json\/wp\/v2\/comments?post=4050"}],"version-history":[{"count":24,"href":"https:\/\/setup.ismartgate.com\/da\/wp-json\/wp\/v2\/pages\/4050\/revisions"}],"predecessor-version":[{"id":8051,"href":"https:\/\/setup.ismartgate.com\/da\/wp-json\/wp\/v2\/pages\/4050\/revisions\/8051"}],"up":[{"embeddable":true,"href":"https:\/\/setup.ismartgate.com\/da\/wp-json\/wp\/v2\/pages\/2"}],"wp:attachment":[{"href":"https:\/\/setup.ismartgate.com\/da\/wp-json\/wp\/v2\/media?parent=4050"}],"wp:term":[{"taxonomy":"yst_prominent_words","embeddable":true,"href":"https:\/\/setup.ismartgate.com\/da\/wp-json\/wp\/v2\/yst_prominent_words?post=4050"}],"curies":[{"name":"wp","href":"https:\/\/api.w.org\/{rel}","templated":true}]}}